{"id":68,"date":"2022-05-10T22:11:42","date_gmt":"2022-05-10T22:11:42","guid":{"rendered":"http:\/\/icematic.test\/?page_id=68"},"modified":"2022-10-27T11:27:18","modified_gmt":"2022-10-27T10:27:18","slug":"azienda","status":"publish","type":"page","link":"https:\/\/icematic.eu\/it\/azienda\/","title":{"rendered":"Azienda"},"content":{"rendered":"\n<div class=\"wp-block-cover alignfull is-light has-custom-content-position is-position-top-left\"><span aria-hidden=\"true\" class=\"wp-block-cover__background has-primary-background-color has-background-dim\"><\/span><img loading=\"lazy\" decoding=\"async\" width=\"1920\" height=\"1080\" class=\"wp-block-cover__image-background wp-image-1764\" alt=\"Azienda Icematic - Macchine per la produzione di ghiaccio in cubetti\" src=\"https:\/\/icematic.eu\/app\/uploads\/2022\/08\/testata-azienda.jpg\" data-object-fit=\"cover\" srcset=\"https:\/\/icematic.eu\/app\/uploads\/2022\/08\/testata-azienda.jpg 1920w, https:\/\/icematic.eu\/app\/uploads\/2022\/08\/testata-azienda-300x169.jpg 300w, https:\/\/icematic.eu\/app\/uploads\/2022\/08\/testata-azienda-1024x576.jpg 1024w, https:\/\/icematic.eu\/app\/uploads\/2022\/08\/testata-azienda-768x432.jpg 768w, https:\/\/icematic.eu\/app\/uploads\/2022\/08\/testata-azienda-1536x864.jpg 1536w, https:\/\/icematic.eu\/app\/uploads\/2022\/08\/testata-azienda-600x338.jpg 600w\" sizes=\"auto, (max-width: 1920px) 100vw, 1920px\" \/><div class=\"wp-block-cover__inner-container is-layout-flow wp-block-cover-is-layout-flow\">\n<div class=\"wp-block-columns alignwide is-layout-flex wp-container-core-columns-is-layout-28f84493 wp-block-columns-is-layout-flex\">\n<div class=\"wp-block-column is-layout-flow wp-block-column-is-layout-flow\" style=\"flex-basis:50%\">\n<h1 class=\"has-margin-top-m has-light-color has-text-color has-xxl-font-size wp-block-heading\" style=\"font-style:normal;font-weight:700\">Azienda<\/h1>\n<\/div>\n<\/div>\n<\/div><\/div>\n\n\n\n<section class=\"inherit-container-width wp-block-group alignwide has-margin-top-m has-margin-bottom-l is-layout-constrained wp-block-group-is-layout-constrained\">\n<div class=\"wp-block-columns alignwide has-margin-bottom-l is-layout-flex wp-container-core-columns-is-layout-28f84493 wp-block-columns-is-layout-flex\">\n<div class=\"wp-block-column is-layout-flow wp-block-column-is-layout-flow\">\n<h2 class=\"has-margin-bottom has-large-font-size wp-block-heading\" style=\"font-style:normal;font-weight:700\">Una lunga esperienza<\/h2>\n\n\n\n<p>La storia di Icematic inizia nel 1963. L\u2019azienda fin da subito dimostra grandi potenzialit\u00e0 di crescita e un\u2019ottima capacit\u00e0 di rispondere in maniera attenta e proattiva alle richieste del mercato.<\/p>\n\n\n\n<p>Per questo, nel 1985, un grande gruppo internazionale decide di investire su Icematic, concentrando qui la produzione dei fabbricatori di ghiaccio modulari, affidandoci nel contempo lo sviluppo di grandi progetti innovativi dal punto di vista sia dello sviluppo, sia delle componenti tecnico-meccaniche.<\/p>\n\n\n\n<p>In questo periodo la nostra crescita e la nostra specializzazione continuano, fino a raggiungere la realizzazione di oltre 6000 macchine modulari annue, con una produzione basata prevalentemente su processi interni.<\/p>\n\n\n\n<p>Negli anni \u201990, intercettando una forte richiesta del mercato, iniziamo a costruire anche depositi per il ghiaccio, per integrare la nostra produzione e per distinguere la nostra offerta rispetto ai competitor.<\/p>\n<\/div>\n\n\n\n<div class=\"wp-block-column is-layout-flow wp-block-column-is-layout-flow\">\n<figure class=\"wp-block-image aligncenter size-full has-border-radius-img\"><img loading=\"lazy\" decoding=\"async\" width=\"1000\" height=\"1000\" src=\"https:\/\/icematic.eu\/app\/uploads\/2022\/07\/company-icematic-1.jpg\" alt=\"Icematic - Processo di produzione di macchine professionali per il ghiaccio\" class=\"wp-image-814\" srcset=\"https:\/\/icematic.eu\/app\/uploads\/2022\/07\/company-icematic-1.jpg 1000w, https:\/\/icematic.eu\/app\/uploads\/2022\/07\/company-icematic-1-300x300.jpg 300w, https:\/\/icematic.eu\/app\/uploads\/2022\/07\/company-icematic-1-150x150.jpg 150w, https:\/\/icematic.eu\/app\/uploads\/2022\/07\/company-icematic-1-768x768.jpg 768w, https:\/\/icematic.eu\/app\/uploads\/2022\/07\/company-icematic-1-600x600.jpg 600w, https:\/\/icematic.eu\/app\/uploads\/2022\/07\/company-icematic-1-100x100.jpg 100w\" sizes=\"auto, (max-width: 1000px) 100vw, 1000px\" \/><\/figure>\n<\/div>\n<\/div>\n\n\n\n<div class=\"wp-block-columns alignwide column-reverse-until-desktop is-layout-flex wp-container-core-columns-is-layout-28f84493 wp-block-columns-is-layout-flex\">\n<div class=\"wp-block-column is-layout-flow wp-block-column-is-layout-flow\">\n<figure class=\"wp-block-image aligncenter size-full has-border-radius-img\"><img loading=\"lazy\" decoding=\"async\" width=\"1000\" height=\"1000\" src=\"https:\/\/icematic.eu\/app\/uploads\/2022\/07\/company-icematic-2.jpg\" alt=\"Icematic - Processo di produzione di macchine professionali per il ghiaccio\" class=\"wp-image-815\" srcset=\"https:\/\/icematic.eu\/app\/uploads\/2022\/07\/company-icematic-2.jpg 1000w, https:\/\/icematic.eu\/app\/uploads\/2022\/07\/company-icematic-2-300x300.jpg 300w, https:\/\/icematic.eu\/app\/uploads\/2022\/07\/company-icematic-2-150x150.jpg 150w, https:\/\/icematic.eu\/app\/uploads\/2022\/07\/company-icematic-2-768x768.jpg 768w, https:\/\/icematic.eu\/app\/uploads\/2022\/07\/company-icematic-2-600x600.jpg 600w, https:\/\/icematic.eu\/app\/uploads\/2022\/07\/company-icematic-2-100x100.jpg 100w\" sizes=\"auto, (max-width: 1000px) 100vw, 1000px\" \/><\/figure>\n<\/div>\n\n\n\n<div class=\"wp-block-column is-layout-flow wp-block-column-is-layout-flow\">\n<h2 class=\"has-margin-bottom has-large-font-size wp-block-heading\" style=\"font-style:normal;font-weight:700\">Nuove opportunit\u00e0<\/h2>\n\n\n\n<p class=\"has-margin-bottom-m\">Nel 2013 Icematic entra a far parte del grande gruppo industriale Ali Group, un\u2019opportunit\u00e0 importante per maturare una maggiore indipendenza produttiva e, soprattutto, per ampliare la gamma prodotti e investire sull\u2019innovazione tecnologica. Gi\u00e0 dal 2014, infatti, era iniziata la produzione di macchine per il ghiaccio a spruzzo, con un eccellente posizionamento qualit\u00e0\/prezzo e la relativa conquista di significative quote di mercato.<\/p>\n\n\n\n<h2 class=\"has-margin-bottom has-large-font-size wp-block-heading\" style=\"font-style:normal;font-weight:700\">Innovazione continua<\/h2>\n\n\n\n<p>La vera svolta in termini di innovazione arriva nel 2022, quando lanciamo la nostra app \u201cMy Ice\u201d per la gestione da remoto delle macchine. Grazie a questa tecnologia esclusiva, possiamo garantire ai nostri clienti una produzione di ghiaccio assolutamente personalizzata, basata sulle specifiche esigenze di ogni realt\u00e0, con un significativo miglioramento della qualit\u00e0 del ghiaccio ed un notevole risparmio energetico.<\/p>\n<\/div>\n<\/div>\n<\/section>\n\n\n\n<section class=\"inherit-container-width wp-block-group alignfull has-margin-bottom-l has-light-color has-primary-background-color has-text-color has-background is-layout-constrained wp-block-group-is-layout-constrained\">\n<div class=\"wp-block-columns alignwide is-layout-flex wp-container-core-columns-is-layout-28f84493 wp-block-columns-is-layout-flex\">\n<div class=\"wp-block-column is-layout-flow wp-block-column-is-layout-flow\">\n<h2 class=\"has-light-color has-text-color has-xl-font-size wp-block-heading\">IL SISTEMA PRODUTTIVO<\/h2>\n\n\n\n<h3 class=\"has-margin-bottom has-light-color has-text-color has-large-font-size wp-block-heading\" style=\"font-style:normal;font-weight:700\">Creiamo qualit\u00e0 con le nostre mani<\/h3>\n\n\n\n<p class=\"has-margin-bottom-m has-light-color has-text-color\">Siamo fieri di poter assicurare la qualit\u00e0 e la sicurezza dei nostri prodotti, perch\u00e9 seguiamo la loro realizzazione passo dopo passo. Dalla lavorazione delle lastre d\u2019acciaio per la scocca, alla costruzione degli evaporatori, fino all\u2019assemblaggio finale, l\u2019intero flusso di lavoro \u00e8 realizzato internamente all\u2019azienda. In questo modo, tracciamo ogni passaggio e siamo certi della qualit\u00e0 e dell\u2019efficienza di ogni componente, per offrire macchine professionali per il ghiaccio sicure, efficienti e durevoli nel tempo.<\/p>\n\n\n\n<h3 class=\"has-margin-bottom has-light-color has-text-color has-large-font-size wp-block-heading\" style=\"font-style:normal;font-weight:700\">Principi di ecodesign per il benessere del pianeta<\/h3>\n\n\n\n<p class=\"has-light-color has-text-color\">Prestiamo molta attenzione al nostro impatto sull\u2019ambiente e cerchiamo ogni giorno di ridurre il peso che la nostra produzione e i nostri prodotti creano. Per questo, quando progettiamo, ci ispiriamo ai canoni dell\u2019ecodesign, che prevede l\u2019abbattimento dei consumi sia nella fase produttiva sia nei prodotti stessi. Le nostre macchine per il ghiaccio hanno dei valori di consumo energetico sempre pi\u00f9 bassi; l\u2019inserimento di tecnologie innovative permette di pianificare l\u2019attivit\u00e0 della macchina, consentendo di ridurre sensibilmente il fabbisogno energetico. Inoltre, i trattamenti di nichelatura che eseguiamo in alcune componenti dei macchinari hanno un ridotto rischio di rilascio di metalli nell\u2019acqua, fino a 10 volte in meno rispetto a trattamenti abitualmente utilizzati.<\/p>\n<\/div>\n\n\n\n<div class=\"wp-block-column is-layout-flow wp-block-column-is-layout-flow\">\n<figure class=\"wp-block-image aligncenter size-full has-border-radius-img\"><img loading=\"lazy\" decoding=\"async\" width=\"1000\" height=\"1500\" src=\"https:\/\/icematic.eu\/app\/uploads\/2022\/07\/azienda-company-icematic-3.jpg\" alt=\"Icematic - Processo di produzione di macchine professionali per il ghiaccio\" class=\"wp-image-816\" srcset=\"https:\/\/icematic.eu\/app\/uploads\/2022\/07\/azienda-company-icematic-3.jpg 1000w, https:\/\/icematic.eu\/app\/uploads\/2022\/07\/azienda-company-icematic-3-200x300.jpg 200w, https:\/\/icematic.eu\/app\/uploads\/2022\/07\/azienda-company-icematic-3-683x1024.jpg 683w, https:\/\/icematic.eu\/app\/uploads\/2022\/07\/azienda-company-icematic-3-768x1152.jpg 768w, https:\/\/icematic.eu\/app\/uploads\/2022\/07\/azienda-company-icematic-3-600x900.jpg 600w\" sizes=\"auto, (max-width: 1000px) 100vw, 1000px\" \/><\/figure>\n<\/div>\n<\/div>\n<\/section>\n\n\n\n<div class=\"inherit-container-width wp-block-group alignwide has-margin-bottom-l is-layout-constrained wp-block-group-is-layout-constrained\">\n<div class=\"wp-block-columns alignwide has-margin-bottom-l is-layout-flex wp-container-core-columns-is-layout-28f84493 wp-block-columns-is-layout-flex\">\n<div class=\"wp-block-column is-layout-flow wp-block-column-is-layout-flow\">\n<h2 class=\"has-xl-font-size wp-block-heading\" style=\"text-transform:uppercase\">Perch\u00e9<br>scegliere<br>Icematic<\/h2>\n<\/div>\n<\/div>\n\n\n\n<div class=\"wp-block-columns alignwide has-margin-bottom-m is-layout-flex wp-container-core-columns-is-layout-28f84493 wp-block-columns-is-layout-flex\">\n<div class=\"wp-block-column alignwide is-layout-flow wp-block-column-is-layout-flow\">\n<h3 class=\"has-margin-bottom has-large-font-size wp-block-heading\" style=\"font-style:normal;font-weight:700\">Affidabilit\u00e0 che viene dall\u2019esperienza<\/h3>\n\n\n\n<p>Icematic lavora nel campo della produzione di macchine per il ghiaccio professionali dal 1963, un lungo percorso che ci ha permesso di affinare la nostra tecnica produttiva, sperimentare tecnologie innovative e rivoluzionarie, costruire macchinari ogni giorno pi\u00f9 performanti, sicuri e affidabili, anche nel lungo periodo.<\/p>\n<\/div>\n\n\n\n<div class=\"wp-block-column is-layout-flow wp-block-column-is-layout-flow\">\n<h3 class=\"has-margin-bottom has-large-font-size wp-block-heading\" style=\"font-style:normal;font-weight:700\">Conoscenza approfondita per un approccio globale<\/h3>\n\n\n\n<p>La nostra lunga attivit\u00e0 ci ha permesso di sviluppare una conoscenza approfondita di tutto il \u201csistema ghiaccio\u201d, permettendoci di rinnovarlo con tecnologie esclusive brevettate. L\u2019idea di unificare le nostre macchine dal punto di vista tecnico e gestionale ci ha permesso applicare piccole e grandi rivoluzioni che migliorano la vita dei clienti che utilizzano i nostri prodotti.<\/p>\n<\/div>\n<\/div>\n\n\n\n<div class=\"wp-block-columns alignwide has-margin-bottom-m is-layout-flex wp-container-core-columns-is-layout-28f84493 wp-block-columns-is-layout-flex\">\n<div class=\"wp-block-column alignwide is-layout-flow wp-block-column-is-layout-flow\">\n<h3 class=\"has-margin-bottom has-large-font-size wp-block-heading\" style=\"font-style:normal;font-weight:700\">Evoluzione tecnologia per migliorare le performance<\/h3>\n\n\n\n<p>Lo sviluppo di una App per il controllo delle macchine per il ghiaccio anche da remoto ha contribuito a fare un vero passo in avanti nelle performance dei nostri prodotti e nella praticit\u00e0 d\u2019uso. Pianificazione temporale della produzione del ghiaccio, gestione asincrona dei cicli di sanificazione e molte altre piccole rivoluzioni per una produzione di ghiaccio ottimale, personalizzata sulle esigenze di ogni cliente.<\/p>\n<\/div>\n\n\n\n<div class=\"wp-block-column is-layout-flow wp-block-column-is-layout-flow\">\n<h3 class=\"has-margin-bottom has-large-font-size wp-block-heading\" style=\"font-style:normal;font-weight:700\">Supporto e ascolto per la soddisfazione del cliente<\/h3>\n\n\n\n<p>Il nostro team commerciale e il reparto di ricerca e sviluppo lavorano sulle richieste e sulle necessit\u00e0 dei clienti, con l\u2019obiettivo di anticiparne i bisogni e di fornire sempre risposte concrete. Tutta la nostra attivit\u00e0 \u00e8 basata sull\u2019ascolto del cliente e su una rete strutturata che assicura un\u2019assistenza risolutiva e tempestiva in caso di necessit\u00e0 ed un supporto continuo, anche da remoto, per la programmazione e la personalizzazione delle funzioni dei macchinari.<\/p>\n<\/div>\n<\/div>\n\n\n\n<div class=\"wp-block-columns alignwide has-margin-bottom-l is-layout-flex wp-container-core-columns-is-layout-28f84493 wp-block-columns-is-layout-flex\">\n<div class=\"wp-block-column alignwide is-layout-flow wp-block-column-is-layout-flow\">\n<h3 class=\"has-margin-bottom has-large-font-size wp-block-heading\" style=\"font-style:normal;font-weight:700\">Vocazione green per il rispetto dell\u2019ambiente<\/h3>\n\n\n\n<p>Lo sviluppo tecnologico che ci contraddistingue mira al miglioramento continuo e alla produzione di macchinari con performance eccellenti e un basso impatto a livello di consumo energetico. La gestione dell\u2019acqua e della produzione di ghiaccio consente di ridurre drasticamente le eventuali presenze di metalli, per un prodotto pi\u00f9 pulito e sostenibile. Nella nostra attivit\u00e0 ci impegniamo a ridurre costantemente il nostro impatto sull\u2019ambiente. Per questo, nella nostra nuova sede abbiamo previsto l\u2019inserimento di strutture per l\u2019autoproduzione di energia sostenibile e abbiamo studiato un sistema per il recupero delle energie in circolo e per la riduzione dei consumi.<\/p>\n<\/div>\n\n\n\n<div class=\"wp-block-column is-layout-flow wp-block-column-is-layout-flow\">\n<h3 class=\"has-margin-bottom has-large-font-size wp-block-heading\" style=\"font-style:normal;font-weight:700\">Assistenza ramificata con una squadra professionale<\/h3>\n\n\n\n<p>La nostra ampia rete di rivenditori \u00e8 sempre a disposizione dei clienti finali, per interventi di assistenza rapidi ed efficaci. La tecnologia da remoto gestita tramite App ci permette di fare diagnosi a distanza e consente al rivenditore di intervenire sia da remoto, sia personalmente, ma gi\u00e0 con la piena consapevolezza di ci\u00f2 di cui ha bisogno. La collaborazione con i nostri rivenditori per noi \u00e8 un punto chiave per offrire prodotti e servizi affidabili ai clienti finali; \u00e8 un modo per crescere insieme e per instaurare una relazione duratura e proficua.<\/p>\n<\/div>\n<\/div>\n\n\n\n<figure class=\"wp-block-image aligncenter size-full alignwide has-border-radius-img\"><img loading=\"lazy\" decoding=\"async\" width=\"1920\" height=\"1080\" src=\"https:\/\/icematic.eu\/app\/uploads\/2022\/07\/company-icematic-4.jpg\" alt=\"Icematic - Ufficio progettazione di macchine per la produzione del ghiaccio\" class=\"wp-image-817\" srcset=\"https:\/\/icematic.eu\/app\/uploads\/2022\/07\/company-icematic-4.jpg 1920w, https:\/\/icematic.eu\/app\/uploads\/2022\/07\/company-icematic-4-300x169.jpg 300w, https:\/\/icematic.eu\/app\/uploads\/2022\/07\/company-icematic-4-1024x576.jpg 1024w, https:\/\/icematic.eu\/app\/uploads\/2022\/07\/company-icematic-4-768x432.jpg 768w, https:\/\/icematic.eu\/app\/uploads\/2022\/07\/company-icematic-4-1536x864.jpg 1536w, https:\/\/icematic.eu\/app\/uploads\/2022\/07\/company-icematic-4-600x338.jpg 600w\" sizes=\"auto, (max-width: 1920px) 100vw, 1920px\" \/><\/figure>\n<\/div>\n\n\n\n<section class=\"inherit-container-width wp-block-group alignfull has-margin-bottom-l has-grey-background-color has-background is-layout-constrained wp-block-group-is-layout-constrained\">\n<div class=\"wp-block-columns are-vertically-aligned-center alignwide is-layout-flex wp-container-core-columns-is-layout-28f84493 wp-block-columns-is-layout-flex\">\n<div class=\"wp-block-column is-vertically-aligned-center alignwide is-layout-flow wp-block-column-is-layout-flow\">\n<h2 class=\"has-xl-font-size wp-block-heading\">ICEMATIC<br>NEL MONDO<\/h2>\n\n\n\n<p>In un mercato statico ci affermiamo come innovatori, cercando ogni giorno di fare la differenza sia in termini di evoluzione tecnologica dei nostri prodotti, sia come rapporto con il cliente. Il nostro reparto commerciale composto da 4 commerciali che coprono le diverse aeree di export in tutto il mondo e da un brand manager, risponde ogni giorno alle richieste dei clienti in modo proattivo e collaborativo.<\/p>\n<\/div>\n\n\n\n<div class=\"wp-block-column is-vertically-aligned-center is-layout-flow wp-block-column-is-layout-flow\">\n<div class=\"wp-block-columns are-vertically-aligned-top has-margin-bottom-m is-layout-flex wp-container-core-columns-is-layout-28f84493 wp-block-columns-is-layout-flex\">\n<div class=\"wp-block-column is-vertically-aligned-top is-layout-flow wp-block-column-is-layout-flow\">\n<p class=\"remove-margin-bottom has-xl-font-size\">100<\/p>\n\n\n\n<p class=\"has-font-weight-medium\">DIPENDENTI<\/p>\n<\/div>\n\n\n\n<div class=\"wp-block-column is-vertically-aligned-top is-layout-flow wp-block-column-is-layout-flow\">\n<p class=\"remove-margin-bottom has-xl-font-size\">120<\/p>\n\n\n\n<p class=\"has-font-weight-medium\">PAESI IN CUI<br>ESPORTIAMO<\/p>\n<\/div>\n<\/div>\n\n\n\n<div class=\"wp-block-columns is-layout-flex wp-container-core-columns-is-layout-28f84493 wp-block-columns-is-layout-flex\">\n<div class=\"wp-block-column is-layout-flow wp-block-column-is-layout-flow\">\n<p class=\"remove-margin-bottom has-xl-font-size\">17500<\/p>\n\n\n\n<p class=\"has-font-weight-medium\">MACCHINE\/ANNUE<\/p>\n<\/div>\n\n\n\n<div class=\"wp-block-column is-layout-flow wp-block-column-is-layout-flow\">\n<p class=\"remove-margin-bottom has-xl-font-size\">22000<\/p>\n\n\n\n<p class=\"has-font-weight-medium\">MQ DI PRODUZIONE<br>CAPACIT\u00c0 PRODUTTIVA<\/p>\n<\/div>\n<\/div>\n<\/div>\n<\/div>\n<\/section>\n","protected":false},"excerpt":{"rendered":"<p>Una lunga esperienza La storia di Icematic inizia nel 1963. L\u2019azienda fin da subito dimostra grandi potenzialit\u00e0 di crescita e un\u2019ottima capacit\u00e0 di rispondere in [&hellip;]<\/p>\n","protected":false},"author":6,"featured_media":0,"parent":0,"menu_order":0,"comment_status":"closed","ping_status":"closed","template":"","meta":{"_acf_changed":false,"inline_featured_image":false,"site-sidebar-layout":"default","site-content-layout":"","ast-site-content-layout":"default","site-content-style":"default","site-sidebar-style":"default","ast-global-header-display":"","ast-banner-title-visibility":"","ast-main-header-display":"","ast-hfb-above-header-display":"","ast-hfb-below-header-display":"","ast-hfb-mobile-header-display":"","site-post-title":"disabled","ast-breadcrumbs-content":"","ast-featured-img":"","footer-sml-layout":"","ast-disable-related-posts":"","theme-transparent-header-meta":"","adv-header-id-meta":"","stick-header-meta":"","header-above-stick-meta":"","header-main-stick-meta":"","header-below-stick-meta":"","astra-migrate-meta-layouts":"default","ast-page-background-enabled":"default","ast-page-background-meta":{"desktop":{"background-color":"var(--ast-global-color-4)","background-image":"","background-repeat":"repeat","background-position":"center center","background-size":"auto","background-attachment":"scroll","background-type":"","background-media":"","overlay-type":"","overlay-color":"","overlay-opacity":"","overlay-gradient":""},"tablet":{"background-color":"","background-image":"","background-repeat":"repeat","background-position":"center center","background-size":"auto","background-attachment":"scroll","background-type":"","background-media":"","overlay-type":"","overlay-color":"","overlay-opacity":"","overlay-gradient":""},"mobile":{"background-color":"","background-image":"","background-repeat":"repeat","background-position":"center center","background-size":"auto","background-attachment":"scroll","background-type":"","background-media":"","overlay-type":"","overlay-color":"","overlay-opacity":"","overlay-gradient":""}},"ast-content-background-meta":{"desktop":{"background-color":"var(--ast-global-color-5)","background-image":"","background-repeat":"repeat","background-position":"center center","background-size":"auto","background-attachment":"scroll","background-type":"","background-media":"","overlay-type":"","overlay-color":"","overlay-opacity":"","overlay-gradient":""},"tablet":{"background-color":"var(--ast-global-color-5)","background-image":"","background-repeat":"repeat","background-position":"center center","background-size":"auto","background-attachment":"scroll","background-type":"","background-media":"","overlay-type":"","overlay-color":"","overlay-opacity":"","overlay-gradient":""},"mobile":{"background-color":"var(--ast-global-color-5)","background-image":"","background-repeat":"repeat","background-position":"center center","background-size":"auto","background-attachment":"scroll","background-type":"","background-media":"","overlay-type":"","overlay-color":"","overlay-opacity":"","overlay-gradient":""}},"footnotes":""},"class_list":["post-68","page","type-page","status-publish","hentry"],"acf":[],"_links":{"self":[{"href":"https:\/\/icematic.eu\/it\/wp-json\/wp\/v2\/pages\/68","targetHints":{"allow":["GET"]}}],"collection":[{"href":"https:\/\/icematic.eu\/it\/wp-json\/wp\/v2\/pages"}],"about":[{"href":"https:\/\/icematic.eu\/it\/wp-json\/wp\/v2\/types\/page"}],"author":[{"embeddable":true,"href":"https:\/\/icematic.eu\/it\/wp-json\/wp\/v2\/users\/6"}],"replies":[{"embeddable":true,"href":"https:\/\/icematic.eu\/it\/wp-json\/wp\/v2\/comments?post=68"}],"version-history":[{"count":2,"href":"https:\/\/icematic.eu\/it\/wp-json\/wp\/v2\/pages\/68\/revisions"}],"predecessor-version":[{"id":2599,"href":"https:\/\/icematic.eu\/it\/wp-json\/wp\/v2\/pages\/68\/revisions\/2599"}],"wp:attachment":[{"href":"https:\/\/icematic.eu\/it\/wp-json\/wp\/v2\/media?parent=68"}],"curies":[{"name":"wp","href":"https:\/\/api.w.org\/{rel}","templated":true}]}}