{"id":387,"date":"2022-05-27T00:17:30","date_gmt":"2022-05-27T00:17:30","guid":{"rendered":"http:\/\/icematic.test\/?page_id=387"},"modified":"2023-01-23T10:25:26","modified_gmt":"2023-01-23T09:25:26","slug":"berries","status":"publish","type":"page","link":"https:\/\/icematic.eu\/it\/prodotti\/berries\/","title":{"rendered":"Berries"},"content":{"rendered":"\n<div class=\"wp-block-cover alignfull remove-padding-bottom\"><span aria-hidden=\"true\" class=\"wp-block-cover__background has-background-dim-0 has-background-dim\"><\/span><img loading=\"lazy\" decoding=\"async\" width=\"1920\" height=\"1080\" class=\"wp-block-cover__image-background wp-image-823\" alt=\"Icematic Berries - Fabbricatori di ghiaccio professionali per ghiaccio granulare\" src=\"https:\/\/icematic.eu\/app\/uploads\/2022\/07\/icematic-industrial-icemakers-berries-icecube.jpg\" style=\"object-position:65% 53%\" data-object-fit=\"cover\" data-object-position=\"65% 53%\" srcset=\"https:\/\/icematic.eu\/app\/uploads\/2022\/07\/icematic-industrial-icemakers-berries-icecube.jpg 1920w, https:\/\/icematic.eu\/app\/uploads\/2022\/07\/icematic-industrial-icemakers-berries-icecube-300x169.jpg 300w, https:\/\/icematic.eu\/app\/uploads\/2022\/07\/icematic-industrial-icemakers-berries-icecube-1024x576.jpg 1024w, https:\/\/icematic.eu\/app\/uploads\/2022\/07\/icematic-industrial-icemakers-berries-icecube-768x432.jpg 768w, https:\/\/icematic.eu\/app\/uploads\/2022\/07\/icematic-industrial-icemakers-berries-icecube-1536x864.jpg 1536w, https:\/\/icematic.eu\/app\/uploads\/2022\/07\/icematic-industrial-icemakers-berries-icecube-600x338.jpg 600w\" sizes=\"auto, (max-width: 1920px) 100vw, 1920px\" \/><div class=\"wp-block-cover__inner-container is-layout-flow wp-block-cover-is-layout-flow\">\n<div class=\"wp-block-columns alignwide has-margin-top has-margin-bottom-l-until-desktop is-layout-flex wp-container-core-columns-is-layout-28f84493 wp-block-columns-is-layout-flex\">\n<div class=\"wp-block-column is-layout-flow wp-block-column-is-layout-flow\">\n<svg xmlns=\"http:\/\/www.w3.org\/2000\/svg\" width=\"200.521\" height=\"217.648\" viewBox=\"0 0 200.521 217.648\">\n\t<g id=\"Group_119\" data-name=\"Group 119\" style=\"mix-blend-mode: multiply;isolation: isolate\" class=\"category\">\n\t\t<path id=\"Path_68\" data-name=\"Path 68\" d=\"M8.448,16.9A49.187,49.187,0,0,0,57.634-32.291,49.186,49.186,0,0,0,8.448-81.471a49.186,49.186,0,0,0-49.186,49.18A49.187,49.187,0,0,0,8.448,16.9\" transform=\"translate(40.738 111.807)\" fill=\"#fff\"><\/path>\n\t\t<path id=\"Path_69\" data-name=\"Path 69\" d=\"M6.83,13.658A39.762,39.762,0,0,0,46.592-26.1,39.76,39.76,0,0,0,6.83-65.861,39.76,39.76,0,0,0-32.933-26.1,39.762,39.762,0,0,0,6.83,13.658\" transform=\"translate(51.779 203.989)\" fill=\"#fff\"><\/path>\n\t\t<path id=\"Path_70\" data-name=\"Path 70\" d=\"M6.83,13.658A39.762,39.762,0,0,0,46.592-26.1,39.76,39.76,0,0,0,6.83-65.861,39.76,39.76,0,0,0-32.933-26.1,39.762,39.762,0,0,0,6.83,13.658\" transform=\"translate(137.928 65.861)\" fill=\"#fff\"><\/path>\n\t\t<path id=\"Path_71\" data-name=\"Path 71\" d=\"M8.448,16.9A49.187,49.187,0,0,0,57.634-32.291,49.186,49.186,0,0,0,8.448-81.471a49.186,49.186,0,0,0-49.186,49.18A49.188,49.188,0,0,0,8.448,16.9\" transform=\"translate(142.887 170.414)\" fill=\"#fff\"><\/path>\n\t<\/g>\n<\/svg>\n\n\n\n<h1 class=\"has-margin-bottom has-light-color has-text-color has-xxl-font-size wp-block-heading\" style=\"font-style:normal;font-weight:700\">Berries<\/h1>\n\n\n\n<h2 class=\"has-margin-bottom has-light-color has-text-color has-medium-font-size wp-block-heading\" style=\"font-style:normal;font-weight:500\">MACCHINA PER<br>PRODUZIONE GHIACCIO<\/h2>\n\n\n\n<p class=\"has-font-weight-medium has-light-color has-text-color has-medium-font-size\">GHIACCIO GRANULARE<\/p>\n<\/div>\n\n\n\n<div class=\"wp-block-column is-vertically-aligned-bottom is-layout-flow wp-block-column-is-layout-flow\"><\/div>\n<\/div>\n\n\n\n<div class=\"wp-block-columns alignfull force is-layout-flex wp-container-core-columns-is-layout-28f84493 wp-block-columns-is-layout-flex\">\n<div class=\"wp-block-column is-layout-flow wp-block-column-is-layout-flow\"><\/div>\n\n\n\n<div class=\"wp-block-column is-layout-flow wp-block-column-is-layout-flow\">\n<section class=\"inherit-container-width wp-block-group section-grey-header has-grey-background-color has-background is-layout-constrained wp-block-group-is-layout-constrained\">\n<div class=\"wp-block-columns inner is-layout-flex wp-container-core-columns-is-layout-28f84493 wp-block-columns-is-layout-flex\">\n<div class=\"wp-block-column has-negative-margin-top is-layout-flow wp-block-column-is-layout-flow\" style=\"flex-basis:50%\">\n<figure class=\"wp-block-image aligncenter size-full\"><img loading=\"lazy\" decoding=\"async\" width=\"700\" height=\"700\" src=\"https:\/\/icematic.eu\/app\/uploads\/2022\/07\/app.png\" alt=\"App My Ice per i fabbricatori di ghiaccio professionali Berries di Icematic\" class=\"wp-image-1720\" srcset=\"https:\/\/icematic.eu\/app\/uploads\/2022\/07\/app.png 700w, https:\/\/icematic.eu\/app\/uploads\/2022\/07\/app-300x300.png 300w, https:\/\/icematic.eu\/app\/uploads\/2022\/07\/app-150x150.png 150w, https:\/\/icematic.eu\/app\/uploads\/2022\/07\/app-600x600.png 600w, https:\/\/icematic.eu\/app\/uploads\/2022\/07\/app-100x100.png 100w\" sizes=\"auto, (max-width: 700px) 100vw, 700px\" \/><\/figure>\n<\/div>\n\n\n\n<div class=\"wp-block-column is-layout-flow wp-block-column-is-layout-flow\" style=\"flex-basis:50%\">\n<p class=\"has-margin-bottom-s has-berries-color has-text-color has-regular-font-size\">Disponibile per Berries<\/p>\n\n\n\n<h2 class=\"has-text-align-left has-margin-bottom hide-until-desktop has-berries-color has-text-color has-large-font-size wp-block-heading\"><strong>APP MY ICE<\/strong><\/h2>\n\n\n\n<h2 class=\"has-text-align-left has-margin-bottom hide-from-desktop has-berries-color has-text-color has-large-font-size wp-block-heading\"><strong>APP<\/strong><br><strong>MY ICE<\/strong><\/h2>\n\n\n\n<div class=\"wp-block-buttons is-layout-flex wp-block-buttons-is-layout-flex\">\n<div class=\"wp-block-button\"><a class=\"wp-block-button__link\" href=\"\/app-my-ice\/\">Scopri la nostra App<\/a><\/div>\n<\/div>\n<\/div>\n<\/div>\n<\/section>\n<\/div>\n<\/div>\n<\/div><\/div>\n\n\n\n<section class=\"inherit-container-width wp-block-group alignfull has-margin-bottom-m has-primary-background-color has-background is-layout-constrained wp-block-group-is-layout-constrained\">\n<div class=\"wp-block-columns alignwide are-vertically-aligned-top is-layout-flex wp-container-core-columns-is-layout-28f84493 wp-block-columns-is-layout-flex\">\n<div class=\"wp-block-column is-vertically-aligned-top has-margin-bottom-m-until-desktop is-layout-flow wp-block-column-is-layout-flow\">\n<h2 class=\"berries has-border-bottom-l has-padding-bottom-xs has-margin-bottom has-light-color has-text-color has-medium-font-size wp-block-heading\" style=\"font-style:normal;font-weight:500\">IL GHIACCIO<\/h2>\n\n\n\n<p class=\"has-light-color has-text-color\">Il ghiaccio granulare \u00e8 una risorsa in moltissimi settori grazie ai suoi diversi utilizzi: dalla conservazione ed esposizione degli alimenti alla creazione di cocktails, dall\u2019uso nei centri benessere e nel mondo della cosmesi all\u2019ambito medicale e ospedaliero.<\/p>\n\n\n\n<p class=\"has-light-color has-text-color\">Questa tipologia di ghiaccio molto umido \u00e8 particolarmente apprezzata anche nel settore della panificazione.<\/p>\n\n\n\n<p class=\"has-light-color has-text-color\">Il ghiaccio granulare \u00e8 facile da manipolare, stoccare e pesare. La sua particolarit\u00e0 \u00e8 l\u2019alto contenuto d\u2019acqua residua che, a seconda del modello, pu\u00f2 variare da circa il 25% al 15%.<\/p>\n<\/div>\n\n\n\n<div class=\"wp-block-column is-vertically-aligned-top has-margin-bottom-m-until-desktop is-layout-flow wp-block-column-is-layout-flow\">\n<h2 class=\"berries has-border-bottom-l has-padding-bottom-xs has-margin-bottom has-light-color has-text-color has-medium-font-size wp-block-heading\" style=\"font-style:normal;font-weight:500\">LA MACCHINA<\/h2>\n\n\n\n<p class=\"has-light-color has-text-color\">Nuova gamma di fabbricatori di ghiaccio granulare con produzione fino a 1.000 Kg al giorno.<\/p>\n\n\n\n<p class=\"has-light-color has-text-color\">Il ghiaccio granulare \u00e8 creato da un evaporatore cilindrico verticale, dotato di una coclea, che raschia dalla superficie interna il ghiaccio e lo porta all\u2019uscita della macchina, dove trova il sistema rompighiaccio.<\/p>\n\n\n\n<p class=\"has-light-color has-text-color\">Il sistema garantisce ghiaccio uniforme con una minima quantit\u00e0 d\u2019acqua.<\/p>\n\n\n\n<p class=\"has-light-color has-text-color\">La gamma di fabbricatori di ghiaccio Berries include modelli con deposito incorporato e modelli che possono essere abbinati alla vasta scelta di depositi Icematic.<\/p>\n<\/div>\n\n\n\n<div class=\"wp-block-column is-vertically-aligned-top is-layout-flow wp-block-column-is-layout-flow\">\n<h2 class=\"berries has-border-bottom-l has-padding-bottom-xs has-margin-bottom has-light-color has-text-color has-medium-font-size wp-block-heading\" style=\"font-style:normal;font-weight:500\">LE CARATTERISTICHE<\/h2>\n\n\n\n<p class=\"has-margin-bottom-s has-light-color has-text-color\">\u2022 SCOCCA ACCIAIO INOX INOSSIDABILE<\/p>\n\n\n\n<p class=\"has-margin-bottom-s has-light-color has-text-color\">\u2022 INTERNO FACILMENTE ISPEZIONABILE<\/p>\n\n\n\n<p class=\"has-margin-bottom-s has-light-color has-text-color\">\u2022 TOUCH CAPACITIVO STAND-BY E RESET<\/p>\n\n\n\n<p class=\"has-margin-bottom-s has-light-color has-text-color\">\u2022 COMPATIBILIT\u00c0 CON DEPOSITI ICEMATIC<\/p>\n\n\n\n<p class=\"has-light-color has-text-color\">\u2022 ACCESSO INTERNO USB PER POTER VISIONARE LO STORICO DI TUTTI I PARAMETRI DI FUNZIONAMENTO<\/p>\n<\/div>\n<\/div>\n<\/section>\n","protected":false},"excerpt":{"rendered":"<p>IL GHIACCIO Il ghiaccio granulare \u00e8 una risorsa in moltissimi settori grazie ai suoi diversi utilizzi: dalla conservazione ed esposizione degli alimenti alla creazione di [&hellip;]<\/p>\n","protected":false},"author":6,"featured_media":0,"parent":70,"menu_order":0,"comment_status":"closed","ping_status":"closed","template":"page-templates\/product-category.php","meta":{"_acf_changed":false,"inline_featured_image":false,"site-sidebar-layout":"default","site-content-layout":"","ast-site-content-layout":"default","site-content-style":"default","site-sidebar-style":"default","ast-global-header-display":"","ast-banner-title-visibility":"","ast-main-header-display":"","ast-hfb-above-header-display":"","ast-hfb-below-header-display":"","ast-hfb-mobile-header-display":"","site-post-title":"disabled","ast-breadcrumbs-content":"","ast-featured-img":"","footer-sml-layout":"","ast-disable-related-posts":"","theme-transparent-header-meta":"","adv-header-id-meta":"","stick-header-meta":"","header-above-stick-meta":"","header-main-stick-meta":"","header-below-stick-meta":"","astra-migrate-meta-layouts":"default","ast-page-background-enabled":"default","ast-page-background-meta":{"desktop":{"background-color":"var(--ast-global-color-4)","background-image":"","background-repeat":"repeat","background-position":"center center","background-size":"auto","background-attachment":"scroll","background-type":"","background-media":"","overlay-type":"","overlay-color":"","overlay-opacity":"","overlay-gradient":""},"tablet":{"background-color":"","background-image":"","background-repeat":"repeat","background-position":"center center","background-size":"auto","background-attachment":"scroll","background-type":"","background-media":"","overlay-type":"","overlay-color":"","overlay-opacity":"","overlay-gradient":""},"mobile":{"background-color":"","background-image":"","background-repeat":"repeat","background-position":"center center","background-size":"auto","background-attachment":"scroll","background-type":"","background-media":"","overlay-type":"","overlay-color":"","overlay-opacity":"","overlay-gradient":""}},"ast-content-background-meta":{"desktop":{"background-color":"var(--ast-global-color-5)","background-image":"","background-repeat":"repeat","background-position":"center center","background-size":"auto","background-attachment":"scroll","background-type":"","background-media":"","overlay-type":"","overlay-color":"","overlay-opacity":"","overlay-gradient":""},"tablet":{"background-color":"var(--ast-global-color-5)","background-image":"","background-repeat":"repeat","background-position":"center center","background-size":"auto","background-attachment":"scroll","background-type":"","background-media":"","overlay-type":"","overlay-color":"","overlay-opacity":"","overlay-gradient":""},"mobile":{"background-color":"var(--ast-global-color-5)","background-image":"","background-repeat":"repeat","background-position":"center center","background-size":"auto","background-attachment":"scroll","background-type":"","background-media":"","overlay-type":"","overlay-color":"","overlay-opacity":"","overlay-gradient":""}},"footnotes":""},"class_list":["post-387","page","type-page","status-publish","hentry"],"acf":[],"_links":{"self":[{"href":"https:\/\/icematic.eu\/it\/wp-json\/wp\/v2\/pages\/387","targetHints":{"allow":["GET"]}}],"collection":[{"href":"https:\/\/icematic.eu\/it\/wp-json\/wp\/v2\/pages"}],"about":[{"href":"https:\/\/icematic.eu\/it\/wp-json\/wp\/v2\/types\/page"}],"author":[{"embeddable":true,"href":"https:\/\/icematic.eu\/it\/wp-json\/wp\/v2\/users\/6"}],"replies":[{"embeddable":true,"href":"https:\/\/icematic.eu\/it\/wp-json\/wp\/v2\/comments?post=387"}],"version-history":[{"count":4,"href":"https:\/\/icematic.eu\/it\/wp-json\/wp\/v2\/pages\/387\/revisions"}],"predecessor-version":[{"id":31108,"href":"https:\/\/icematic.eu\/it\/wp-json\/wp\/v2\/pages\/387\/revisions\/31108"}],"up":[{"embeddable":true,"href":"https:\/\/icematic.eu\/it\/wp-json\/wp\/v2\/pages\/70"}],"wp:attachment":[{"href":"https:\/\/icematic.eu\/it\/wp-json\/wp\/v2\/media?parent=387"}],"curies":[{"name":"wp","href":"https:\/\/api.w.org\/{rel}","templated":true}]}}