{"id":2702,"date":"2022-07-10T12:43:51","date_gmt":"2022-07-10T11:43:51","guid":{"rendered":"https:\/\/icematic.eu\/contacts\/"},"modified":"2025-04-28T16:39:56","modified_gmt":"2025-04-28T15:39:56","slug":"contacts","status":"publish","type":"page","link":"https:\/\/icematic.eu\/fr\/contacts\/","title":{"rendered":"Contacts"},"content":{"rendered":"\n<div class=\"wp-block-cover alignfull is-light has-custom-content-position is-position-top-left\"><span aria-hidden=\"true\" class=\"wp-block-cover__background has-primary-background-color has-background-dim-100 has-background-dim\"><\/span><img loading=\"lazy\" decoding=\"async\" width=\"1920\" height=\"1080\" class=\"wp-block-cover__image-background wp-image-1766\" alt=\"Contacts Icematic - Machine \u00e0 gla\u00e7on professionnel\" src=\"https:\/\/icematic.eu\/app\/uploads\/2022\/08\/testata-contatti.jpg\" data-object-fit=\"cover\" srcset=\"https:\/\/icematic.eu\/app\/uploads\/2022\/08\/testata-contatti.jpg 1920w, https:\/\/icematic.eu\/app\/uploads\/2022\/08\/testata-contatti-300x169.jpg 300w, https:\/\/icematic.eu\/app\/uploads\/2022\/08\/testata-contatti-1024x576.jpg 1024w, https:\/\/icematic.eu\/app\/uploads\/2022\/08\/testata-contatti-768x432.jpg 768w, https:\/\/icematic.eu\/app\/uploads\/2022\/08\/testata-contatti-1536x864.jpg 1536w, https:\/\/icematic.eu\/app\/uploads\/2022\/08\/testata-contatti-600x338.jpg 600w\" sizes=\"auto, (max-width: 1920px) 100vw, 1920px\" \/><div class=\"wp-block-cover__inner-container is-layout-flow wp-block-cover-is-layout-flow\">\n<div class=\"wp-block-columns alignwide is-layout-flex wp-container-core-columns-is-layout-28f84493 wp-block-columns-is-layout-flex\">\n<div class=\"wp-block-column is-layout-flow wp-block-column-is-layout-flow\" style=\"flex-basis:50%\">\n<h1 class=\"wp-block-heading has-margin-top-m has-light-color has-text-color has-xxl-font-size\" style=\"font-style:normal;font-weight:700\">Contacts<\/h1>\n<\/div>\n<\/div>\n<\/div><\/div>\n\n\n\n<section class=\"inherit-container-width wp-block-group alignwide has-margin-top-m has-margin-bottom-l is-layout-constrained wp-block-group-is-layout-constrained\">\n<div class=\"wp-block-columns has-margin-bottom-l is-layout-flex wp-container-core-columns-is-layout-28f84493 wp-block-columns-is-layout-flex\">\n<div class=\"wp-block-column is-layout-flow wp-block-column-is-layout-flow\" style=\"flex-basis:50%\">\n<h2 class=\"wp-block-heading has-xl-font-size\" style=\"font-style:normal;font-weight:700\">Demande d&#8217;information<\/h2>\n\n\n\n<p><strong>Nous vous demandons de remplir tous les champs du formulaire ci-dessous, afin de soumettre votre demande d&#8217;information \u00e0 la personne de contact et vous aider au mieux.<\/strong><\/p>\n<\/div>\n\n\n\n<div class=\"wp-block-column hide-until-desktop is-layout-flow wp-block-column-is-layout-flow\" style=\"flex-basis:50%\"><\/div>\n<\/div>\n\n\n\n<div class=\"wp-block-contact-form-7-contact-form-selector alignwide\">\n<div class=\"wpcf7 no-js\" id=\"wpcf7-f2781-o1\" lang=\"fr-FR\" dir=\"ltr\" data-wpcf7-id=\"2781\">\n<div class=\"screen-reader-response\"><p role=\"status\" aria-live=\"polite\" aria-atomic=\"true\"><\/p> <ul><\/ul><\/div>\n<form action=\"\/fr\/wp-json\/wp\/v2\/pages\/2702#wpcf7-f2781-o1\" method=\"post\" class=\"wpcf7-form init\" aria-label=\"Contact form\" novalidate=\"novalidate\" data-status=\"init\">\n<fieldset class=\"hidden-fields-container\"><input type=\"hidden\" name=\"_wpcf7\" value=\"2781\" \/><input type=\"hidden\" name=\"_wpcf7_version\" value=\"6.1.4\" \/><input type=\"hidden\" name=\"_wpcf7_locale\" value=\"fr_FR\" \/><input type=\"hidden\" name=\"_wpcf7_unit_tag\" value=\"wpcf7-f2781-o1\" \/><input type=\"hidden\" name=\"_wpcf7_container_post\" value=\"0\" \/><input type=\"hidden\" name=\"_wpcf7_posted_data_hash\" value=\"\" \/><input type=\"hidden\" name=\"_wpcf7cf_hidden_group_fields\" value=\"[]\" \/><input type=\"hidden\" name=\"_wpcf7cf_hidden_groups\" value=\"[]\" \/><input type=\"hidden\" name=\"_wpcf7cf_visible_groups\" value=\"[]\" \/><input type=\"hidden\" name=\"_wpcf7cf_repeaters\" value=\"[]\" \/><input type=\"hidden\" name=\"_wpcf7cf_steps\" value=\"{}\" \/><input type=\"hidden\" name=\"_wpcf7cf_options\" value=\"{&quot;form_id&quot;:2781,&quot;conditions&quot;:[{&quot;then_field&quot;:&quot;altro&quot;,&quot;and_rules&quot;:[{&quot;if_field&quot;:&quot;richiesta&quot;,&quot;operator&quot;:&quot;equals&quot;,&quot;if_value&quot;:&quot;Autre&quot;}]},{&quot;then_field&quot;:&quot;dati&quot;,&quot;and_rules&quot;:[{&quot;if_field&quot;:&quot;richiesta&quot;,&quot;operator&quot;:&quot;not empty&quot;,&quot;if_value&quot;:&quot;&quot;}]}],&quot;settings&quot;:{&quot;animation&quot;:&quot;yes&quot;,&quot;animation_intime&quot;:200,&quot;animation_outtime&quot;:200,&quot;conditions_ui&quot;:&quot;normal&quot;,&quot;notice_dismissed&quot;:false}}\" \/><input type=\"hidden\" name=\"_wpcf7_recaptcha_response\" value=\"\" \/>\n<\/fieldset>\n<div class=\"flex-row space-between has-margin-bottom-m\">\n\t<div class=\"col has-margin-bottom\">\n\t\t<p><strong>\u00c9crivez votre march\u00e9 cible*<\/strong>\n\t\t<\/p>\n\t\t<p><span class=\"wpcf7-form-control-wrap\" data-name=\"mercato\"><input size=\"40\" maxlength=\"400\" class=\"wpcf7-form-control wpcf7-text wpcf7-validates-as-required\" aria-required=\"true\" aria-invalid=\"false\" placeholder=\"e.g. France\" value=\"\" type=\"text\" name=\"mercato\" \/><\/span>\n\t\t<\/p>\n\t<\/div>\n\t<div class=\"col remove-margin-bottom\">\n\t\t<p><strong>De quoi avez-vous besoin?*<\/strong>\n\t\t<\/p>\n\t\t<p class=\"has-small-font-size has-margin-bottom-xs width-100\"><span class=\"wpcf7-form-control-wrap\" data-name=\"richiesta\"><span class=\"wpcf7-form-control wpcf7-checkbox wpcf7-validates-as-required flex-row space-between col-2\"><span class=\"wpcf7-list-item first\"><label><input type=\"checkbox\" name=\"richiesta[]\" value=\"Pi\u00e8ces d\u00e9tach\u00e9es\" \/><span class=\"wpcf7-list-item-label\">Pi\u00e8ces d\u00e9tach\u00e9es<\/span><\/label><\/span><span class=\"wpcf7-list-item\"><label><input type=\"checkbox\" name=\"richiesta[]\" value=\"Informations machines\" \/><span class=\"wpcf7-list-item-label\">Informations machines<\/span><\/label><\/span><span class=\"wpcf7-list-item\"><label><input type=\"checkbox\" name=\"richiesta[]\" value=\"Achat machines\" \/><span class=\"wpcf7-list-item-label\">Achat machines<\/span><\/label><\/span><span class=\"wpcf7-list-item last\"><label><input type=\"checkbox\" name=\"richiesta[]\" value=\"Autre\" \/><span class=\"wpcf7-list-item-label\">Autre<\/span><\/label><\/span><\/span><\/span>\n\t\t<\/p>\n\t\t<div data-id=\"altro\" data-orig_data_id=\"altro\" data-clear_on_hide class=\"\" data-class=\"wpcf7cf_group\">\n\t\t\t<p><span class=\"wpcf7-form-control-wrap\" data-name=\"specificare\"><input size=\"40\" maxlength=\"400\" class=\"wpcf7-form-control wpcf7-text wpcf7-validates-as-required\" aria-required=\"true\" aria-invalid=\"false\" placeholder=\"Sp\u00e9cifier*\" value=\"\" type=\"text\" name=\"specificare\" \/><\/span>\n\t\t\t<\/p>\n\t\t<\/div>\n\t<\/div>\n<\/div>\n<div data-id=\"dati\" data-orig_data_id=\"dati\" data-clear_on_hide class=\"\" data-class=\"wpcf7cf_group\">\n\t<div class=\"flex-row space-between\">\n\t\t<div class=\"col\">\n\t\t\t<p class=\"accessible-hidden\">Nom et pr\u00e9nom\n\t\t\t<\/p>\n\t\t\t<p><span class=\"wpcf7-form-control-wrap\" data-name=\"nome\"><input size=\"40\" maxlength=\"400\" class=\"wpcf7-form-control wpcf7-text wpcf7-validates-as-required\" aria-required=\"true\" aria-invalid=\"false\" placeholder=\"Nom et pr\u00e9nom*\" value=\"\" type=\"text\" name=\"nome\" \/><\/span>\n\t\t\t<\/p>\n\t\t<\/div>\n\t\t<div class=\"col\">\n\t\t\t<p class=\"accessible-hidden\">Entreprise\n\t\t\t<\/p>\n\t\t\t<p><span class=\"wpcf7-form-control-wrap\" data-name=\"azienda\"><input size=\"40\" maxlength=\"400\" class=\"wpcf7-form-control wpcf7-text wpcf7-validates-as-required\" aria-required=\"true\" aria-invalid=\"false\" placeholder=\"Entreprise*\" value=\"\" type=\"text\" name=\"azienda\" \/><\/span>\n\t\t\t<\/p>\n\t\t<\/div>\n\t<\/div>\n\t<div class=\"flex-row space-between\">\n\t\t<div class=\"col\">\n\t\t\t<p class=\"accessible-hidden\">Email\n\t\t\t<\/p>\n\t\t\t<p><span class=\"wpcf7-form-control-wrap\" data-name=\"contact-email\"><input size=\"40\" maxlength=\"400\" class=\"wpcf7-form-control wpcf7-email wpcf7-validates-as-required wpcf7-text wpcf7-validates-as-email\" aria-required=\"true\" aria-invalid=\"false\" placeholder=\"Email*\" value=\"\" type=\"email\" name=\"contact-email\" \/><\/span>\n\t\t\t<\/p>\n\t\t<\/div>\n\t\t<div class=\"col\">\n\t\t\t<p class=\"accessible-hidden\">T\u00e9l\u00e9phone\n\t\t\t<\/p>\n\t\t\t<p><span class=\"wpcf7-form-control-wrap\" data-name=\"telefono\"><input size=\"40\" maxlength=\"400\" class=\"wpcf7-form-control wpcf7-tel wpcf7-text wpcf7-validates-as-tel\" aria-invalid=\"false\" placeholder=\"T\u00e9l\u00e9phone\" value=\"\" type=\"tel\" name=\"telefono\" \/><\/span>\n\t\t\t<\/p>\n\t\t<\/div>\n\t<\/div>\n\t<div class=\"flex-row space-between\">\n\t\t<div class=\"col\">\n\t\t\t<p class=\"accessible-hidden\">Nation\n\t\t\t<\/p>\n\t\t\t<p><span class=\"wpcf7-form-control-wrap\" data-name=\"nazione\"><input size=\"40\" maxlength=\"400\" class=\"wpcf7-form-control wpcf7-text wpcf7-validates-as-required\" aria-required=\"true\" aria-invalid=\"false\" placeholder=\"Nation*\" value=\"\" type=\"text\" name=\"nazione\" \/><\/span>\n\t\t\t<\/p>\n\t\t<\/div>\n\t\t<div class=\"col\">\n\t\t\t<p class=\"accessible-hidden\">Province\n\t\t\t<\/p>\n\t\t\t<p><span class=\"wpcf7-form-control-wrap\" data-name=\"provincia\"><input size=\"40\" maxlength=\"400\" class=\"wpcf7-form-control wpcf7-text wpcf7-validates-as-required\" aria-required=\"true\" aria-invalid=\"false\" placeholder=\"Province*\" value=\"\" type=\"text\" name=\"provincia\" \/><\/span>\n\t\t\t<\/p>\n\t\t<\/div>\n\t<\/div>\n\t<div class=\"flex-row space-between\">\n\t\t<div class=\"col\">\n\t\t\t<p class=\"accessible-hidden\">Message\n\t\t\t<\/p>\n\t\t\t<p><span class=\"wpcf7-form-control-wrap\" data-name=\"messaggio\"><textarea cols=\"40\" rows=\"10\" maxlength=\"2000\" class=\"wpcf7-form-control wpcf7-textarea wpcf7-validates-as-required\" aria-required=\"true\" aria-invalid=\"false\" placeholder=\"Message*\" name=\"messaggio\"><\/textarea><\/span>\n\t\t\t<\/p>\n\t\t<\/div>\n\t\t<div class=\"col has-margin-top\">\n\t\t\t<p class=\"has-small-font-size\">Les champs marqu\u00e9s d'une * sont obligatoires\n\t\t\t<\/p>\n\t\t\t<p class=\"has-small-font-size has-margin-bottom-xs\"><span class=\"wpcf7-form-control-wrap\" data-name=\"contact-privacy\"><span class=\"wpcf7-form-control wpcf7-checkbox wpcf7-validates-as-required privacy\"><span class=\"wpcf7-list-item first last\"><label><input type=\"checkbox\" name=\"contact-privacy[]\" value=\"J\u2019ai lu et j\u2019accepte le traitement de mes donn\u00e9es personnelles.*\" \/><span class=\"wpcf7-list-item-label\">J\u2019ai lu et j\u2019accepte le traitement de mes donn\u00e9es personnelles.*<\/span><\/label><\/span><\/span><\/span>\n\t\t\t<\/p>\n\t\t\t<p class=\"has-xxs-font-size has-font-weight-regular has-margin-left-checkbox has-margin-bottom\">Apr\u00e8s avoir lu les informations ci-dessus, je demande \u00e0 \u00eatre inscrit au service de Newsletter de Icematic contenant des informations sur les produits ou services de cette derni\u00e8re, ainsi que des promotions ou d\u2019invitations \u00e0 des \u00e9v\u00e9nements auxquels elle participera.\n\t\t\t<\/p>\n\t\t\t<p><span class=\"has-margin-left-checkbox\"><input class=\"wpcf7-form-control wpcf7-submit has-spinner\" type=\"submit\" value=\"Envoyer une demande\" \/><span><br \/>\n<\/span><\/span>\n\t\t\t<\/p>\n\t\t<\/div>\n\t<\/div>\n<\/div><div class=\"wpcf7-response-output\" aria-hidden=\"true\"><\/div>\n<\/form>\n<\/div>\n<\/div>\n<\/section>\n\n\n\n<section class=\"inherit-container-width wp-block-group alignwide has-margin-bottom-l is-layout-constrained wp-block-group-is-layout-constrained\">\n<h2 class=\"wp-block-heading has-large-font-size\" style=\"font-style:normal;font-weight:700\">Bureaux et donn\u00e9es<\/h2>\n\n\n\n<div class=\"wp-block-columns is-layout-flex wp-container-core-columns-is-layout-28f84493 wp-block-columns-is-layout-flex\">\n<div class=\"wp-block-column is-layout-flow wp-block-column-is-layout-flow\">\n<p class=\"has-font-weight-regular\"><strong>Bureau commercial<\/strong><br>Tel. +39 0423 738452<br>E-mail: icematic@castelmac.it<\/p>\n<\/div>\n\n\n\n<div class=\"wp-block-column is-layout-flow wp-block-column-is-layout-flow\">\n<p class=\"has-font-weight-regular\"><strong>Assistance technique<\/strong><br>Tel. +39 0423 738490<br>E-mail: service@castelmac.it<\/p>\n\n\n\n<p class=\"has-font-weight-regular\"><\/p>\n<\/div>\n\n\n\n<div class=\"wp-block-column is-layout-flow wp-block-column-is-layout-flow\">\n<p class=\"has-font-weight-regular\"><strong>Donn\u00e9es d\u2019entreprise<\/strong><br>Castel MAC Srl<br>Via del Lavoro, 9<br>31033 Castelfranco Veneto (TV), Italy<br>Tel. +39 0423 738311 &#8211; Fax +39 0423 722811<br><a href=\"mailto:info@castelmac.it\" target=\"_blank\" rel=\"noreferrer noopener\">info@castelmac.it<\/a><\/p>\n\n\n\n<p class=\"has-font-weight-regular\">Cap. Soc. Euro 4.316.000 i.v. &#8211; Reg. Imp. TV 21833 &#8211; R.E.A. TV 175164<br>P.Iva 01866640269 &#8211; C.F. 07892570156<\/p>\n\n\n\n<p class=\"hidden\">Sous r\u00e9serve de la gestion et de la coordination par Ali Group Holding S.r.l.- C.F. 10123720962<\/p>\n<\/div>\n<\/div>\n<\/section>\n\n\n\n<section class=\"inherit-container-width wp-block-group alignwide has-margin-bottom-l is-layout-constrained wp-block-group-is-layout-constrained\">\n<div class=\"wp-block-columns is-layout-flex wp-container-core-columns-is-layout-28f84493 wp-block-columns-is-layout-flex\">\n<div class=\"wp-block-column is-layout-flow wp-block-column-is-layout-flow\" style=\"flex-basis:50%\">\n<h2 class=\"wp-block-heading has-large-font-size\" style=\"font-style:normal;font-weight:700\">Icematic est pr\u00e9sente actuellement 120 Pays dans le monde.<\/h2>\n<\/div>\n\n\n\n<div class=\"wp-block-column hide-until-desktop is-layout-flow wp-block-column-is-layout-flow\"><\/div>\n<\/div>\n\n\n\n<figure class=\"wp-block-image alignfull size-full\"><img loading=\"lazy\" decoding=\"async\" width=\"1920\" height=\"1361\" src=\"https:\/\/icematic.eu\/app\/uploads\/2022\/08\/icematic-map.png\" alt=\"Icematic est pr\u00e9sent dans 120 pays dans le monde - Machines \u00e0 gla\u00e7ons\" class=\"wp-image-1752\" srcset=\"https:\/\/icematic.eu\/app\/uploads\/2022\/08\/icematic-map.png 1920w, https:\/\/icematic.eu\/app\/uploads\/2022\/08\/icematic-map-300x213.png 300w, https:\/\/icematic.eu\/app\/uploads\/2022\/08\/icematic-map-1024x726.png 1024w, https:\/\/icematic.eu\/app\/uploads\/2022\/08\/icematic-map-768x544.png 768w, https:\/\/icematic.eu\/app\/uploads\/2022\/08\/icematic-map-1536x1089.png 1536w, https:\/\/icematic.eu\/app\/uploads\/2022\/08\/icematic-map-600x425.png 600w\" sizes=\"auto, (max-width: 1920px) 100vw, 1920px\" \/><\/figure>\n<\/section>\n","protected":false},"excerpt":{"rendered":"<p>Demande d&#8217;information Nous vous demandons de remplir tous les champs du formulaire ci-dessous, afin de soumettre votre demande d&#8217;information \u00e0 la personne de contact et [&hellip;]<\/p>\n","protected":false},"author":6,"featured_media":0,"parent":0,"menu_order":0,"comment_status":"closed","ping_status":"closed","template":"","meta":{"_acf_changed":false,"inline_featured_image":false,"site-sidebar-layout":"default","site-content-layout":"","ast-site-content-layout":"default","site-content-style":"default","site-sidebar-style":"default","ast-global-header-display":"","ast-banner-title-visibility":"","ast-main-header-display":"","ast-hfb-above-header-display":"","ast-hfb-below-header-display":"","ast-hfb-mobile-header-display":"","site-post-title":"disabled","ast-breadcrumbs-content":"","ast-featured-img":"","footer-sml-layout":"","ast-disable-related-posts":"","theme-transparent-header-meta":"","adv-header-id-meta":"","stick-header-meta":"","header-above-stick-meta":"","header-main-stick-meta":"","header-below-stick-meta":"","astra-migrate-meta-layouts":"set","ast-page-background-enabled":"default","ast-page-background-meta":{"desktop":{"background-color":"var(--ast-global-color-4)","background-image":"","background-repeat":"repeat","background-position":"center center","background-size":"auto","background-attachment":"scroll","background-type":"","background-media":"","overlay-type":"","overlay-color":"","overlay-opacity":"","overlay-gradient":""},"tablet":{"background-color":"","background-image":"","background-repeat":"repeat","background-position":"center center","background-size":"auto","background-attachment":"scroll","background-type":"","background-media":"","overlay-type":"","overlay-color":"","overlay-opacity":"","overlay-gradient":""},"mobile":{"background-color":"","background-image":"","background-repeat":"repeat","background-position":"center center","background-size":"auto","background-attachment":"scroll","background-type":"","background-media":"","overlay-type":"","overlay-color":"","overlay-opacity":"","overlay-gradient":""}},"ast-content-background-meta":{"desktop":{"background-color":"var(--ast-global-color-5)","background-image":"","background-repeat":"repeat","background-position":"center center","background-size":"auto","background-attachment":"scroll","background-type":"","background-media":"","overlay-type":"","overlay-color":"","overlay-opacity":"","overlay-gradient":""},"tablet":{"background-color":"var(--ast-global-color-5)","background-image":"","background-repeat":"repeat","background-position":"center center","background-size":"auto","background-attachment":"scroll","background-type":"","background-media":"","overlay-type":"","overlay-color":"","overlay-opacity":"","overlay-gradient":""},"mobile":{"background-color":"var(--ast-global-color-5)","background-image":"","background-repeat":"repeat","background-position":"center center","background-size":"auto","background-attachment":"scroll","background-type":"","background-media":"","overlay-type":"","overlay-color":"","overlay-opacity":"","overlay-gradient":""}},"footnotes":""},"class_list":["post-2702","page","type-page","status-publish","hentry"],"acf":[],"_links":{"self":[{"href":"https:\/\/icematic.eu\/fr\/wp-json\/wp\/v2\/pages\/2702","targetHints":{"allow":["GET"]}}],"collection":[{"href":"https:\/\/icematic.eu\/fr\/wp-json\/wp\/v2\/pages"}],"about":[{"href":"https:\/\/icematic.eu\/fr\/wp-json\/wp\/v2\/types\/page"}],"author":[{"embeddable":true,"href":"https:\/\/icematic.eu\/fr\/wp-json\/wp\/v2\/users\/6"}],"replies":[{"embeddable":true,"href":"https:\/\/icematic.eu\/fr\/wp-json\/wp\/v2\/comments?post=2702"}],"version-history":[{"count":12,"href":"https:\/\/icematic.eu\/fr\/wp-json\/wp\/v2\/pages\/2702\/revisions"}],"predecessor-version":[{"id":30652,"href":"https:\/\/icematic.eu\/fr\/wp-json\/wp\/v2\/pages\/2702\/revisions\/30652"}],"wp:attachment":[{"href":"https:\/\/icematic.eu\/fr\/wp-json\/wp\/v2\/media?parent=2702"}],"curies":[{"name":"wp","href":"https:\/\/api.w.org\/{rel}","templated":true}]}}