{"id":2698,"date":"2022-05-27T00:18:34","date_gmt":"2022-05-26T23:18:34","guid":{"rendered":"https:\/\/icematic.eu\/produits\/mango\/"},"modified":"2023-01-19T18:24:45","modified_gmt":"2023-01-19T17:24:45","slug":"mango","status":"publish","type":"page","link":"https:\/\/icematic.eu\/fr\/produits\/mango\/","title":{"rendered":"Mango"},"content":{"rendered":"\n<div class=\"wp-block-cover alignfull is-light remove-padding-bottom has-full-height\"><span aria-hidden=\"true\" class=\"wp-block-cover__background has-background-dim-0 has-background-dim\"><\/span><img loading=\"lazy\" decoding=\"async\" width=\"1920\" height=\"1080\" class=\"wp-block-cover__image-background wp-image-827\" alt=\"Icematic Mango - Bacs de stockage \u00e0 gla\u00e7ons\" src=\"https:\/\/icematic.eu\/app\/uploads\/2022\/07\/icematic-ice-storage-bins-mango-icecube.jpg\" style=\"object-position:65% 53%\" data-object-fit=\"cover\" data-object-position=\"65% 53%\" srcset=\"https:\/\/icematic.eu\/app\/uploads\/2022\/07\/icematic-ice-storage-bins-mango-icecube.jpg 1920w, https:\/\/icematic.eu\/app\/uploads\/2022\/07\/icematic-ice-storage-bins-mango-icecube-300x169.jpg 300w, https:\/\/icematic.eu\/app\/uploads\/2022\/07\/icematic-ice-storage-bins-mango-icecube-1024x576.jpg 1024w, https:\/\/icematic.eu\/app\/uploads\/2022\/07\/icematic-ice-storage-bins-mango-icecube-768x432.jpg 768w, https:\/\/icematic.eu\/app\/uploads\/2022\/07\/icematic-ice-storage-bins-mango-icecube-1536x864.jpg 1536w, https:\/\/icematic.eu\/app\/uploads\/2022\/07\/icematic-ice-storage-bins-mango-icecube-600x338.jpg 600w\" sizes=\"auto, (max-width: 1920px) 100vw, 1920px\" \/><div class=\"wp-block-cover__inner-container is-layout-flow wp-block-cover-is-layout-flow\">\n<div class=\"wp-block-columns alignwide has-margin-top has-margin-bottom-l is-layout-flex wp-container-core-columns-is-layout-28f84493 wp-block-columns-is-layout-flex\">\n<div class=\"wp-block-column is-layout-flow wp-block-column-is-layout-flow\">\n<svg xmlns=\"http:\/\/www.w3.org\/2000\/svg\" width=\"174.695\" height=\"239.56\" viewBox=\"0 0 174.695 239.56\" class=\"category\">\n\t<path id=\"Path_242\" data-name=\"Path 242\" d=\"M30.428,83.451c-48.165,0-87.348-53.734-87.348-119.779s39.182-119.78,87.348-119.78,87.348,53.734,87.348,119.78S78.592,83.451,30.428,83.451m0-223.229c-39.154,0-71.011,46.41-71.011,103.45S-8.727,67.12,30.428,67.12s71.009-46.41,71.009-103.448-31.855-103.45-71.009-103.45\" transform=\"translate(56.92 156.109)\" fill=\"#fff\"><\/path>\n<\/svg>\n\n\n\n<h1 class=\"has-margin-bottom has-light-color has-text-color has-xxl-font-size wp-block-heading\" style=\"font-style:normal;font-weight:700\">Mango<\/h1>\n\n\n\n<h2 class=\"has-margin-bottom has-light-color has-text-color has-medium-font-size wp-block-heading\" style=\"font-style:normal;font-weight:500\">BACS<\/h2>\n<\/div>\n\n\n\n<div class=\"wp-block-column is-vertically-aligned-bottom hide-until-desktop is-layout-flow wp-block-column-is-layout-flow\"><\/div>\n<\/div>\n<\/div><\/div>\n\n\n\n<section class=\"inherit-container-width wp-block-group alignfull has-margin-bottom-m has-primary-background-color has-background is-layout-constrained wp-block-group-is-layout-constrained\">\n<div class=\"wp-block-columns are-vertically-aligned-top content-wrap is-layout-flex wp-container-core-columns-is-layout-28f84493 wp-block-columns-is-layout-flex\">\n<div class=\"wp-block-column is-vertically-aligned-top has-margin-bottom-m-until-desktop is-layout-flow wp-block-column-is-layout-flow\">\n<h2 class=\"mango has-border-bottom-l has-padding-bottom-xs has-margin-bottom has-light-color has-text-color has-medium-font-size wp-block-heading\" style=\"font-style:normal;font-weight:500\">BACS DE STOCKAGE<\/h2>\n\n\n\n<p class=\"has-light-color has-text-color\">Les bacs de stockage Icematic sont compl\u00e8tement projet\u00e9s et produits dans notre usine et r\u00e9pondent \u00e0 toutes les exigences des utilisateurs.<\/p>\n\n\n\n<p class=\"has-light-color has-text-color\">La grande qualit\u00e9 des mat\u00e9riaux utilis\u00e9s garantit une conservation id\u00e9ale et prolong\u00e9e des grandes\/ moyennes productions de glace de toutes les formes.<\/p>\n\n\n\n<p class=\"has-light-color has-text-color\">L\u2019acier inox, le plastique press\u00e9 et trait\u00e9 avec le syst\u00e8me antibact\u00e9rien \u00e0 base de sels d\u2019argent, ainsi que la possibilit\u00e9 d\u2019installer la d\u00e9sinfection \u00e0 l\u2019ozone, rendent les bacs de stockage Icematic extr\u00eamement s\u00fbrs d\u2019un point de vue alimentaire et tr\u00e8s faciles \u00e0 nettoyer.<\/p>\n<\/div>\n<\/div>\n<\/section>\n","protected":false},"excerpt":{"rendered":"<p>BACS DE STOCKAGE Les bacs de stockage Icematic sont compl\u00e8tement projet\u00e9s et produits dans notre usine et r\u00e9pondent \u00e0 toutes les exigences des utilisateurs. La [&hellip;]<\/p>\n","protected":false},"author":6,"featured_media":0,"parent":2648,"menu_order":0,"comment_status":"closed","ping_status":"closed","template":"page-templates\/product-category.php","meta":{"_acf_changed":false,"inline_featured_image":false,"site-sidebar-layout":"default","site-content-layout":"","ast-site-content-layout":"default","site-content-style":"default","site-sidebar-style":"default","ast-global-header-display":"","ast-banner-title-visibility":"","ast-main-header-display":"","ast-hfb-above-header-display":"","ast-hfb-below-header-display":"","ast-hfb-mobile-header-display":"","site-post-title":"disabled","ast-breadcrumbs-content":"","ast-featured-img":"","footer-sml-layout":"","ast-disable-related-posts":"","theme-transparent-header-meta":"","adv-header-id-meta":"","stick-header-meta":"","header-above-stick-meta":"","header-main-stick-meta":"","header-below-stick-meta":"","astra-migrate-meta-layouts":"default","ast-page-background-enabled":"default","ast-page-background-meta":{"desktop":{"background-color":"var(--ast-global-color-4)","background-image":"","background-repeat":"repeat","background-position":"center center","background-size":"auto","background-attachment":"scroll","background-type":"","background-media":"","overlay-type":"","overlay-color":"","overlay-opacity":"","overlay-gradient":""},"tablet":{"background-color":"","background-image":"","background-repeat":"repeat","background-position":"center center","background-size":"auto","background-attachment":"scroll","background-type":"","background-media":"","overlay-type":"","overlay-color":"","overlay-opacity":"","overlay-gradient":""},"mobile":{"background-color":"","background-image":"","background-repeat":"repeat","background-position":"center center","background-size":"auto","background-attachment":"scroll","background-type":"","background-media":"","overlay-type":"","overlay-color":"","overlay-opacity":"","overlay-gradient":""}},"ast-content-background-meta":{"desktop":{"background-color":"var(--ast-global-color-5)","background-image":"","background-repeat":"repeat","background-position":"center center","background-size":"auto","background-attachment":"scroll","background-type":"","background-media":"","overlay-type":"","overlay-color":"","overlay-opacity":"","overlay-gradient":""},"tablet":{"background-color":"var(--ast-global-color-5)","background-image":"","background-repeat":"repeat","background-position":"center center","background-size":"auto","background-attachment":"scroll","background-type":"","background-media":"","overlay-type":"","overlay-color":"","overlay-opacity":"","overlay-gradient":""},"mobile":{"background-color":"var(--ast-global-color-5)","background-image":"","background-repeat":"repeat","background-position":"center center","background-size":"auto","background-attachment":"scroll","background-type":"","background-media":"","overlay-type":"","overlay-color":"","overlay-opacity":"","overlay-gradient":""}},"footnotes":""},"class_list":["post-2698","page","type-page","status-publish","hentry"],"acf":[],"_links":{"self":[{"href":"https:\/\/icematic.eu\/fr\/wp-json\/wp\/v2\/pages\/2698","targetHints":{"allow":["GET"]}}],"collection":[{"href":"https:\/\/icematic.eu\/fr\/wp-json\/wp\/v2\/pages"}],"about":[{"href":"https:\/\/icematic.eu\/fr\/wp-json\/wp\/v2\/types\/page"}],"author":[{"embeddable":true,"href":"https:\/\/icematic.eu\/fr\/wp-json\/wp\/v2\/users\/6"}],"replies":[{"embeddable":true,"href":"https:\/\/icematic.eu\/fr\/wp-json\/wp\/v2\/comments?post=2698"}],"version-history":[{"count":6,"href":"https:\/\/icematic.eu\/fr\/wp-json\/wp\/v2\/pages\/2698\/revisions"}],"predecessor-version":[{"id":3088,"href":"https:\/\/icematic.eu\/fr\/wp-json\/wp\/v2\/pages\/2698\/revisions\/3088"}],"up":[{"embeddable":true,"href":"https:\/\/icematic.eu\/fr\/wp-json\/wp\/v2\/pages\/2648"}],"wp:attachment":[{"href":"https:\/\/icematic.eu\/fr\/wp-json\/wp\/v2\/media?parent=2698"}],"curies":[{"name":"wp","href":"https:\/\/api.w.org\/{rel}","templated":true}]}}