{"id":2690,"date":"2022-05-27T00:17:30","date_gmt":"2022-05-26T23:17:30","guid":{"rendered":"https:\/\/icematic.eu\/produits\/berries\/"},"modified":"2023-01-20T16:53:20","modified_gmt":"2023-01-20T15:53:20","slug":"berries","status":"publish","type":"page","link":"https:\/\/icematic.eu\/fr\/produits\/berries\/","title":{"rendered":"Berries"},"content":{"rendered":"\n<div class=\"wp-block-cover alignfull remove-padding-bottom\"><span aria-hidden=\"true\" class=\"wp-block-cover__background has-background-dim-0 has-background-dim\"><\/span><img loading=\"lazy\" decoding=\"async\" width=\"1920\" height=\"1080\" class=\"wp-block-cover__image-background wp-image-823\" alt=\"Icematic Berries - Machine a glace paillette professionnel\" src=\"https:\/\/icematic.eu\/app\/uploads\/2022\/07\/icematic-industrial-icemakers-berries-icecube.jpg\" style=\"object-position:65% 53%\" data-object-fit=\"cover\" data-object-position=\"65% 53%\" srcset=\"https:\/\/icematic.eu\/app\/uploads\/2022\/07\/icematic-industrial-icemakers-berries-icecube.jpg 1920w, https:\/\/icematic.eu\/app\/uploads\/2022\/07\/icematic-industrial-icemakers-berries-icecube-300x169.jpg 300w, https:\/\/icematic.eu\/app\/uploads\/2022\/07\/icematic-industrial-icemakers-berries-icecube-1024x576.jpg 1024w, https:\/\/icematic.eu\/app\/uploads\/2022\/07\/icematic-industrial-icemakers-berries-icecube-768x432.jpg 768w, https:\/\/icematic.eu\/app\/uploads\/2022\/07\/icematic-industrial-icemakers-berries-icecube-1536x864.jpg 1536w, https:\/\/icematic.eu\/app\/uploads\/2022\/07\/icematic-industrial-icemakers-berries-icecube-600x338.jpg 600w\" sizes=\"auto, (max-width: 1920px) 100vw, 1920px\" \/><div class=\"wp-block-cover__inner-container is-layout-flow wp-block-cover-is-layout-flow\">\n<div class=\"wp-block-columns alignwide has-margin-top has-margin-bottom-l-until-desktop is-layout-flex wp-container-core-columns-is-layout-28f84493 wp-block-columns-is-layout-flex\">\n<div class=\"wp-block-column is-layout-flow wp-block-column-is-layout-flow\">\n<svg xmlns=\"http:\/\/www.w3.org\/2000\/svg\" width=\"200.521\" height=\"217.648\" viewBox=\"0 0 200.521 217.648\">\n\t<g id=\"Group_119\" data-name=\"Group 119\" style=\"mix-blend-mode: multiply;isolation: isolate\" class=\"category\">\n\t\t<path id=\"Path_68\" data-name=\"Path 68\" d=\"M8.448,16.9A49.187,49.187,0,0,0,57.634-32.291,49.186,49.186,0,0,0,8.448-81.471a49.186,49.186,0,0,0-49.186,49.18A49.187,49.187,0,0,0,8.448,16.9\" transform=\"translate(40.738 111.807)\" fill=\"#fff\"><\/path>\n\t\t<path id=\"Path_69\" data-name=\"Path 69\" d=\"M6.83,13.658A39.762,39.762,0,0,0,46.592-26.1,39.76,39.76,0,0,0,6.83-65.861,39.76,39.76,0,0,0-32.933-26.1,39.762,39.762,0,0,0,6.83,13.658\" transform=\"translate(51.779 203.989)\" fill=\"#fff\"><\/path>\n\t\t<path id=\"Path_70\" data-name=\"Path 70\" d=\"M6.83,13.658A39.762,39.762,0,0,0,46.592-26.1,39.76,39.76,0,0,0,6.83-65.861,39.76,39.76,0,0,0-32.933-26.1,39.762,39.762,0,0,0,6.83,13.658\" transform=\"translate(137.928 65.861)\" fill=\"#fff\"><\/path>\n\t\t<path id=\"Path_71\" data-name=\"Path 71\" d=\"M8.448,16.9A49.187,49.187,0,0,0,57.634-32.291,49.186,49.186,0,0,0,8.448-81.471a49.186,49.186,0,0,0-49.186,49.18A49.188,49.188,0,0,0,8.448,16.9\" transform=\"translate(142.887 170.414)\" fill=\"#fff\"><\/path>\n\t<\/g>\n<\/svg>\n\n\n\n<h1 class=\"has-margin-bottom has-light-color has-text-color has-xxl-font-size wp-block-heading\" style=\"font-style:normal;font-weight:700\">Berries<\/h1>\n\n\n\n<h2 class=\"has-margin-bottom has-light-color has-text-color has-medium-font-size wp-block-heading\" style=\"font-style:normal;font-weight:500\">MACHINE \u00c0<br>GLA\u00c7ONS<\/h2>\n\n\n\n<p class=\"has-font-weight-medium has-light-color has-text-color has-medium-font-size\">GLACE EN GRAINS<\/p>\n<\/div>\n\n\n\n<div class=\"wp-block-column is-vertically-aligned-bottom is-layout-flow wp-block-column-is-layout-flow\"><\/div>\n<\/div>\n\n\n\n<div class=\"wp-block-columns alignfull force is-layout-flex wp-container-core-columns-is-layout-28f84493 wp-block-columns-is-layout-flex\">\n<div class=\"wp-block-column is-layout-flow wp-block-column-is-layout-flow\"><\/div>\n\n\n\n<div class=\"wp-block-column is-layout-flow wp-block-column-is-layout-flow\">\n<section class=\"inherit-container-width wp-block-group section-grey-header has-grey-background-color has-background is-layout-constrained wp-block-group-is-layout-constrained\">\n<div class=\"wp-block-columns inner is-layout-flex wp-container-core-columns-is-layout-28f84493 wp-block-columns-is-layout-flex\">\n<div class=\"wp-block-column has-negative-margin-top is-layout-flow wp-block-column-is-layout-flow\" style=\"flex-basis:50%\">\n<figure class=\"wp-block-image aligncenter size-full\"><img loading=\"lazy\" decoding=\"async\" width=\"700\" height=\"700\" src=\"https:\/\/icematic.eu\/app\/uploads\/2022\/07\/app.png\" alt=\"App My Ice disponible dans les machines \u00e0 gla\u00e7ons professionnelles Icematic Berries\" class=\"wp-image-1720\" srcset=\"https:\/\/icematic.eu\/app\/uploads\/2022\/07\/app.png 700w, https:\/\/icematic.eu\/app\/uploads\/2022\/07\/app-300x300.png 300w, https:\/\/icematic.eu\/app\/uploads\/2022\/07\/app-150x150.png 150w, https:\/\/icematic.eu\/app\/uploads\/2022\/07\/app-600x600.png 600w, https:\/\/icematic.eu\/app\/uploads\/2022\/07\/app-100x100.png 100w\" sizes=\"auto, (max-width: 700px) 100vw, 700px\" \/><\/figure>\n<\/div>\n\n\n\n<div class=\"wp-block-column is-layout-flow wp-block-column-is-layout-flow\" style=\"flex-basis:50%\">\n<p class=\"has-margin-bottom-s has-berries-color has-text-color has-regular-font-size\">Disponible pour Berries<\/p>\n\n\n\n<h2 class=\"has-text-align-left has-margin-bottom hide-until-desktop has-berries-color has-text-color has-large-font-size wp-block-heading\"><strong>APP MY ICE<\/strong><\/h2>\n\n\n\n<h2 class=\"has-text-align-left has-margin-bottom hide-from-desktop has-berries-color has-text-color has-large-font-size wp-block-heading\"><strong>APP<\/strong><br><strong>MY ICE<\/strong><\/h2>\n\n\n\n<div class=\"wp-block-buttons is-layout-flex wp-block-buttons-is-layout-flex\">\n<div class=\"wp-block-button\"><a class=\"wp-block-button__link\" href=\"\/app-my-ice\/\">D\u00e9couvrez notre APP<\/a><\/div>\n<\/div>\n<\/div>\n<\/div>\n<\/section>\n<\/div>\n<\/div>\n<\/div><\/div>\n\n\n\n<section class=\"inherit-container-width wp-block-group alignfull has-margin-bottom-m has-primary-background-color has-background is-layout-constrained wp-block-group-is-layout-constrained\">\n<div class=\"wp-block-columns alignwide are-vertically-aligned-top is-layout-flex wp-container-core-columns-is-layout-28f84493 wp-block-columns-is-layout-flex\">\n<div class=\"wp-block-column is-vertically-aligned-top has-margin-bottom-m-until-desktop is-layout-flow wp-block-column-is-layout-flow\">\n<h2 class=\"berries has-border-bottom-l has-padding-bottom-xs has-margin-bottom has-light-color has-text-color has-medium-font-size wp-block-heading\" style=\"font-style:normal;font-weight:500\">LA GLACE<\/h2>\n\n\n\n<p class=\"has-light-color has-text-color\">La glace granulaire est une ressource importante dans plusieurs secteurs, gr\u00e2ce \u00e0 ses diff\u00e9rentes utilisations possibles: de la conservation et exposition des aliments \u00e0 la cr\u00e9ation de cocktails, de l\u2019utilisation dans les centres du bien-\u00eatre et dans le monde de la cosm\u00e9tique au secteur de la m\u00e9decine et hospitalier.<\/p>\n\n\n\n<p class=\"has-light-color has-text-color\">Cette typologie de glace tr\u00e8s humide est particuli\u00e8rement appr\u00e9ci\u00e9e \u00e9galement dans le secteur de la boulangerie pour refroidir les p\u00e2tes.<\/p>\n\n\n\n<p class=\"has-light-color has-text-color\">La glace granulaire est facile \u00e0 manipuler, stocker et peser. Sa particularit\u00e9 est la haute teneur en eau r\u00e9siduelle qui, selon le mod\u00e8le, peut varier entre 25% et 15%.<\/p>\n<\/div>\n\n\n\n<div class=\"wp-block-column is-vertically-aligned-top has-margin-bottom-m-until-desktop is-layout-flow wp-block-column-is-layout-flow\">\n<h2 class=\"berries has-border-bottom-l has-padding-bottom-xs has-margin-bottom has-light-color has-text-color has-medium-font-size wp-block-heading\" style=\"font-style:normal;font-weight:500\">LA MACHINE<\/h2>\n\n\n\n<p class=\"has-light-color has-text-color\">La nouvelle gamme de machines \u00e0 glace granulaire \u2013 \u00e0 paillettes \u2013 se compose de mod\u00e8les avec bac de stockage incorpor\u00e9 et de mod\u00e8les de grande capacit\u00e9 jusqu\u2019\u00e0 1.000 kg par jour avec bacs de stockage s\u00e9par\u00e9s.<\/p>\n\n\n\n<p class=\"has-light-color has-text-color\">La glace est cr\u00e9\u00e9e par un \u00e9vaporateur cylindrique vertical, \u00e9quip\u00e9 d\u2019une vis sans fin qui racle la glace de la surface interne de l\u2019\u00e9vaporateur, en l\u2019amenant jusqu\u2019\u00e0 la sortie du cylindre o\u00f9 se trouve un pic \u00e0 glace qui produit une glace granulaire.<\/p>\n\n\n\n<p class=\"has-light-color has-text-color\">Ce syst\u00e8me permet de produire une glace constamment uniforme et tr\u00e8s humide avec une consommation d\u2019eau r\u00e9duite.<\/p>\n\n\n\n<p class=\"has-light-color has-text-color\">La gamme de machines \u00e0 gla\u00e7ons Berries comprend des mod\u00e8les avec bac de stockage int\u00e9gr\u00e9 et des mod\u00e8les pouvant \u00eatre combin\u00e9s avec la vaste s\u00e9lection de stockages Icematic.<\/p>\n<\/div>\n\n\n\n<div class=\"wp-block-column is-vertically-aligned-top is-layout-flow wp-block-column-is-layout-flow\">\n<h2 class=\"berries has-border-bottom-l has-padding-bottom-xs has-margin-bottom has-light-color has-text-color has-medium-font-size wp-block-heading\" style=\"font-style:normal;font-weight:500\">LES CARACT\u00c9RISTIQUES<\/h2>\n\n\n\n<p class=\"has-margin-bottom-s has-light-color has-text-color\">\u2022 ACIER INOX<\/p>\n\n\n\n<p class=\"has-margin-bottom-s has-light-color has-text-color\">\u2022 INT\u00c9RIEUR FACILE \u00c0 INSPECTER<\/p>\n\n\n\n<p class=\"has-margin-bottom-s has-light-color has-text-color\">\u2022 PANNEAU TOUCH CAPACITIF, STAND-BY ET R\u00c9INITIALISATION<\/p>\n\n\n\n<p class=\"has-margin-bottom-s has-light-color has-text-color\">\u2022 COMPATIBILIT\u00c9 AVEC LES BACS DE STOCKAGE ICEMATIC<\/p>\n\n\n\n<p class=\"has-light-color has-text-color\">\u2022 ACC\u00c8S INTERNE USB POUR VISUALISER LES PARAM\u00c8TRES DE FONCTIONNEMENT<\/p>\n<\/div>\n<\/div>\n<\/section>\n","protected":false},"excerpt":{"rendered":"<p>LA GLACE La glace granulaire est une ressource importante dans plusieurs secteurs, gr\u00e2ce \u00e0 ses diff\u00e9rentes utilisations possibles: de la conservation et exposition des aliments [&hellip;]<\/p>\n","protected":false},"author":6,"featured_media":0,"parent":2648,"menu_order":0,"comment_status":"closed","ping_status":"closed","template":"page-templates\/product-category.php","meta":{"_acf_changed":false,"inline_featured_image":false,"site-sidebar-layout":"default","site-content-layout":"","ast-site-content-layout":"default","site-content-style":"default","site-sidebar-style":"default","ast-global-header-display":"","ast-banner-title-visibility":"","ast-main-header-display":"","ast-hfb-above-header-display":"","ast-hfb-below-header-display":"","ast-hfb-mobile-header-display":"","site-post-title":"disabled","ast-breadcrumbs-content":"","ast-featured-img":"","footer-sml-layout":"","ast-disable-related-posts":"","theme-transparent-header-meta":"","adv-header-id-meta":"","stick-header-meta":"","header-above-stick-meta":"","header-main-stick-meta":"","header-below-stick-meta":"","astra-migrate-meta-layouts":"default","ast-page-background-enabled":"default","ast-page-background-meta":{"desktop":{"background-color":"var(--ast-global-color-4)","background-image":"","background-repeat":"repeat","background-position":"center center","background-size":"auto","background-attachment":"scroll","background-type":"","background-media":"","overlay-type":"","overlay-color":"","overlay-opacity":"","overlay-gradient":""},"tablet":{"background-color":"","background-image":"","background-repeat":"repeat","background-position":"center center","background-size":"auto","background-attachment":"scroll","background-type":"","background-media":"","overlay-type":"","overlay-color":"","overlay-opacity":"","overlay-gradient":""},"mobile":{"background-color":"","background-image":"","background-repeat":"repeat","background-position":"center center","background-size":"auto","background-attachment":"scroll","background-type":"","background-media":"","overlay-type":"","overlay-color":"","overlay-opacity":"","overlay-gradient":""}},"ast-content-background-meta":{"desktop":{"background-color":"var(--ast-global-color-5)","background-image":"","background-repeat":"repeat","background-position":"center center","background-size":"auto","background-attachment":"scroll","background-type":"","background-media":"","overlay-type":"","overlay-color":"","overlay-opacity":"","overlay-gradient":""},"tablet":{"background-color":"var(--ast-global-color-5)","background-image":"","background-repeat":"repeat","background-position":"center center","background-size":"auto","background-attachment":"scroll","background-type":"","background-media":"","overlay-type":"","overlay-color":"","overlay-opacity":"","overlay-gradient":""},"mobile":{"background-color":"var(--ast-global-color-5)","background-image":"","background-repeat":"repeat","background-position":"center center","background-size":"auto","background-attachment":"scroll","background-type":"","background-media":"","overlay-type":"","overlay-color":"","overlay-opacity":"","overlay-gradient":""}},"footnotes":""},"class_list":["post-2690","page","type-page","status-publish","hentry"],"acf":[],"_links":{"self":[{"href":"https:\/\/icematic.eu\/fr\/wp-json\/wp\/v2\/pages\/2690","targetHints":{"allow":["GET"]}}],"collection":[{"href":"https:\/\/icematic.eu\/fr\/wp-json\/wp\/v2\/pages"}],"about":[{"href":"https:\/\/icematic.eu\/fr\/wp-json\/wp\/v2\/types\/page"}],"author":[{"embeddable":true,"href":"https:\/\/icematic.eu\/fr\/wp-json\/wp\/v2\/users\/6"}],"replies":[{"embeddable":true,"href":"https:\/\/icematic.eu\/fr\/wp-json\/wp\/v2\/comments?post=2690"}],"version-history":[{"count":8,"href":"https:\/\/icematic.eu\/fr\/wp-json\/wp\/v2\/pages\/2690\/revisions"}],"predecessor-version":[{"id":31135,"href":"https:\/\/icematic.eu\/fr\/wp-json\/wp\/v2\/pages\/2690\/revisions\/31135"}],"up":[{"embeddable":true,"href":"https:\/\/icematic.eu\/fr\/wp-json\/wp\/v2\/pages\/2648"}],"wp:attachment":[{"href":"https:\/\/icematic.eu\/fr\/wp-json\/wp\/v2\/media?parent=2690"}],"curies":[{"name":"wp","href":"https:\/\/api.w.org\/{rel}","templated":true}]}}