{"id":2670,"date":"2022-05-27T00:16:37","date_gmt":"2022-05-26T23:16:37","guid":{"rendered":"https:\/\/icematic.eu\/produits\/almond\/"},"modified":"2023-01-19T18:22:39","modified_gmt":"2023-01-19T17:22:39","slug":"almond","status":"publish","type":"page","link":"https:\/\/icematic.eu\/fr\/produits\/almond\/","title":{"rendered":"Almond"},"content":{"rendered":"\n<div class=\"wp-block-cover alignfull is-light remove-padding-bottom has-full-height\"><span aria-hidden=\"true\" class=\"wp-block-cover__background has-background-dim-0 has-background-dim\"><\/span><img loading=\"lazy\" decoding=\"async\" width=\"1920\" height=\"1080\" class=\"wp-block-cover__image-background wp-image-822\" alt=\"Icematic Almond - Machines \u00e0 glace \u00e9caille industrielles\" src=\"https:\/\/icematic.eu\/app\/uploads\/2022\/07\/icematic-industrial-icemakers-almond-icecube.jpg\" style=\"object-position:65% 53%\" data-object-fit=\"cover\" data-object-position=\"65% 53%\" srcset=\"https:\/\/icematic.eu\/app\/uploads\/2022\/07\/icematic-industrial-icemakers-almond-icecube.jpg 1920w, https:\/\/icematic.eu\/app\/uploads\/2022\/07\/icematic-industrial-icemakers-almond-icecube-300x169.jpg 300w, https:\/\/icematic.eu\/app\/uploads\/2022\/07\/icematic-industrial-icemakers-almond-icecube-1024x576.jpg 1024w, https:\/\/icematic.eu\/app\/uploads\/2022\/07\/icematic-industrial-icemakers-almond-icecube-768x432.jpg 768w, https:\/\/icematic.eu\/app\/uploads\/2022\/07\/icematic-industrial-icemakers-almond-icecube-1536x864.jpg 1536w, https:\/\/icematic.eu\/app\/uploads\/2022\/07\/icematic-industrial-icemakers-almond-icecube-600x338.jpg 600w\" sizes=\"auto, (max-width: 1920px) 100vw, 1920px\" \/><div class=\"wp-block-cover__inner-container is-layout-flow wp-block-cover-is-layout-flow\">\n<div class=\"wp-block-columns alignwide has-margin-top has-margin-bottom-l is-layout-flex wp-container-core-columns-is-layout-28f84493 wp-block-columns-is-layout-flex\">\n<div class=\"wp-block-column is-layout-flow wp-block-column-is-layout-flow\">\n<svg xmlns=\"http:\/\/www.w3.org\/2000\/svg\" width=\"260.418\" height=\"134.544\" viewBox=\"0 0 260.418 134.544\" class=\"category\">\n\t<g id=\"Group_120\" data-name=\"Group 120\" style=\"mix-blend-mode: multiply;isolation: isolate\">\n\t\t<path id=\"Path_61\" data-name=\"Path 61\" d=\"M6.911.009s3.7,53.822-28.782,96.53-71.037,16.574-77.739,9.873-29.438-34.359-.046-68.862C-57.405-4.819,6.911.009,6.911.009\" transform=\"translate(114.327 14.079)\" fill=\"#fff\"><\/path>\n\t\t<path id=\"Path_62\" data-name=\"Path 62\" d=\"M.007,6.866s-3.7-53.822,28.782-96.53,71.037-16.574,77.739-9.872,29.438,34.358.046,68.861C64.323,11.694.007,6.866.007,6.866\" transform=\"translate(139.174 113.59)\" fill=\"#fff\"><\/path>\n\t<\/g>\n<\/svg>\n\n\n\n<h1 class=\"has-margin-bottom has-light-color has-text-color has-xxl-font-size wp-block-heading\" style=\"font-style:normal;font-weight:700\">Almond<\/h1>\n\n\n\n<h2 class=\"has-margin-bottom has-light-color has-text-color has-medium-font-size wp-block-heading\" style=\"font-style:normal;font-weight:500\">MACHINE \u00c0<br>GLA\u00c7ONS<\/h2>\n\n\n\n<p class=\"has-font-weight-medium has-light-color has-text-color has-medium-font-size\">\u00c9CAILLES<\/p>\n<\/div>\n\n\n\n<div class=\"wp-block-column is-vertically-aligned-bottom hide-until-desktop is-layout-flow wp-block-column-is-layout-flow\"><\/div>\n<\/div>\n<\/div><\/div>\n\n\n\n<section class=\"inherit-container-width wp-block-group alignfull has-margin-bottom-m has-primary-background-color has-background is-layout-constrained wp-block-group-is-layout-constrained\">\n<div class=\"wp-block-columns alignwide are-vertically-aligned-top is-layout-flex wp-container-core-columns-is-layout-28f84493 wp-block-columns-is-layout-flex\">\n<div class=\"wp-block-column is-vertically-aligned-top has-margin-bottom-m-until-desktop is-layout-flow wp-block-column-is-layout-flow\">\n<h2 class=\"almond has-border-bottom-l has-padding-bottom-xs has-margin-bottom has-light-color has-text-color has-medium-font-size wp-block-heading\" style=\"font-style:normal;font-weight:500\">LA GLACE<\/h2>\n\n\n\n<p class=\"has-light-color has-text-color\">La glace produite par les machines de la s\u00e9rie Almond est unique en son genre car elle est la plus froide et s\u00e8che, avec une temp\u00e9rature d\u2019environ -7\u00b0C et une \u00e9paisseur qui peut varier de 0,9 \u00e0 1,2 mm. Solides et s\u00e8ches, les \u00e9cailles ont une grande surface de contact pour un refroidissement rapide.<\/p>\n\n\n\n<p class=\"has-light-color has-text-color\">La glace des machines Almond est parfaite pour diff\u00e9rentes applications, comme les supermarch\u00e9s, restauration collective, charcuteries, boucheries et industrie de la viande, poissonneries et cri\u00e9es, ports de mer, secteur pharmaceutique et plus encore.<\/p>\n\n\n\n<p class=\"has-light-color has-text-color\">La glace \u00e0 \u00e9cailles plates, s\u00e8ches et sous-refroidie, a une couleur blanche pure et est id\u00e9ale pour prolonger la fra\u00eecheur maximale de chaque produit.<\/p>\n<\/div>\n\n\n\n<div class=\"wp-block-column is-vertically-aligned-top has-margin-bottom-m-until-desktop is-layout-flow wp-block-column-is-layout-flow\">\n<h2 class=\"almond has-border-bottom-l has-padding-bottom-xs has-margin-bottom has-light-color has-text-color has-medium-font-size wp-block-heading\" style=\"font-style:normal;font-weight:500\">LA MACHINE<\/h2>\n\n\n\n<p class=\"has-light-color has-text-color\">La nouvelle gamme des machines \u00e0 gla\u00e7ons \u00e0 \u00e9cailles plates est caract\u00e9ris\u00e9e par une pr\u00e9sence d\u2019humidit\u00e9 consid\u00e9rablement r\u00e9duite (environ 2%), en assurant donc une fraicheur absolue.<\/p>\n\n\n\n<p class=\"has-light-color has-text-color\">Le syst\u00e8me de production de la s\u00e9rie Almond pr\u00e9voit un \u00e9vaporateur cylindrique vertical en acier inox et une spatule libre pivotante qui racle la glace produite, en donnant naissance aux \u00e9cailles. Les machines \u00e0 gla\u00e7ons de la s\u00e9rie Almond peuvent \u00eatre associ\u00e9es aux bacs de stockage Icematic.<\/p>\n<\/div>\n\n\n\n<div class=\"wp-block-column is-vertically-aligned-top is-layout-flow wp-block-column-is-layout-flow\">\n<h2 class=\"almond has-border-bottom-l has-padding-bottom-xs has-margin-bottom has-light-color has-text-color has-medium-font-size wp-block-heading\" style=\"font-style:normal;font-weight:500\">LES CARACT\u00c9RISTIQUES<\/h2>\n\n\n\n<p class=\"has-margin-bottom-s has-light-color has-text-color\">\u2022 ACIER INOX<\/p>\n\n\n\n<p class=\"has-margin-bottom-s has-light-color has-text-color\">\u2022 \u00c9VAPORATEUR CYLINDRIQUE VERTICAL FIXE<\/p>\n\n\n\n<p class=\"has-margin-bottom-s has-light-color has-text-color\">\u2022 COMMANDES ON\/OFF INT\u00c9GR\u00c9ES<\/p>\n\n\n\n<p class=\"has-margin-bottom-s has-light-color has-text-color\">\u2022 UNIT\u00c9 DE CONDENSATION INT\u00c9GR\u00c9E<\/p>\n\n\n\n<p class=\"has-light-color has-text-color\">\u2022 ACC\u00c8S INT\u00c9RIEUR POUR UN NETTOYAGE FACILE<\/p>\n<\/div>\n<\/div>\n<\/section>\n","protected":false},"excerpt":{"rendered":"<p>LA GLACE La glace produite par les machines de la s\u00e9rie Almond est unique en son genre car elle est la plus froide et s\u00e8che, [&hellip;]<\/p>\n","protected":false},"author":6,"featured_media":0,"parent":2648,"menu_order":0,"comment_status":"closed","ping_status":"closed","template":"page-templates\/product-category.php","meta":{"_acf_changed":false,"inline_featured_image":false,"site-sidebar-layout":"default","site-content-layout":"","ast-site-content-layout":"default","site-content-style":"default","site-sidebar-style":"default","ast-global-header-display":"","ast-banner-title-visibility":"","ast-main-header-display":"","ast-hfb-above-header-display":"","ast-hfb-below-header-display":"","ast-hfb-mobile-header-display":"","site-post-title":"disabled","ast-breadcrumbs-content":"","ast-featured-img":"","footer-sml-layout":"","ast-disable-related-posts":"","theme-transparent-header-meta":"","adv-header-id-meta":"","stick-header-meta":"","header-above-stick-meta":"","header-main-stick-meta":"","header-below-stick-meta":"","astra-migrate-meta-layouts":"default","ast-page-background-enabled":"default","ast-page-background-meta":{"desktop":{"background-color":"var(--ast-global-color-4)","background-image":"","background-repeat":"repeat","background-position":"center center","background-size":"auto","background-attachment":"scroll","background-type":"","background-media":"","overlay-type":"","overlay-color":"","overlay-opacity":"","overlay-gradient":""},"tablet":{"background-color":"","background-image":"","background-repeat":"repeat","background-position":"center center","background-size":"auto","background-attachment":"scroll","background-type":"","background-media":"","overlay-type":"","overlay-color":"","overlay-opacity":"","overlay-gradient":""},"mobile":{"background-color":"","background-image":"","background-repeat":"repeat","background-position":"center center","background-size":"auto","background-attachment":"scroll","background-type":"","background-media":"","overlay-type":"","overlay-color":"","overlay-opacity":"","overlay-gradient":""}},"ast-content-background-meta":{"desktop":{"background-color":"var(--ast-global-color-5)","background-image":"","background-repeat":"repeat","background-position":"center center","background-size":"auto","background-attachment":"scroll","background-type":"","background-media":"","overlay-type":"","overlay-color":"","overlay-opacity":"","overlay-gradient":""},"tablet":{"background-color":"var(--ast-global-color-5)","background-image":"","background-repeat":"repeat","background-position":"center center","background-size":"auto","background-attachment":"scroll","background-type":"","background-media":"","overlay-type":"","overlay-color":"","overlay-opacity":"","overlay-gradient":""},"mobile":{"background-color":"var(--ast-global-color-5)","background-image":"","background-repeat":"repeat","background-position":"center center","background-size":"auto","background-attachment":"scroll","background-type":"","background-media":"","overlay-type":"","overlay-color":"","overlay-opacity":"","overlay-gradient":""}},"footnotes":""},"class_list":["post-2670","page","type-page","status-publish","hentry"],"acf":[],"_links":{"self":[{"href":"https:\/\/icematic.eu\/fr\/wp-json\/wp\/v2\/pages\/2670","targetHints":{"allow":["GET"]}}],"collection":[{"href":"https:\/\/icematic.eu\/fr\/wp-json\/wp\/v2\/pages"}],"about":[{"href":"https:\/\/icematic.eu\/fr\/wp-json\/wp\/v2\/types\/page"}],"author":[{"embeddable":true,"href":"https:\/\/icematic.eu\/fr\/wp-json\/wp\/v2\/users\/6"}],"replies":[{"embeddable":true,"href":"https:\/\/icematic.eu\/fr\/wp-json\/wp\/v2\/comments?post=2670"}],"version-history":[{"count":10,"href":"https:\/\/icematic.eu\/fr\/wp-json\/wp\/v2\/pages\/2670\/revisions"}],"predecessor-version":[{"id":3086,"href":"https:\/\/icematic.eu\/fr\/wp-json\/wp\/v2\/pages\/2670\/revisions\/3086"}],"up":[{"embeddable":true,"href":"https:\/\/icematic.eu\/fr\/wp-json\/wp\/v2\/pages\/2648"}],"wp:attachment":[{"href":"https:\/\/icematic.eu\/fr\/wp-json\/wp\/v2\/media?parent=2670"}],"curies":[{"name":"wp","href":"https:\/\/api.w.org\/{rel}","templated":true}]}}