{"id":2666,"date":"2022-05-27T00:16:09","date_gmt":"2022-05-26T23:16:09","guid":{"rendered":"https:\/\/icematic.eu\/produits\/maracuja\/"},"modified":"2023-01-20T16:52:59","modified_gmt":"2023-01-20T15:52:59","slug":"maracuja","status":"publish","type":"page","link":"https:\/\/icematic.eu\/fr\/produits\/maracuja\/","title":{"rendered":"Maracuja"},"content":{"rendered":"\n<div class=\"wp-block-cover alignfull is-light remove-padding-bottom\"><span aria-hidden=\"true\" class=\"wp-block-cover__background has-background-dim-20 has-background-dim\"><\/span><img loading=\"lazy\" decoding=\"async\" width=\"1920\" height=\"1080\" class=\"wp-block-cover__image-background wp-image-828\" alt=\"Icematic Maracuja - Machine \u00e0 gla\u00e7ons modulaire professionnel\" src=\"https:\/\/icematic.eu\/app\/uploads\/2022\/07\/icematic-commercial-icemakers-maracuja-icecube.jpg\" style=\"object-position:65% 53%\" data-object-fit=\"cover\" data-object-position=\"65% 53%\" srcset=\"https:\/\/icematic.eu\/app\/uploads\/2022\/07\/icematic-commercial-icemakers-maracuja-icecube.jpg 1920w, https:\/\/icematic.eu\/app\/uploads\/2022\/07\/icematic-commercial-icemakers-maracuja-icecube-300x169.jpg 300w, https:\/\/icematic.eu\/app\/uploads\/2022\/07\/icematic-commercial-icemakers-maracuja-icecube-1024x576.jpg 1024w, https:\/\/icematic.eu\/app\/uploads\/2022\/07\/icematic-commercial-icemakers-maracuja-icecube-768x432.jpg 768w, https:\/\/icematic.eu\/app\/uploads\/2022\/07\/icematic-commercial-icemakers-maracuja-icecube-1536x864.jpg 1536w, https:\/\/icematic.eu\/app\/uploads\/2022\/07\/icematic-commercial-icemakers-maracuja-icecube-600x338.jpg 600w\" sizes=\"auto, (max-width: 1920px) 100vw, 1920px\" \/><div class=\"wp-block-cover__inner-container is-layout-flow wp-block-cover-is-layout-flow\">\n<div class=\"wp-block-columns alignwide has-margin-top has-margin-bottom-l-until-desktop is-layout-flex wp-container-core-columns-is-layout-28f84493 wp-block-columns-is-layout-flex\">\n<div class=\"wp-block-column is-layout-flow wp-block-column-is-layout-flow\">\n<svg xmlns=\"http:\/\/www.w3.org\/2000\/svg\" width=\"251.088\" height=\"151.077\" viewBox=\"0 0 251.088 151.077\" class=\"category\">\n\t<g id=\"Group_29\" data-name=\"Group 29\" transform=\"translate(0 0)\" style=\"mix-blend-mode: multiply;isolation: isolate\">\n\t\t<path id=\"Path_50\" data-name=\"Path 50\" d=\"M10.149,13.982c42.032,0,76.1-33.818,76.1-75.537s-34.069-75.538-76.1-75.538-76.1,33.818-76.1,75.538,34.069,75.537,76.1,75.537\" transform=\"translate(65.953 137.094)\" fill=\"#fff\"><\/path>\n\t\t<path id=\"Path_51\" data-name=\"Path 51\" d=\"M10.149,13.982c-42.032,0-76.1-33.818-76.1-75.538s34.069-75.537,76.1-75.537Z\" transform=\"translate(240.94 137.093)\" fill=\"#fff\"><\/path>\n\t<\/g>\n<\/svg>\n\n\n\n<h1 class=\"has-margin-bottom has-light-color has-text-color has-xxl-font-size wp-block-heading\" style=\"font-style:normal;font-weight:700\">Maracuja<\/h1>\n\n\n\n<h2 class=\"has-margin-bottom has-light-color has-text-color has-medium-font-size wp-block-heading\" style=\"font-style:normal;font-weight:500\">MACHINE \u00c0<br>GLA\u00c7ONS<\/h2>\n\n\n\n<p class=\"has-font-weight-medium has-light-color has-text-color has-medium-font-size\">GLA\u00c7ON MODULAIRE<\/p>\n<\/div>\n\n\n\n<div class=\"wp-block-column is-vertically-aligned-bottom hide-until-desktop is-layout-flow wp-block-column-is-layout-flow\"><\/div>\n<\/div>\n\n\n\n<div class=\"wp-block-columns alignfull force is-layout-flex wp-container-core-columns-is-layout-28f84493 wp-block-columns-is-layout-flex\">\n<div class=\"wp-block-column is-layout-flow wp-block-column-is-layout-flow\"><\/div>\n\n\n\n<div class=\"wp-block-column is-layout-flow wp-block-column-is-layout-flow\">\n<section class=\"inherit-container-width wp-block-group section-grey-header has-grey-background-color has-background is-layout-constrained wp-block-group-is-layout-constrained\">\n<div class=\"wp-block-columns inner is-layout-flex wp-container-core-columns-is-layout-28f84493 wp-block-columns-is-layout-flex\">\n<div class=\"wp-block-column has-negative-margin-top is-layout-flow wp-block-column-is-layout-flow\" style=\"flex-basis:50%\">\n<figure class=\"wp-block-image aligncenter size-full\"><img loading=\"lazy\" decoding=\"async\" width=\"700\" height=\"700\" src=\"https:\/\/icematic.eu\/app\/uploads\/2022\/07\/app.png\" alt=\"App My Ice disponible dans les machines \u00e0 gla\u00e7ons professionnelles Icematic Maracuja\" class=\"wp-image-1720\" srcset=\"https:\/\/icematic.eu\/app\/uploads\/2022\/07\/app.png 700w, https:\/\/icematic.eu\/app\/uploads\/2022\/07\/app-300x300.png 300w, https:\/\/icematic.eu\/app\/uploads\/2022\/07\/app-150x150.png 150w, https:\/\/icematic.eu\/app\/uploads\/2022\/07\/app-600x600.png 600w, https:\/\/icematic.eu\/app\/uploads\/2022\/07\/app-100x100.png 100w\" sizes=\"auto, (max-width: 700px) 100vw, 700px\" \/><\/figure>\n<\/div>\n\n\n\n<div class=\"wp-block-column is-layout-flow wp-block-column-is-layout-flow\" style=\"flex-basis:50%\">\n<p class=\"has-margin-bottom-s has-maracuja-color has-text-color has-regular-font-size\">Disponible pour Maracuja<\/p>\n\n\n\n<h2 class=\"has-text-align-left has-margin-bottom hide-until-desktop has-maracuja-color has-text-color has-large-font-size wp-block-heading\"><strong>APP MY ICE<\/strong><\/h2>\n\n\n\n<h2 class=\"has-text-align-left has-margin-bottom hide-from-desktop has-maracuja-color has-text-color has-large-font-size wp-block-heading\"><strong>APP<\/strong><br><strong>MY ICE<\/strong><\/h2>\n\n\n\n<div class=\"wp-block-buttons is-layout-flex wp-block-buttons-is-layout-flex\">\n<div class=\"wp-block-button\"><a class=\"wp-block-button__link\" href=\"\/app-my-ice\/\">D\u00e9couvrez notre APP<\/a><\/div>\n<\/div>\n<\/div>\n<\/div>\n<\/section>\n<\/div>\n<\/div>\n<\/div><\/div>\n\n\n\n<section class=\"inherit-container-width wp-block-group alignfull has-margin-bottom-m has-primary-background-color has-background is-layout-constrained wp-block-group-is-layout-constrained\">\n<div class=\"wp-block-columns alignwide are-vertically-aligned-top is-layout-flex wp-container-core-columns-is-layout-28f84493 wp-block-columns-is-layout-flex\">\n<div class=\"wp-block-column is-vertically-aligned-top has-margin-bottom-m-until-desktop is-layout-flow wp-block-column-is-layout-flow\">\n<h2 class=\"maracuja has-border-bottom-l has-padding-bottom-xs has-margin-bottom has-light-color has-text-color has-medium-font-size wp-block-heading\" style=\"font-style:normal;font-weight:500\">LE GLA\u00c7ON<\/h2>\n\n\n\n<p class=\"has-light-color has-text-color\">Un gla\u00e7on plein et rectangulaire, disponible en trois diff\u00e9rentes dimensions, DICE, HALF-LARGE e LARGE. Il est parfait pour refroidir rapidement les boissons.<\/p>\n\n\n\n<p class=\"has-light-color has-text-color\">La grande productivit\u00e9 des machines \u00e0 gla\u00e7ons modulaires Maracuja avec \u00e9vaporateur vertical, combin\u00e9e avec les bacs de stockage Icematic, est l\u2019id\u00e9al pour toutes les activit\u00e9s avec une haute consommation de gla\u00e7ons.<\/p>\n\n\n\n<p class=\"has-light-color has-text-color\">Ces gla\u00e7ons sont un choix optimal pour plusieurs secteurs d\u2019application: les grands bars, les discoth\u00e8ques, les h\u00f4tels &amp; ressorts, les restaurants et fastfood.<\/p>\n<\/div>\n\n\n\n<div class=\"wp-block-column is-vertically-aligned-top has-margin-bottom-m-until-desktop is-layout-flow wp-block-column-is-layout-flow\">\n<h2 class=\"maracuja has-border-bottom-l has-padding-bottom-xs has-margin-bottom has-light-color has-text-color has-medium-font-size wp-block-heading\" style=\"font-style:normal;font-weight:500\">LA MACHINE<\/h2>\n\n\n\n<p class=\"has-light-color has-text-color\">Nouvelle gamme des machines \u00e0 gla\u00e7ons pleins modulaires avec \u00e9vaporateur vertical et un design lin\u00e9aire et innovant. La s\u00e9rie Maracuja est caract\u00e9ris\u00e9e par une haute fiabilit\u00e9 et une facilit\u00e9 d\u2019utilisation particuli\u00e8re.<\/p>\n\n\n\n<p class=\"has-light-color has-text-color\">La structure est enti\u00e8rement en acier inox et facile \u00e0 inspecter.<\/p>\n\n\n\n<p class=\"has-light-color has-text-color\">Cette gamme de machines \u00e0 gla\u00e7ons professionnelles repr\u00e9sente la meilleure solution pour toutes les activit\u00e9s \u00e0 forte consommation de glace.<\/p>\n\n\n\n<p class=\"has-light-color has-text-color\">Un jet uniforme et continu de l\u2019eau la distribue sur une surface r\u00e9frig\u00e9r\u00e9e, sp\u00e9cialement con\u00e7ue pour obtenir une production \u00e9lev\u00e9e de gla\u00e7ons.<\/p>\n<\/div>\n\n\n\n<div class=\"wp-block-column is-vertically-aligned-top is-layout-flow wp-block-column-is-layout-flow\">\n<h2 class=\"maracuja has-border-bottom-l has-padding-bottom-xs has-margin-bottom has-light-color has-text-color has-medium-font-size wp-block-heading\" style=\"font-style:normal;font-weight:500\">LES CARACT\u00c9RISTIQUES<\/h2>\n\n\n\n<p class=\"has-margin-bottom-s has-light-color has-text-color\">\u2022 GRANDE CAPACIT\u00c9 DE PRODUCTION ET COMPATIBILIT\u00c9 AVEC LES BACS DE STOCKAGE ICEMATIC<\/p>\n\n\n\n<p class=\"has-margin-bottom-s has-light-color has-text-color\">\u2022 ACIER INOX<\/p>\n\n\n\n<p class=\"has-margin-bottom-s has-light-color has-text-color\">\u2022 PANNEAU TOUCH CAPACITIF, STAND-BY ET R\u00c9INITIALISATION<\/p>\n\n\n\n<p class=\"has-margin-bottom-s has-light-color has-text-color\">\u2022 LAVAGE AUTOMATIQUE<\/p>\n\n\n\n<p class=\"has-margin-bottom-s has-light-color has-text-color\">\u2022 ACC\u00c8S LAT\u00c9RAL USB POUR VISUALISER LES PARAM\u00c8TRES DE FONCTIONNEMENT<\/p>\n\n\n\n<p class=\"has-light-color has-text-color\">\u2022 FILTRE LAT\u00c9RAL EXTRACTIBLE ET NETTOYABLE<\/p>\n<\/div>\n<\/div>\n<\/section>\n","protected":false},"excerpt":{"rendered":"<p>LE GLA\u00c7ON Un gla\u00e7on plein et rectangulaire, disponible en trois diff\u00e9rentes dimensions, DICE, HALF-LARGE e LARGE. Il est parfait pour refroidir rapidement les boissons. La [&hellip;]<\/p>\n","protected":false},"author":6,"featured_media":0,"parent":2648,"menu_order":0,"comment_status":"closed","ping_status":"closed","template":"page-templates\/product-category.php","meta":{"_acf_changed":false,"inline_featured_image":false,"site-sidebar-layout":"default","site-content-layout":"","ast-site-content-layout":"default","site-content-style":"default","site-sidebar-style":"default","ast-global-header-display":"","ast-banner-title-visibility":"","ast-main-header-display":"","ast-hfb-above-header-display":"","ast-hfb-below-header-display":"","ast-hfb-mobile-header-display":"","site-post-title":"disabled","ast-breadcrumbs-content":"","ast-featured-img":"","footer-sml-layout":"","ast-disable-related-posts":"","theme-transparent-header-meta":"","adv-header-id-meta":"","stick-header-meta":"","header-above-stick-meta":"","header-main-stick-meta":"","header-below-stick-meta":"","astra-migrate-meta-layouts":"default","ast-page-background-enabled":"default","ast-page-background-meta":{"desktop":{"background-color":"var(--ast-global-color-4)","background-image":"","background-repeat":"repeat","background-position":"center center","background-size":"auto","background-attachment":"scroll","background-type":"","background-media":"","overlay-type":"","overlay-color":"","overlay-opacity":"","overlay-gradient":""},"tablet":{"background-color":"","background-image":"","background-repeat":"repeat","background-position":"center center","background-size":"auto","background-attachment":"scroll","background-type":"","background-media":"","overlay-type":"","overlay-color":"","overlay-opacity":"","overlay-gradient":""},"mobile":{"background-color":"","background-image":"","background-repeat":"repeat","background-position":"center center","background-size":"auto","background-attachment":"scroll","background-type":"","background-media":"","overlay-type":"","overlay-color":"","overlay-opacity":"","overlay-gradient":""}},"ast-content-background-meta":{"desktop":{"background-color":"var(--ast-global-color-5)","background-image":"","background-repeat":"repeat","background-position":"center center","background-size":"auto","background-attachment":"scroll","background-type":"","background-media":"","overlay-type":"","overlay-color":"","overlay-opacity":"","overlay-gradient":""},"tablet":{"background-color":"var(--ast-global-color-5)","background-image":"","background-repeat":"repeat","background-position":"center center","background-size":"auto","background-attachment":"scroll","background-type":"","background-media":"","overlay-type":"","overlay-color":"","overlay-opacity":"","overlay-gradient":""},"mobile":{"background-color":"var(--ast-global-color-5)","background-image":"","background-repeat":"repeat","background-position":"center center","background-size":"auto","background-attachment":"scroll","background-type":"","background-media":"","overlay-type":"","overlay-color":"","overlay-opacity":"","overlay-gradient":""}},"footnotes":""},"class_list":["post-2666","page","type-page","status-publish","hentry"],"acf":[],"_links":{"self":[{"href":"https:\/\/icematic.eu\/fr\/wp-json\/wp\/v2\/pages\/2666","targetHints":{"allow":["GET"]}}],"collection":[{"href":"https:\/\/icematic.eu\/fr\/wp-json\/wp\/v2\/pages"}],"about":[{"href":"https:\/\/icematic.eu\/fr\/wp-json\/wp\/v2\/types\/page"}],"author":[{"embeddable":true,"href":"https:\/\/icematic.eu\/fr\/wp-json\/wp\/v2\/users\/6"}],"replies":[{"embeddable":true,"href":"https:\/\/icematic.eu\/fr\/wp-json\/wp\/v2\/comments?post=2666"}],"version-history":[{"count":7,"href":"https:\/\/icematic.eu\/fr\/wp-json\/wp\/v2\/pages\/2666\/revisions"}],"predecessor-version":[{"id":3116,"href":"https:\/\/icematic.eu\/fr\/wp-json\/wp\/v2\/pages\/2666\/revisions\/3116"}],"up":[{"embeddable":true,"href":"https:\/\/icematic.eu\/fr\/wp-json\/wp\/v2\/pages\/2648"}],"wp:attachment":[{"href":"https:\/\/icematic.eu\/fr\/wp-json\/wp\/v2\/media?parent=2666"}],"curies":[{"name":"wp","href":"https:\/\/api.w.org\/{rel}","templated":true}]}}