{"id":2664,"date":"2022-05-27T00:15:37","date_gmt":"2022-05-26T23:15:37","guid":{"rendered":"https:\/\/icematic.eu\/produits\/grape\/"},"modified":"2025-05-23T15:17:44","modified_gmt":"2025-05-23T14:17:44","slug":"grape","status":"publish","type":"page","link":"https:\/\/icematic.eu\/fr\/produits\/grape\/","title":{"rendered":"Grape"},"content":{"rendered":"\n<div class=\"wp-block-cover alignfull is-light remove-padding-bottom has-full-height\"><span aria-hidden=\"true\" class=\"wp-block-cover__background has-background-dim-20 has-background-dim\"><\/span><img loading=\"lazy\" decoding=\"async\" width=\"1920\" height=\"1080\" class=\"wp-block-cover__image-background wp-image-826\" alt=\"Icematic Grape - Machine \u00e0 gla\u00e7ons et glace pil\u00e9e professionnel\" src=\"https:\/\/icematic.eu\/app\/uploads\/2022\/07\/icematic-commercial-icemakers-grape-icecube.jpg\" style=\"object-position:65% 53%\" data-object-fit=\"cover\" data-object-position=\"65% 53%\" srcset=\"https:\/\/icematic.eu\/app\/uploads\/2022\/07\/icematic-commercial-icemakers-grape-icecube.jpg 1920w, https:\/\/icematic.eu\/app\/uploads\/2022\/07\/icematic-commercial-icemakers-grape-icecube-300x169.jpg 300w, https:\/\/icematic.eu\/app\/uploads\/2022\/07\/icematic-commercial-icemakers-grape-icecube-1024x576.jpg 1024w, https:\/\/icematic.eu\/app\/uploads\/2022\/07\/icematic-commercial-icemakers-grape-icecube-768x432.jpg 768w, https:\/\/icematic.eu\/app\/uploads\/2022\/07\/icematic-commercial-icemakers-grape-icecube-1536x864.jpg 1536w, https:\/\/icematic.eu\/app\/uploads\/2022\/07\/icematic-commercial-icemakers-grape-icecube-600x338.jpg 600w\" sizes=\"auto, (max-width: 1920px) 100vw, 1920px\" \/><div class=\"wp-block-cover__inner-container is-layout-flow wp-block-cover-is-layout-flow\">\n<div class=\"wp-block-columns alignwide has-margin-top has-margin-bottom-l is-layout-flex wp-container-core-columns-is-layout-28f84493 wp-block-columns-is-layout-flex\">\n<div class=\"wp-block-column is-layout-flow wp-block-column-is-layout-flow\">\n<svg xmlns=\"http:\/\/www.w3.org\/2000\/svg\" width=\"193.773\" height=\"178.942\" viewBox=\"0 0 193.773 178.942\" class=\"category\">\n\t<g id=\"Group_118\" data-name=\"Group 118\" style=\"mix-blend-mode: multiply;isolation: isolate\">\n\t\t<path id=\"Path_52\" data-name=\"Path 52\" d=\"M-2.165-4.33A44.74,44.74,0,0,0,42.573-49.068,44.735,44.735,0,0,0-2.165-93.8,44.735,44.735,0,0,0-46.9-49.068,44.74,44.74,0,0,0-2.165-4.33\" transform=\"translate(99.052 183.272)\" fill=\"#fff\"><\/path>\n\t\t<path id=\"Path_53\" data-name=\"Path 53\" d=\"M-2.165-4.33A44.74,44.74,0,0,0,42.573-49.068,44.735,44.735,0,0,0-2.165-93.8,44.735,44.735,0,0,0-46.9-49.068,44.74,44.74,0,0,0-2.165-4.33\" transform=\"translate(46.903 93.8)\" fill=\"#fff\"><\/path>\n\t\t<path id=\"Path_54\" data-name=\"Path 54\" d=\"M-2.165-4.33A44.74,44.74,0,0,0,42.573-49.068,44.735,44.735,0,0,0-2.165-93.8,44.735,44.735,0,0,0-46.9-49.068,44.74,44.74,0,0,0-2.165-4.33\" transform=\"translate(151.2 93.8)\" fill=\"#fff\"><\/path>\n\t<\/g>\n<\/svg>\n\n\n\n<h1 class=\"wp-block-heading has-margin-bottom has-light-color has-text-color has-xxl-font-size\" style=\"font-style:normal;font-weight:700\">Grape<\/h1>\n\n\n\n<h2 class=\"wp-block-heading has-margin-bottom has-light-color has-text-color has-medium-font-size\" style=\"font-style:normal;font-weight:500\">MACHINE \u00c0<br>GLA\u00c7ONS<\/h2>\n\n\n\n<p class=\"has-font-weight-medium has-light-color has-text-color has-medium-font-size\">NUGGETS<\/p>\n<\/div>\n\n\n\n<div class=\"wp-block-column is-vertically-aligned-bottom hide-until-desktop is-layout-flow wp-block-column-is-layout-flow\"><\/div>\n<\/div>\n\n\n\n<div class=\"wp-block-columns alignfull force is-layout-flex wp-container-core-columns-is-layout-28f84493 wp-block-columns-is-layout-flex\">\n<div class=\"wp-block-column is-layout-flow wp-block-column-is-layout-flow\"><\/div>\n\n\n\n<div class=\"wp-block-column is-layout-flow wp-block-column-is-layout-flow\">\n<section class=\"inherit-container-width wp-block-group section-grey-header has-grey-background-color has-background is-layout-constrained wp-block-group-is-layout-constrained\">\n<div class=\"wp-block-columns inner is-layout-flex wp-container-core-columns-is-layout-28f84493 wp-block-columns-is-layout-flex\">\n<div class=\"wp-block-column has-negative-margin-top is-layout-flow wp-block-column-is-layout-flow\" style=\"flex-basis:50%\">\n<figure class=\"wp-block-image aligncenter size-full\"><img loading=\"lazy\" decoding=\"async\" width=\"700\" height=\"700\" src=\"https:\/\/icematic.eu\/app\/uploads\/2022\/07\/app.png\" alt=\"App My Ice disponible dans les machines \u00e0 gla\u00e7ons professionnelles Icematic Berries\" class=\"wp-image-1720\" srcset=\"https:\/\/icematic.eu\/app\/uploads\/2022\/07\/app.png 700w, https:\/\/icematic.eu\/app\/uploads\/2022\/07\/app-300x300.png 300w, https:\/\/icematic.eu\/app\/uploads\/2022\/07\/app-150x150.png 150w, https:\/\/icematic.eu\/app\/uploads\/2022\/07\/app-600x600.png 600w, https:\/\/icematic.eu\/app\/uploads\/2022\/07\/app-100x100.png 100w\" sizes=\"auto, (max-width: 700px) 100vw, 700px\" \/><\/figure>\n<\/div>\n\n\n\n<div class=\"wp-block-column is-layout-flow wp-block-column-is-layout-flow\" style=\"flex-basis:50%\">\n<p class=\"has-margin-bottom-s has-grape-color has-text-color has-regular-font-size\">Disponible pour Grape<\/p>\n\n\n\n<h2 class=\"wp-block-heading has-text-align-left has-margin-bottom hide-until-desktop has-grape-color has-text-color has-large-font-size\"><strong>APP MY ICE<\/strong><\/h2>\n\n\n\n<h2 class=\"wp-block-heading has-text-align-left has-margin-bottom hide-from-desktop has-grape-color has-text-color has-large-font-size\"><strong>APP<\/strong><br><strong>MY ICE<\/strong><\/h2>\n\n\n\n<div class=\"wp-block-buttons is-layout-flex wp-block-buttons-is-layout-flex\">\n<div class=\"wp-block-button\"><a class=\"wp-block-button__link wp-element-button\" href=\"\/app-my-ice\/\">D\u00e9couvrez notre APP<\/a><\/div>\n<\/div>\n<\/div>\n<\/div>\n<\/section>\n<\/div>\n<\/div>\n<\/div><\/div>\n\n\n\n<section class=\"inherit-container-width wp-block-group alignfull has-margin-bottom-m has-primary-background-color has-background is-layout-constrained wp-block-group-is-layout-constrained\">\n<div class=\"wp-block-columns alignwide are-vertically-aligned-top is-layout-flex wp-container-core-columns-is-layout-28f84493 wp-block-columns-is-layout-flex\">\n<div class=\"wp-block-column is-vertically-aligned-top has-margin-bottom-m-until-desktop is-layout-flow wp-block-column-is-layout-flow\">\n<h2 class=\"wp-block-heading grape has-border-bottom-l has-padding-bottom-xs has-margin-bottom has-light-color has-text-color has-medium-font-size\" style=\"font-style:normal;font-weight:500\">LA GLACE<\/h2>\n\n\n\n<p class=\"has-light-color has-text-color\">La glace en nuggets (\u00e0 p\u00e9pites) a la caract\u00e9ristique d\u2019\u00eatre \u00e0 la fois compacte et agr\u00e9able \u00e0 croquer, en \u00e9tant un juste milieu entre la glace granulaire et le gla\u00e7on.<\/p>\n\n\n\n<p class=\"has-light-color has-text-color\">Il s\u2019agit de la glace id\u00e9ale pour la cr\u00e9ation de cocktails comme la ca\u00efpirinha, le mojito, les caipiroskas, etc, et pour les buffets sur lit de glace.<\/p>\n\n\n\n<p class=\"has-light-color has-text-color\">La glace en nugget a une faible teneur en eau (environ 8%) et elle peut \u00eatre utilis\u00e9e dans diff\u00e9rents secteurs: bars \u00e0 cocktails et discoth\u00e8ques, restauration collective, cuisines centrales et \u00e9galement dans le secteur m\u00e9dical.<\/p>\n<\/div>\n\n\n\n<div class=\"wp-block-column is-vertically-aligned-top has-margin-bottom-m-until-desktop is-layout-flow wp-block-column-is-layout-flow\">\n<h2 class=\"wp-block-heading grape has-border-bottom-l has-padding-bottom-xs has-margin-bottom has-light-color has-text-color has-medium-font-size\" style=\"font-style:normal;font-weight:500\">LA MACHINE<\/h2>\n\n\n\n<p class=\"has-light-color has-text-color\">La gamme de machines \u00e0 gla\u00e7ons en nuggets se compose de deux mod\u00e8les avec diff\u00e9rentes capacit\u00e9s de production et qui doivent \u00eatre combin\u00e9s avec un bac de stockage s\u00e9par\u00e9.<\/p>\n\n\n\n<p class=\"has-light-color has-text-color\">La glace en nuggets est cr\u00e9\u00e9e par un \u00e9vaporateur cylindrique vertical \u00e9quip\u00e9 d\u2019une vis sans fin qui racle la glace de la surface interne de l\u2019\u00e9vaporateur, en l\u2019amenant jusqu\u2019\u00e0 la sortie du cylindre o\u00f9 se trouve une extrudeuse qui comprime la glace sous la forme d\u2019une p\u00e9pite (nugget).<\/p>\n\n\n\n<p class=\"has-light-color has-text-color\">Le bac de stockage peut \u00eatre s\u00e9lectionn\u00e9 parmi la vaste gamme des bacs Icematic.<\/p>\n<\/div>\n\n\n\n<div class=\"wp-block-column is-vertically-aligned-top is-layout-flow wp-block-column-is-layout-flow\">\n<h2 class=\"wp-block-heading grape has-border-bottom-l has-padding-bottom-xs has-margin-bottom has-light-color has-text-color has-medium-font-size\" style=\"font-style:normal;font-weight:500\">LES CARACT\u00c9RISTIQUES<\/h2>\n\n\n\n<p class=\"has-margin-bottom-s has-light-color has-text-color\">\u2022 GRANDE CAPACIT\u00c9 DE PRODUCTION<\/p>\n\n\n\n<p class=\"has-margin-bottom-s has-light-color has-text-color\">\u2022 ACIER INOX<\/p>\n\n\n\n<p class=\"has-margin-bottom-s has-light-color has-text-color\">\u2022 ENTR\u00c9E ET SORTIE FRONTALES DE L\u2019AIR<\/p>\n\n\n\n<p class=\"has-margin-bottom-s has-light-color has-text-color\">\u2022 GESTION FACILE DE LA GLACE<\/p>\n\n\n\n<p class=\"has-light-color has-text-color\">\u2022 GLACE AVEC FAIBLE TENEUR EN EAU, ENVIRON 8%<\/p>\n\n\n\n<p class=\"has-light-color has-text-color\">\u2022 COMPATIBILIT\u00c9 AVEC LES BACS DE STOCKAGE ICEMATIC<\/p>\n<\/div>\n<\/div>\n<\/section>\n","protected":false},"excerpt":{"rendered":"<p>LA GLACE La glace en nuggets (\u00e0 p\u00e9pites) a la caract\u00e9ristique d\u2019\u00eatre \u00e0 la fois compacte et agr\u00e9able \u00e0 croquer, en \u00e9tant un juste milieu [&hellip;]<\/p>\n","protected":false},"author":6,"featured_media":0,"parent":2648,"menu_order":0,"comment_status":"closed","ping_status":"closed","template":"page-templates\/product-category.php","meta":{"_acf_changed":false,"inline_featured_image":false,"site-sidebar-layout":"default","site-content-layout":"","ast-site-content-layout":"default","site-content-style":"default","site-sidebar-style":"default","ast-global-header-display":"","ast-banner-title-visibility":"","ast-main-header-display":"","ast-hfb-above-header-display":"","ast-hfb-below-header-display":"","ast-hfb-mobile-header-display":"","site-post-title":"disabled","ast-breadcrumbs-content":"","ast-featured-img":"","footer-sml-layout":"","ast-disable-related-posts":"","theme-transparent-header-meta":"","adv-header-id-meta":"","stick-header-meta":"","header-above-stick-meta":"","header-main-stick-meta":"","header-below-stick-meta":"","astra-migrate-meta-layouts":"set","ast-page-background-enabled":"default","ast-page-background-meta":{"desktop":{"background-color":"var(--ast-global-color-4)","background-image":"","background-repeat":"repeat","background-position":"center center","background-size":"auto","background-attachment":"scroll","background-type":"","background-media":"","overlay-type":"","overlay-color":"","overlay-opacity":"","overlay-gradient":""},"tablet":{"background-color":"","background-image":"","background-repeat":"repeat","background-position":"center center","background-size":"auto","background-attachment":"scroll","background-type":"","background-media":"","overlay-type":"","overlay-color":"","overlay-opacity":"","overlay-gradient":""},"mobile":{"background-color":"","background-image":"","background-repeat":"repeat","background-position":"center center","background-size":"auto","background-attachment":"scroll","background-type":"","background-media":"","overlay-type":"","overlay-color":"","overlay-opacity":"","overlay-gradient":""}},"ast-content-background-meta":{"desktop":{"background-color":"var(--ast-global-color-5)","background-image":"","background-repeat":"repeat","background-position":"center center","background-size":"auto","background-attachment":"scroll","background-type":"","background-media":"","overlay-type":"","overlay-color":"","overlay-opacity":"","overlay-gradient":""},"tablet":{"background-color":"var(--ast-global-color-5)","background-image":"","background-repeat":"repeat","background-position":"center center","background-size":"auto","background-attachment":"scroll","background-type":"","background-media":"","overlay-type":"","overlay-color":"","overlay-opacity":"","overlay-gradient":""},"mobile":{"background-color":"var(--ast-global-color-5)","background-image":"","background-repeat":"repeat","background-position":"center center","background-size":"auto","background-attachment":"scroll","background-type":"","background-media":"","overlay-type":"","overlay-color":"","overlay-opacity":"","overlay-gradient":""}},"footnotes":""},"class_list":["post-2664","page","type-page","status-publish","hentry"],"acf":[],"_links":{"self":[{"href":"https:\/\/icematic.eu\/fr\/wp-json\/wp\/v2\/pages\/2664","targetHints":{"allow":["GET"]}}],"collection":[{"href":"https:\/\/icematic.eu\/fr\/wp-json\/wp\/v2\/pages"}],"about":[{"href":"https:\/\/icematic.eu\/fr\/wp-json\/wp\/v2\/types\/page"}],"author":[{"embeddable":true,"href":"https:\/\/icematic.eu\/fr\/wp-json\/wp\/v2\/users\/6"}],"replies":[{"embeddable":true,"href":"https:\/\/icematic.eu\/fr\/wp-json\/wp\/v2\/comments?post=2664"}],"version-history":[{"count":9,"href":"https:\/\/icematic.eu\/fr\/wp-json\/wp\/v2\/pages\/2664\/revisions"}],"predecessor-version":[{"id":31110,"href":"https:\/\/icematic.eu\/fr\/wp-json\/wp\/v2\/pages\/2664\/revisions\/31110"}],"up":[{"embeddable":true,"href":"https:\/\/icematic.eu\/fr\/wp-json\/wp\/v2\/pages\/2648"}],"wp:attachment":[{"href":"https:\/\/icematic.eu\/fr\/wp-json\/wp\/v2\/media?parent=2664"}],"curies":[{"name":"wp","href":"https:\/\/api.w.org\/{rel}","templated":true}]}}