{"id":2646,"date":"2022-05-10T22:11:42","date_gmt":"2022-05-10T21:11:42","guid":{"rendered":"https:\/\/icematic.eu\/entreprise\/"},"modified":"2023-01-20T16:13:18","modified_gmt":"2023-01-20T15:13:18","slug":"entreprise","status":"publish","type":"page","link":"https:\/\/icematic.eu\/fr\/entreprise\/","title":{"rendered":"Entreprise"},"content":{"rendered":"\n<div class=\"wp-block-cover alignfull is-light has-custom-content-position is-position-top-left\"><span aria-hidden=\"true\" class=\"wp-block-cover__background has-primary-background-color has-background-dim\"><\/span><img loading=\"lazy\" decoding=\"async\" width=\"1920\" height=\"1080\" class=\"wp-block-cover__image-background wp-image-1764\" alt=\"Entreprise Icematic - Machines a glacons professionnelles\" src=\"https:\/\/icematic.eu\/app\/uploads\/2022\/08\/testata-azienda.jpg\" data-object-fit=\"cover\" srcset=\"https:\/\/icematic.eu\/app\/uploads\/2022\/08\/testata-azienda.jpg 1920w, https:\/\/icematic.eu\/app\/uploads\/2022\/08\/testata-azienda-300x169.jpg 300w, https:\/\/icematic.eu\/app\/uploads\/2022\/08\/testata-azienda-1024x576.jpg 1024w, https:\/\/icematic.eu\/app\/uploads\/2022\/08\/testata-azienda-768x432.jpg 768w, https:\/\/icematic.eu\/app\/uploads\/2022\/08\/testata-azienda-1536x864.jpg 1536w, https:\/\/icematic.eu\/app\/uploads\/2022\/08\/testata-azienda-600x338.jpg 600w\" sizes=\"auto, (max-width: 1920px) 100vw, 1920px\" \/><div class=\"wp-block-cover__inner-container is-layout-flow wp-block-cover-is-layout-flow\">\n<div class=\"wp-block-columns alignwide is-layout-flex wp-container-core-columns-is-layout-28f84493 wp-block-columns-is-layout-flex\">\n<div class=\"wp-block-column is-layout-flow wp-block-column-is-layout-flow\" style=\"flex-basis:50%\">\n<h1 class=\"has-margin-top-m has-light-color has-text-color has-xxl-font-size wp-block-heading\" style=\"font-style:normal;font-weight:700\">Entreprise<\/h1>\n<\/div>\n<\/div>\n<\/div><\/div>\n\n\n\n<section class=\"inherit-container-width wp-block-group alignwide has-margin-top-m has-margin-bottom-l is-layout-constrained wp-block-group-is-layout-constrained\">\n<div class=\"wp-block-columns alignwide has-margin-bottom-l is-layout-flex wp-container-core-columns-is-layout-28f84493 wp-block-columns-is-layout-flex\">\n<div class=\"wp-block-column is-layout-flow wp-block-column-is-layout-flow\">\n<h2 class=\"has-margin-bottom has-large-font-size wp-block-heading\" style=\"font-style:normal;font-weight:700\">Une longue exp\u00e9rience<\/h2>\n\n\n\n<p>L&#8217;histoire de Icematic commence en 1963. L\u2019entreprise d\u00e9montre d\u00e8s le d\u00e9but un grand potentiel de croissance et une excellente capacit\u00e9 de r\u00e9pondre m\u00e9ticuleusement aux exigences du march\u00e9.<\/p>\n\n\n\n<p>Pour cette raison, en 1985, un grand groupe international d\u00e9cide d\u2019investir sur Icematic, en concentrant ici la production des machines \u00e0 gla\u00e7ons modulaires, en nous confiant dans le d\u00e9veloppement de grands projets innovants du point de vue tant du d\u00e9veloppement que des composants technico-m\u00e9caniques.<\/p>\n\n\n\n<p>Dans cette p\u00e9riode notre croissance et notre sp\u00e9cialisation continuent, jusqu\u2019\u00e0 la r\u00e9alisation de plus de 6000 machines modulaires par an, avec une production bas\u00e9e sur principalement sur processus internes.<\/p>\n\n\n\n<p>Dans les ann\u00e9es &#8217;90, en interceptant une forte demande du march\u00e9, nous commen\u00e7ons \u00e9galement \u00e0 construire des bacs de stockage pour la glace, pour int\u00e9grer notre production et pour distinguer notre offre de notre concurrence.<\/p>\n<\/div>\n\n\n\n<div class=\"wp-block-column is-layout-flow wp-block-column-is-layout-flow\">\n<figure class=\"wp-block-image aligncenter size-full has-border-radius-img\"><img loading=\"lazy\" decoding=\"async\" width=\"1000\" height=\"1000\" src=\"https:\/\/icematic.eu\/app\/uploads\/2022\/07\/company-icematic-1.jpg\" alt=\"Icematic - Processus de production des machines \u00e0 gla\u00e7ons professionnelles\" class=\"wp-image-814\" srcset=\"https:\/\/icematic.eu\/app\/uploads\/2022\/07\/company-icematic-1.jpg 1000w, https:\/\/icematic.eu\/app\/uploads\/2022\/07\/company-icematic-1-300x300.jpg 300w, https:\/\/icematic.eu\/app\/uploads\/2022\/07\/company-icematic-1-150x150.jpg 150w, https:\/\/icematic.eu\/app\/uploads\/2022\/07\/company-icematic-1-768x768.jpg 768w, https:\/\/icematic.eu\/app\/uploads\/2022\/07\/company-icematic-1-600x600.jpg 600w, https:\/\/icematic.eu\/app\/uploads\/2022\/07\/company-icematic-1-100x100.jpg 100w\" sizes=\"auto, (max-width: 1000px) 100vw, 1000px\" \/><\/figure>\n<\/div>\n<\/div>\n\n\n\n<div class=\"wp-block-columns alignwide column-reverse-until-desktop is-layout-flex wp-container-core-columns-is-layout-28f84493 wp-block-columns-is-layout-flex\">\n<div class=\"wp-block-column is-layout-flow wp-block-column-is-layout-flow\">\n<figure class=\"wp-block-image aligncenter size-full has-border-radius-img\"><img loading=\"lazy\" decoding=\"async\" width=\"1000\" height=\"1000\" src=\"https:\/\/icematic.eu\/app\/uploads\/2022\/07\/company-icematic-2.jpg\" alt=\"Icematic - Processus de production des machines \u00e0 gla\u00e7ons professionnelles\" class=\"wp-image-815\" srcset=\"https:\/\/icematic.eu\/app\/uploads\/2022\/07\/company-icematic-2.jpg 1000w, https:\/\/icematic.eu\/app\/uploads\/2022\/07\/company-icematic-2-300x300.jpg 300w, https:\/\/icematic.eu\/app\/uploads\/2022\/07\/company-icematic-2-150x150.jpg 150w, https:\/\/icematic.eu\/app\/uploads\/2022\/07\/company-icematic-2-768x768.jpg 768w, https:\/\/icematic.eu\/app\/uploads\/2022\/07\/company-icematic-2-600x600.jpg 600w, https:\/\/icematic.eu\/app\/uploads\/2022\/07\/company-icematic-2-100x100.jpg 100w\" sizes=\"auto, (max-width: 1000px) 100vw, 1000px\" \/><\/figure>\n<\/div>\n\n\n\n<div class=\"wp-block-column is-layout-flow wp-block-column-is-layout-flow\">\n<h2 class=\"has-margin-bottom has-large-font-size wp-block-heading\" style=\"font-style:normal;font-weight:700\">Nouvelles opportunit\u00e9s<\/h2>\n\n\n\n<p class=\"has-margin-bottom-m\">En 2013 Icematic entre dans le grand groupe industriel Ali Group, une opportunit\u00e9 importante pour maturer une majeure ind\u00e9pendance productive et, surtout, pour augmenter la gamme des produits et investir sur l&#8217;innovation technologique. D\u00e9j\u00e0 depuis le 2014, en effet, la production des machines \u00e0 aspersion a commenc\u00e9 avec un excellent positionnement qualit\u00e9\/prix et en acqu\u00e9rant des parts de march\u00e9 importantes.<\/p>\n\n\n\n<h2 class=\"has-margin-bottom has-large-font-size wp-block-heading\" style=\"font-style:normal;font-weight:700\">Innovation continue<\/h2>\n\n\n\n<p>La v\u00e9ritable innovation arrive en 2022, quand nous lan\u00e7ons notre app &#8220;My Ice&#8221; pour la gestion \u00e0 distance des machines. Gr\u00e2ce \u00e0 cette technologie exclusive, nous pouvons garantir \u00e0 notre client\u00e8le une production de glace absolument personnalis\u00e9e, bas\u00e9e sur les exigences sp\u00e9cifiques de chaque r\u00e9alit\u00e9, avec un signifiant am\u00e9lior\u00e8rent de la qualit\u00e9 de glace et une \u00e9conomie d\u2019\u00e9nergie importante.<\/p>\n<\/div>\n<\/div>\n<\/section>\n\n\n\n<section class=\"inherit-container-width wp-block-group alignfull has-margin-bottom-l has-light-color has-primary-background-color has-text-color has-background is-layout-constrained wp-block-group-is-layout-constrained\">\n<div class=\"wp-block-columns alignwide is-layout-flex wp-container-core-columns-is-layout-28f84493 wp-block-columns-is-layout-flex\">\n<div class=\"wp-block-column is-layout-flow wp-block-column-is-layout-flow\">\n<h2 class=\"has-light-color has-text-color has-xl-font-size wp-block-heading\">LE SYST\u00c8ME DE PRODUCTION<\/h2>\n\n\n\n<h3 class=\"has-margin-bottom has-light-color has-text-color has-large-font-size wp-block-heading\" style=\"font-style:normal;font-weight:700\">Nous cr\u00e9ons qualit\u00e9 avec nos mains<\/h3>\n\n\n\n<p class=\"has-margin-bottom-m has-light-color has-text-color\">Nous sommes ravis de pouvoir assurer la qualit\u00e9 et la s\u00e9curit\u00e9 de nos produits, parce que nous suivrons leurs r\u00e9alisation \u00e9tape par \u00e9tape. Du travail de l&#8217;acier pour la coque, \u00e0 la construction des \u00e9vaporateurs, jusqu&#8217;\u00e0 l&#8217;assemblage final, le flux de production complet est r\u00e9alis\u00e9 internement \u00e0 l&#8217;usine. Dans cette fa\u00e7on, nous suivons toutes les \u00e9tapes et nous sommes conscients de l&#8217;efficacit\u00e9 de tous les composants, pour offrir machines \u00e0 gla\u00e7ons professionnelles et s\u00fbres, efficaces et durables dans le temps.<\/p>\n\n\n\n<h3 class=\"has-margin-bottom has-light-color has-text-color has-large-font-size wp-block-heading\" style=\"font-style:normal;font-weight:700\">Principes d\u2019\u00e9coconception pour le bien-\u00eatre de notre plan\u00e8te<\/h3>\n\n\n\n<p class=\"has-light-color has-text-color\">Nous prestons beaucoup plus d&#8217;attention \u00e0 l&#8217;impact sur l&#8217;environnement et nous cherchons tous les jours de r\u00e9duire le poids que notre production et nos produits cr\u00e9ent. Pour cette raison, quand nous concevons nos produits nous nous inspirons aux canons de l&#8217;\u00e9codesign, qui pr\u00e9voient la r\u00e9duction des consommations tant dans la phase de production que dans les produits eux-m\u00eames. Nos machines \u00e0 gla\u00e7ons ont des valeurs de consommation d\u2019\u00e9nergie toujours plus r\u00e9duites ; l&#8217;adoption de technologies innovants permet de planifier l&#8217;activit\u00e9 de la machine, en r\u00e9duisant sensiblement les besoins \u00e9nerg\u00e9tiques. En outre, les traitements de nickelage que nous r\u00e9alisons dans certains composants de machines ont un risque tr\u00e8s r\u00e9duit de dispersion des m\u00e9taux lourdes dans l&#8217;eau, jusqu\u2019\u00e0 10 fois moins que les traitements habituellement utilis\u00e9s.<\/p>\n<\/div>\n\n\n\n<div class=\"wp-block-column is-layout-flow wp-block-column-is-layout-flow\">\n<figure class=\"wp-block-image aligncenter size-full has-border-radius-img\"><img loading=\"lazy\" decoding=\"async\" width=\"1000\" height=\"1500\" src=\"https:\/\/icematic.eu\/app\/uploads\/2022\/07\/azienda-company-icematic-3.jpg\" alt=\"Icematic - Processus de production des machines \u00e0 gla\u00e7ons professionnelles\" class=\"wp-image-816\" srcset=\"https:\/\/icematic.eu\/app\/uploads\/2022\/07\/azienda-company-icematic-3.jpg 1000w, https:\/\/icematic.eu\/app\/uploads\/2022\/07\/azienda-company-icematic-3-200x300.jpg 200w, https:\/\/icematic.eu\/app\/uploads\/2022\/07\/azienda-company-icematic-3-683x1024.jpg 683w, https:\/\/icematic.eu\/app\/uploads\/2022\/07\/azienda-company-icematic-3-768x1152.jpg 768w, https:\/\/icematic.eu\/app\/uploads\/2022\/07\/azienda-company-icematic-3-600x900.jpg 600w\" sizes=\"auto, (max-width: 1000px) 100vw, 1000px\" \/><\/figure>\n<\/div>\n<\/div>\n<\/section>\n\n\n\n<div class=\"inherit-container-width wp-block-group alignwide has-margin-bottom-l is-layout-constrained wp-block-group-is-layout-constrained\">\n<div class=\"wp-block-columns alignwide has-margin-bottom-l is-layout-flex wp-container-core-columns-is-layout-28f84493 wp-block-columns-is-layout-flex\">\n<div class=\"wp-block-column is-layout-flow wp-block-column-is-layout-flow\">\n<h2 class=\"has-xl-font-size wp-block-heading\" style=\"text-transform:uppercase\">Pourquoi<br>Choisir<br>Icematic<\/h2>\n<\/div>\n<\/div>\n\n\n\n<div class=\"wp-block-columns alignwide has-margin-bottom-m is-layout-flex wp-container-core-columns-is-layout-28f84493 wp-block-columns-is-layout-flex\">\n<div class=\"wp-block-column alignwide is-layout-flow wp-block-column-is-layout-flow\">\n<h3 class=\"has-margin-bottom has-large-font-size wp-block-heading\" style=\"font-style:normal;font-weight:700\">Fiabilit\u00e9 qui vient de l&#8217;exp\u00e9rience<\/h3>\n\n\n\n<p>Icematic travaille dans le secteur de production des machines \u00e0 gla\u00e7ons depuis le 1963, un long parcours qui a nous permit d\u2019affiner notre technique de production, de tester des technologies innovantes et r\u00e9volutionnaires, construire machines chaque jour plus performants, s\u00fbrs et fiables, \u00e9galement dans le temps.<\/p>\n<\/div>\n\n\n\n<div class=\"wp-block-column is-layout-flow wp-block-column-is-layout-flow\">\n<h3 class=\"has-margin-bottom has-large-font-size wp-block-heading\" style=\"font-style:normal;font-weight:700\">Connaissance approfondie pour une approche globale<\/h3>\n\n\n\n<p>Notre longue activit\u00e9 nous a permis de d\u00e9velopper une connaissance approfondie de l\u2019ensemble du &#8220;syst\u00e8me de la glace&#8221;, en nous permettant de le renouveler avec des technologies exclusives brevet\u00e9es. L\u2019id\u00e9e d\u2019unifier nos machines du point de vue technique et de la gestion nous a permis d\u2019appliquer petites et grandes r\u00e9volutions qui am\u00e9liorent la vie de clients qui utilisent nos produits.<\/p>\n<\/div>\n<\/div>\n\n\n\n<div class=\"wp-block-columns alignwide has-margin-bottom-m is-layout-flex wp-container-core-columns-is-layout-28f84493 wp-block-columns-is-layout-flex\">\n<div class=\"wp-block-column alignwide is-layout-flow wp-block-column-is-layout-flow\">\n<h3 class=\"has-margin-bottom has-large-font-size wp-block-heading\" style=\"font-style:normal;font-weight:700\">\u00c9volution technologique pour am\u00e9liorer la performance<\/h3>\n\n\n\n<p>Le d\u00e9veloppement d\u2019une App pour le contr\u00f4le des machines \u00e0 gla\u00e7ons, \u00e9galement \u00e0 distance, a contribu\u00e9 \u00e0 faire un r\u00e9el pas en avant dans la performance de nos produits et dans la facilit\u00e9 d&#8217;utilisation. Planification de la production de glace, gestion asynchrone des cycles de d\u00e9sinfection et bien d\u2019autres petites r\u00e9volutions pour une production de glace optimale, personnalis\u00e9e sur les exigences de chaque client.<\/p>\n<\/div>\n\n\n\n<div class=\"wp-block-column is-layout-flow wp-block-column-is-layout-flow\">\n<h3 class=\"has-margin-bottom has-large-font-size wp-block-heading\" style=\"font-style:normal;font-weight:700\">Support et \u00e9coute pour la satisfaction du client.<\/h3>\n\n\n\n<p>Notre \u00e9quipe commerciale et le d\u00e9partement de recherche et d\u00e9veloppement travaillent sur les demandes et sur les n\u00e9cessit\u00e9s de la client\u00e8le, dans le but d\u2019anticiper leurs besoins et de toujours apporter des r\u00e9ponses concr\u00e8tes. Toute notre activit\u00e9 est bas\u00e9e sur l\u2019\u00e9coute du client et sur un r\u00e9seau structur\u00e9 qui assure une assistance r\u00e9solutive et rapide en cas de besoin et un soutien continu, \u00e9galement \u00e0 distance, pour la programmation et la personnalisation des fonctions des machines.<\/p>\n<\/div>\n<\/div>\n\n\n\n<div class=\"wp-block-columns alignwide has-margin-bottom-l is-layout-flex wp-container-core-columns-is-layout-28f84493 wp-block-columns-is-layout-flex\">\n<div class=\"wp-block-column alignwide is-layout-flow wp-block-column-is-layout-flow\">\n<h3 class=\"has-margin-bottom has-large-font-size wp-block-heading\" style=\"font-style:normal;font-weight:700\">Vocation verte pour le respect de l\u2019environnement<\/h3>\n\n\n\n<p>Le d\u00e9veloppement technologique qui nous caract\u00e9rise vise \u00e0 l\u2019am\u00e9lioration continue et \u00e0 la production des machines avec performances excellentes avec un faible impact sur la consommation d\u2019\u00e9nergie. La gestion de l&#8217;eau et de la production de glace permet de r\u00e9duire consid\u00e9rablement les \u00e9ventuelles pr\u00e9sences des m\u00e9taux, pour un produit plus durable. Nous nous engageons \u00e0 r\u00e9duire constamment notre impact sur l\u2019environnement. Pour cette raison, dans notre nouveau si\u00e8ge nous avons pr\u00e9vu l&#8217;introduction des structures pour l\u2019autoproduction d\u2019\u00e9nergie durable et nous avons \u00e9tudi\u00e9 un syst\u00e8me pour la r\u00e9cup\u00e9ration des \u00e9nergies en circulation et pour la r\u00e9duction des consommations.<\/p>\n<\/div>\n\n\n\n<div class=\"wp-block-column is-layout-flow wp-block-column-is-layout-flow\">\n<h3 class=\"has-margin-bottom has-large-font-size wp-block-heading\" style=\"font-style:normal;font-weight:700\">Service ramifi\u00e9 avec une \u00e9quipe professionnelle.<\/h3>\n\n\n\n<p>Notre vaste r\u00e9seau de revendeurs est toujours \u00e0 disposition des clients finaux, pour interventions d\u2019assistance rapides et efficaces. La technologie \u00e0 distance g\u00e9r\u00e9e par l\u2019App nous permet de faire de poser un diagnostic \u00e0 distance et de permettre au revendeur d\u2019intervenir soit \u00e0 distance, soit personnellement, mais d\u00e9j\u00e0 avec la pleine conscience de ses besoins. La collaboration avec nos revendeurs est pour nous un point cl\u00e9 pour offrir des produits et des services fiables aux clients finaux : c&#8217;est un moyen de grandir ensemble et d\u2019\u00e9tablir une relation durable et fructueuse.<\/p>\n<\/div>\n<\/div>\n\n\n\n<figure class=\"wp-block-image aligncenter size-full alignwide has-border-radius-img\"><img loading=\"lazy\" decoding=\"async\" width=\"1920\" height=\"1080\" src=\"https:\/\/icematic.eu\/app\/uploads\/2022\/07\/company-icematic-4.jpg\" alt=\"Icematic - Bureau de conception des machines pour la production de glace\" class=\"wp-image-817\" srcset=\"https:\/\/icematic.eu\/app\/uploads\/2022\/07\/company-icematic-4.jpg 1920w, https:\/\/icematic.eu\/app\/uploads\/2022\/07\/company-icematic-4-300x169.jpg 300w, https:\/\/icematic.eu\/app\/uploads\/2022\/07\/company-icematic-4-1024x576.jpg 1024w, https:\/\/icematic.eu\/app\/uploads\/2022\/07\/company-icematic-4-768x432.jpg 768w, https:\/\/icematic.eu\/app\/uploads\/2022\/07\/company-icematic-4-1536x864.jpg 1536w, https:\/\/icematic.eu\/app\/uploads\/2022\/07\/company-icematic-4-600x338.jpg 600w\" sizes=\"auto, (max-width: 1920px) 100vw, 1920px\" \/><\/figure>\n<\/div>\n\n\n\n<section class=\"inherit-container-width wp-block-group alignfull has-margin-bottom-l has-grey-background-color has-background is-layout-constrained wp-block-group-is-layout-constrained\">\n<div class=\"wp-block-columns are-vertically-aligned-center alignwide is-layout-flex wp-container-core-columns-is-layout-28f84493 wp-block-columns-is-layout-flex\">\n<div class=\"wp-block-column is-vertically-aligned-center alignwide is-layout-flow wp-block-column-is-layout-flow\">\n<h2 class=\"has-xl-font-size wp-block-heading\">ICEMATIC<br>DANS LE MONDE<\/h2>\n\n\n\n<p>Dans un march\u00e9 statique, nous nous affirmons comme innovateurs, en essayant chaque jour de faire la diff\u00e9rence, en termes d\u2019\u00e9volution technologique de nos produits et de relation avec le client. Notre \u00e9quipe commerciale, qui se compose de 4 commerciaux qui couvrent les diff\u00e9rentes zones d\u2019exportation dans le monde entier et un Directeur commerciale, r\u00e9ponde chaque jour aux demandes des clients de mani\u00e8re proactive et collaborative.<\/p>\n<\/div>\n\n\n\n<div class=\"wp-block-column is-vertically-aligned-center is-layout-flow wp-block-column-is-layout-flow\">\n<div class=\"wp-block-columns are-vertically-aligned-top has-margin-bottom-m is-layout-flex wp-container-core-columns-is-layout-28f84493 wp-block-columns-is-layout-flex\">\n<div class=\"wp-block-column is-vertically-aligned-top is-layout-flow wp-block-column-is-layout-flow\">\n<p class=\"remove-margin-bottom has-xl-font-size\">100<\/p>\n\n\n\n<p class=\"has-font-weight-medium\">EMPLOY\u00c9S<\/p>\n<\/div>\n\n\n\n<div class=\"wp-block-column is-vertically-aligned-top is-layout-flow wp-block-column-is-layout-flow\">\n<p class=\"remove-margin-bottom has-xl-font-size\">120<\/p>\n\n\n\n<p class=\"has-font-weight-medium\">PAYS O\u00d9 NOUS<br>EXPORTONS<\/p>\n<\/div>\n<\/div>\n\n\n\n<div class=\"wp-block-columns is-layout-flex wp-container-core-columns-is-layout-28f84493 wp-block-columns-is-layout-flex\">\n<div class=\"wp-block-column is-layout-flow wp-block-column-is-layout-flow\">\n<p class=\"remove-margin-bottom has-xl-font-size\">17500<\/p>\n\n\n\n<p class=\"has-font-weight-medium\">MACHINES PAR AN<\/p>\n<\/div>\n\n\n\n<div class=\"wp-block-column is-layout-flow wp-block-column-is-layout-flow\">\n<p class=\"remove-margin-bottom has-xl-font-size\">22000<\/p>\n\n\n\n<p class=\"has-font-weight-medium\">MQ DE PRODUCTION<br>MQ DE PRODUCTION<\/p>\n<\/div>\n<\/div>\n<\/div>\n<\/div>\n<\/section>\n","protected":false},"excerpt":{"rendered":"<p>Une longue exp\u00e9rience L&#8217;histoire de Icematic commence en 1963. L\u2019entreprise d\u00e9montre d\u00e8s le d\u00e9but un grand potentiel de croissance et une excellente capacit\u00e9 de r\u00e9pondre [&hellip;]<\/p>\n","protected":false},"author":6,"featured_media":0,"parent":0,"menu_order":0,"comment_status":"closed","ping_status":"closed","template":"","meta":{"_acf_changed":false,"inline_featured_image":false,"site-sidebar-layout":"default","site-content-layout":"","ast-site-content-layout":"default","site-content-style":"default","site-sidebar-style":"default","ast-global-header-display":"","ast-banner-title-visibility":"","ast-main-header-display":"","ast-hfb-above-header-display":"","ast-hfb-below-header-display":"","ast-hfb-mobile-header-display":"","site-post-title":"disabled","ast-breadcrumbs-content":"","ast-featured-img":"","footer-sml-layout":"","ast-disable-related-posts":"","theme-transparent-header-meta":"","adv-header-id-meta":"","stick-header-meta":"","header-above-stick-meta":"","header-main-stick-meta":"","header-below-stick-meta":"","astra-migrate-meta-layouts":"default","ast-page-background-enabled":"default","ast-page-background-meta":{"desktop":{"background-color":"var(--ast-global-color-4)","background-image":"","background-repeat":"repeat","background-position":"center center","background-size":"auto","background-attachment":"scroll","background-type":"","background-media":"","overlay-type":"","overlay-color":"","overlay-opacity":"","overlay-gradient":""},"tablet":{"background-color":"","background-image":"","background-repeat":"repeat","background-position":"center center","background-size":"auto","background-attachment":"scroll","background-type":"","background-media":"","overlay-type":"","overlay-color":"","overlay-opacity":"","overlay-gradient":""},"mobile":{"background-color":"","background-image":"","background-repeat":"repeat","background-position":"center center","background-size":"auto","background-attachment":"scroll","background-type":"","background-media":"","overlay-type":"","overlay-color":"","overlay-opacity":"","overlay-gradient":""}},"ast-content-background-meta":{"desktop":{"background-color":"var(--ast-global-color-5)","background-image":"","background-repeat":"repeat","background-position":"center center","background-size":"auto","background-attachment":"scroll","background-type":"","background-media":"","overlay-type":"","overlay-color":"","overlay-opacity":"","overlay-gradient":""},"tablet":{"background-color":"var(--ast-global-color-5)","background-image":"","background-repeat":"repeat","background-position":"center center","background-size":"auto","background-attachment":"scroll","background-type":"","background-media":"","overlay-type":"","overlay-color":"","overlay-opacity":"","overlay-gradient":""},"mobile":{"background-color":"var(--ast-global-color-5)","background-image":"","background-repeat":"repeat","background-position":"center center","background-size":"auto","background-attachment":"scroll","background-type":"","background-media":"","overlay-type":"","overlay-color":"","overlay-opacity":"","overlay-gradient":""}},"footnotes":""},"class_list":["post-2646","page","type-page","status-publish","hentry"],"acf":[],"_links":{"self":[{"href":"https:\/\/icematic.eu\/fr\/wp-json\/wp\/v2\/pages\/2646","targetHints":{"allow":["GET"]}}],"collection":[{"href":"https:\/\/icematic.eu\/fr\/wp-json\/wp\/v2\/pages"}],"about":[{"href":"https:\/\/icematic.eu\/fr\/wp-json\/wp\/v2\/types\/page"}],"author":[{"embeddable":true,"href":"https:\/\/icematic.eu\/fr\/wp-json\/wp\/v2\/users\/6"}],"replies":[{"embeddable":true,"href":"https:\/\/icematic.eu\/fr\/wp-json\/wp\/v2\/comments?post=2646"}],"version-history":[{"count":5,"href":"https:\/\/icematic.eu\/fr\/wp-json\/wp\/v2\/pages\/2646\/revisions"}],"predecessor-version":[{"id":3101,"href":"https:\/\/icematic.eu\/fr\/wp-json\/wp\/v2\/pages\/2646\/revisions\/3101"}],"wp:attachment":[{"href":"https:\/\/icematic.eu\/fr\/wp-json\/wp\/v2\/media?parent=2646"}],"curies":[{"name":"wp","href":"https:\/\/api.w.org\/{rel}","templated":true}]}}