{"id":12804,"date":"2024-03-05T13:13:13","date_gmt":"2024-03-05T12:13:13","guid":{"rendered":"https:\/\/icematic.eu\/app-your-ice\/"},"modified":"2024-04-24T12:56:28","modified_gmt":"2024-04-24T11:56:28","slug":"app-your-ice","status":"publish","type":"page","link":"https:\/\/icematic.eu\/fr\/app-your-ice\/","title":{"rendered":"App Your Ice"},"content":{"rendered":"\n<div class=\"wp-block-cover alignfull has-custom-content-position is-position-top-left has-full-height\"><span aria-hidden=\"true\" class=\"wp-block-cover__background has-primary-background-color has-background-dim\"><\/span><img loading=\"lazy\" decoding=\"async\" width=\"1980\" height=\"1200\" class=\"wp-block-cover__image-background wp-image-12653\" alt=\"\" src=\"https:\/\/icematic.eu\/app\/uploads\/2024\/03\/shutterstock_1401385730.jpg\" style=\"object-position:51% 35%\" data-object-fit=\"cover\" data-object-position=\"51% 35%\" srcset=\"https:\/\/icematic.eu\/app\/uploads\/2024\/03\/shutterstock_1401385730.jpg 1980w, https:\/\/icematic.eu\/app\/uploads\/2024\/03\/shutterstock_1401385730-300x182.jpg 300w, https:\/\/icematic.eu\/app\/uploads\/2024\/03\/shutterstock_1401385730-1024x621.jpg 1024w, https:\/\/icematic.eu\/app\/uploads\/2024\/03\/shutterstock_1401385730-768x465.jpg 768w, https:\/\/icematic.eu\/app\/uploads\/2024\/03\/shutterstock_1401385730-1536x931.jpg 1536w, https:\/\/icematic.eu\/app\/uploads\/2024\/03\/shutterstock_1401385730-90x55.jpg 90w, https:\/\/icematic.eu\/app\/uploads\/2024\/03\/shutterstock_1401385730-110x67.jpg 110w, https:\/\/icematic.eu\/app\/uploads\/2024\/03\/shutterstock_1401385730-220x133.jpg 220w, https:\/\/icematic.eu\/app\/uploads\/2024\/03\/shutterstock_1401385730-400x242.jpg 400w, https:\/\/icematic.eu\/app\/uploads\/2024\/03\/shutterstock_1401385730-600x364.jpg 600w, https:\/\/icematic.eu\/app\/uploads\/2024\/03\/shutterstock_1401385730-800x485.jpg 800w, https:\/\/icematic.eu\/app\/uploads\/2024\/03\/shutterstock_1401385730-1000x606.jpg 1000w, https:\/\/icematic.eu\/app\/uploads\/2024\/03\/shutterstock_1401385730-1100x667.jpg 1100w, https:\/\/icematic.eu\/app\/uploads\/2024\/03\/shutterstock_1401385730-1200x727.jpg 1200w, https:\/\/icematic.eu\/app\/uploads\/2024\/03\/shutterstock_1401385730-1400x848.jpg 1400w, https:\/\/icematic.eu\/app\/uploads\/2024\/03\/shutterstock_1401385730-1600x970.jpg 1600w, https:\/\/icematic.eu\/app\/uploads\/2024\/03\/shutterstock_1401385730-1800x1091.jpg 1800w\" sizes=\"auto, (max-width: 1980px) 100vw, 1980px\" \/><div class=\"wp-block-cover__inner-container is-layout-flow wp-block-cover-is-layout-flow\">\n<div class=\"wp-block-columns alignwide is-layout-flex wp-container-core-columns-is-layout-28f84493 wp-block-columns-is-layout-flex\">\n<div class=\"wp-block-column is-layout-flow wp-block-column-is-layout-flow\" style=\"flex-basis:33%\">\n<h1 class=\"wp-block-heading has-margin-top-m has-light-color has-text-color has-xxl-font-size\" style=\"font-style:normal;font-weight:700\">App<br>Your Ice<\/h1>\n\n\n\n<h2 class=\"wp-block-heading has-light-color has-text-color has-xl-font-size\" style=\"font-style:normal;font-weight:100\">UNE <br>SIMPLE <br>TOUCHE<\/h2>\n<\/div>\n<\/div>\n<\/div><\/div>\n\n\n\n<div class=\"inherit-container-width wp-block-group alignwide is-layout-constrained wp-block-group-is-layout-constrained\">\n<div class=\"wp-block-columns alignwide column-reverse-until-desktop has-margin-bottom is-layout-flex wp-container-core-columns-is-layout-28f84493 wp-block-columns-is-layout-flex\">\n<div class=\"wp-block-column has-margin-top-m-from-desktop is-layout-flow wp-block-column-is-layout-flow\" style=\"flex-basis:33%\">\n<p><strong>La nouvelle application pour s\u00e9lectionner la machine qui vous convient !<\/strong><\/p>\n<\/div>\n\n\n\n<div class=\"wp-block-column has-negative-margin-top z-index is-layout-flow wp-block-column-is-layout-flow\" style=\"flex-basis:33%\">\n<figure class=\"wp-block-image aligncenter size-large is-resized\"><img loading=\"lazy\" decoding=\"async\" src=\"https:\/\/icematic.eu\/app\/uploads\/2024\/03\/Scelta-Macchina2-505x1024.png\" alt=\"\" class=\"wp-image-12669\" width=\"253\" height=\"512\" srcset=\"https:\/\/icematic.eu\/app\/uploads\/2024\/03\/Scelta-Macchina2-505x1024.png 505w, https:\/\/icematic.eu\/app\/uploads\/2024\/03\/Scelta-Macchina2-148x300.png 148w, https:\/\/icematic.eu\/app\/uploads\/2024\/03\/Scelta-Macchina2-90x183.png 90w, https:\/\/icematic.eu\/app\/uploads\/2024\/03\/Scelta-Macchina2-110x223.png 110w, https:\/\/icematic.eu\/app\/uploads\/2024\/03\/Scelta-Macchina2-220x446.png 220w, https:\/\/icematic.eu\/app\/uploads\/2024\/03\/Scelta-Macchina2.png 615w\" sizes=\"auto, (max-width: 253px) 100vw, 253px\" \/><\/figure>\n<\/div>\n\n\n\n<div class=\"wp-block-column hide-until-desktop is-layout-flow wp-block-column-is-layout-flow\" style=\"flex-basis:33%\"><\/div>\n<\/div>\n\n\n\n<div class=\"wp-block-columns alignwide has-margin-bottom has-margin-top-l-from-desktop is-layout-flex wp-container-core-columns-is-layout-28f84493 wp-block-columns-is-layout-flex\">\n<div class=\"wp-block-column hide-until-desktop is-layout-flow wp-block-column-is-layout-flow\"><\/div>\n\n\n\n<div class=\"wp-block-column is-layout-flow wp-block-column-is-layout-flow\">\n<figure class=\"wp-block-image aligncenter size-large\"><img loading=\"lazy\" decoding=\"async\" width=\"1009\" height=\"1024\" src=\"https:\/\/icematic.eu\/app\/uploads\/2024\/03\/settore-costi-ghiaccio-1009x1024.png\" alt=\"\" class=\"wp-image-12785\" srcset=\"https:\/\/icematic.eu\/app\/uploads\/2024\/03\/settore-costi-ghiaccio-1009x1024.png 1009w, https:\/\/icematic.eu\/app\/uploads\/2024\/03\/settore-costi-ghiaccio-296x300.png 296w, https:\/\/icematic.eu\/app\/uploads\/2024\/03\/settore-costi-ghiaccio-768x779.png 768w, https:\/\/icematic.eu\/app\/uploads\/2024\/03\/settore-costi-ghiaccio-90x91.png 90w, https:\/\/icematic.eu\/app\/uploads\/2024\/03\/settore-costi-ghiaccio-110x112.png 110w, https:\/\/icematic.eu\/app\/uploads\/2024\/03\/settore-costi-ghiaccio-220x223.png 220w, https:\/\/icematic.eu\/app\/uploads\/2024\/03\/settore-costi-ghiaccio-400x406.png 400w, https:\/\/icematic.eu\/app\/uploads\/2024\/03\/settore-costi-ghiaccio-600x609.png 600w, https:\/\/icematic.eu\/app\/uploads\/2024\/03\/settore-costi-ghiaccio-800x812.png 800w, https:\/\/icematic.eu\/app\/uploads\/2024\/03\/settore-costi-ghiaccio-1000x1015.png 1000w, https:\/\/icematic.eu\/app\/uploads\/2024\/03\/settore-costi-ghiaccio-1100x1116.png 1100w, https:\/\/icematic.eu\/app\/uploads\/2024\/03\/settore-costi-ghiaccio-1200x1218.png 1200w, https:\/\/icematic.eu\/app\/uploads\/2024\/03\/settore-costi-ghiaccio-100x100.png 100w, https:\/\/icematic.eu\/app\/uploads\/2024\/03\/settore-costi-ghiaccio.png 1230w\" sizes=\"auto, (max-width: 1009px) 100vw, 1009px\" \/><\/figure>\n<\/div>\n\n\n\n<div class=\"wp-block-column is-layout-flow wp-block-column-is-layout-flow\">\n<h2 class=\"wp-block-heading remove-margin-bottom has-medium-font-size\" style=\"font-style:normal;font-weight:500\">AVEC L&#8217;APPLICATION YOUR ICE, VOUS TROUVEREZ LA MACHINE \u00c0 GLA\u00c7ONS QUI VOUS CONVIENT !<\/h2>\n\n\n\n<p><strong>YOUR ICE est la nouvelle application d\u00e9velopp\u00e9e par Icematic, qui vous permet de trouver rapidement et intuitivement la machine \u00e0 gla\u00e7ons la mieux adapt\u00e9e \u00e0 vos besoins.<\/strong><\/p>\n<\/div>\n<\/div>\n\n\n\n<div class=\"wp-block-columns alignwide has-margin-bottom has-margin-top-l-from-desktop is-layout-flex wp-container-core-columns-is-layout-28f84493 wp-block-columns-is-layout-flex\">\n<div class=\"wp-block-column is-layout-flow wp-block-column-is-layout-flow\">\n<p>En fonction de vos pr\u00e9f\u00e9rences et de vos besoins, vous pouvez s\u00e9lectionner la machine parfaite pour vous !<\/p>\n\n\n\n<p><strong>Choisissez simplement le secteur auquel vous appartenez, la position de la machine au sein de vos locaux et le type de glace et notre application vous proposera les machines \u00e0 gla\u00e7ons Icematic qui r\u00e9pondent \u00e0 vos besoins.<\/strong><\/p>\n<\/div>\n\n\n\n<div class=\"wp-block-column is-layout-flow wp-block-column-is-layout-flow\">\n<figure class=\"wp-block-image aligncenter size-large\"><img loading=\"lazy\" decoding=\"async\" width=\"1009\" height=\"1024\" src=\"https:\/\/icematic.eu\/app\/uploads\/2024\/03\/posizione-selezione-1009x1024.png\" alt=\"\" class=\"wp-image-12781\" srcset=\"https:\/\/icematic.eu\/app\/uploads\/2024\/03\/posizione-selezione-1009x1024.png 1009w, https:\/\/icematic.eu\/app\/uploads\/2024\/03\/posizione-selezione-296x300.png 296w, https:\/\/icematic.eu\/app\/uploads\/2024\/03\/posizione-selezione-768x779.png 768w, https:\/\/icematic.eu\/app\/uploads\/2024\/03\/posizione-selezione-90x91.png 90w, https:\/\/icematic.eu\/app\/uploads\/2024\/03\/posizione-selezione-110x112.png 110w, https:\/\/icematic.eu\/app\/uploads\/2024\/03\/posizione-selezione-220x223.png 220w, https:\/\/icematic.eu\/app\/uploads\/2024\/03\/posizione-selezione-400x406.png 400w, https:\/\/icematic.eu\/app\/uploads\/2024\/03\/posizione-selezione-600x609.png 600w, https:\/\/icematic.eu\/app\/uploads\/2024\/03\/posizione-selezione-800x812.png 800w, https:\/\/icematic.eu\/app\/uploads\/2024\/03\/posizione-selezione-1000x1015.png 1000w, https:\/\/icematic.eu\/app\/uploads\/2024\/03\/posizione-selezione-1100x1116.png 1100w, https:\/\/icematic.eu\/app\/uploads\/2024\/03\/posizione-selezione-1200x1218.png 1200w, https:\/\/icematic.eu\/app\/uploads\/2024\/03\/posizione-selezione-100x100.png 100w, https:\/\/icematic.eu\/app\/uploads\/2024\/03\/posizione-selezione.png 1230w\" sizes=\"auto, (max-width: 1009px) 100vw, 1009px\" \/><\/figure>\n<\/div>\n\n\n\n<div class=\"wp-block-column hide-until-desktop is-layout-flow wp-block-column-is-layout-flow\"><\/div>\n<\/div>\n<\/div>\n\n\n\n<div class=\"inherit-container-width wp-block-group is-layout-constrained wp-block-group-is-layout-constrained\" style=\"padding-top:var(--wp--preset--spacing--60);padding-bottom:var(--wp--preset--spacing--60)\">\n<p class=\"has-text-align-center\"><strong>Disponible sur<\/strong><\/p>\n\n\n\n<div class=\"wp-block-buttons is-content-justification-center is-layout-flex wp-container-core-buttons-is-layout-a89b3969 wp-block-buttons-is-layout-flex\">\n<div class=\"wp-block-button store-button app-store\"><a class=\"wp-block-button__link wp-element-button\" href=\"https:\/\/apps.apple.com\/it\/app\/your-ice\/id6466705026\" target=\"_blank\" rel=\"noopener\">Apple App Store<\/a><\/div>\n\n\n\n<div class=\"wp-block-button store-button play-store\"><a class=\"wp-block-button__link wp-element-button\" href=\"https:\/\/play.google.com\/store\/apps\/details?id=com.castelmac.yourice&amp;gl=IT\" target=\"_blank\" rel=\"noopener\">Google App Store<\/a><\/div>\n<\/div>\n<\/div>\n","protected":false},"excerpt":{"rendered":"<p>La nouvelle application pour s\u00e9lectionner la machine qui vous convient ! AVEC L&#8217;APPLICATION YOUR ICE, VOUS TROUVEREZ LA MACHINE \u00c0 GLA\u00c7ONS QUI VOUS CONVIENT ! [&hellip;]<\/p>\n","protected":false},"author":6,"featured_media":0,"parent":0,"menu_order":0,"comment_status":"closed","ping_status":"closed","template":"","meta":{"_acf_changed":false,"inline_featured_image":false,"site-sidebar-layout":"default","site-content-layout":"","ast-site-content-layout":"default","site-content-style":"default","site-sidebar-style":"default","ast-global-header-display":"","ast-banner-title-visibility":"","ast-main-header-display":"","ast-hfb-above-header-display":"","ast-hfb-below-header-display":"","ast-hfb-mobile-header-display":"","site-post-title":"disabled","ast-breadcrumbs-content":"","ast-featured-img":"","footer-sml-layout":"","ast-disable-related-posts":"","theme-transparent-header-meta":"","adv-header-id-meta":"","stick-header-meta":"","header-above-stick-meta":"","header-main-stick-meta":"","header-below-stick-meta":"","astra-migrate-meta-layouts":"default","ast-page-background-enabled":"default","ast-page-background-meta":{"desktop":{"background-color":"var(--ast-global-color-4)","background-image":"","background-repeat":"repeat","background-position":"center center","background-size":"auto","background-attachment":"scroll","background-type":"","background-media":"","overlay-type":"","overlay-color":"","overlay-opacity":"","overlay-gradient":""},"tablet":{"background-color":"","background-image":"","background-repeat":"repeat","background-position":"center center","background-size":"auto","background-attachment":"scroll","background-type":"","background-media":"","overlay-type":"","overlay-color":"","overlay-opacity":"","overlay-gradient":""},"mobile":{"background-color":"","background-image":"","background-repeat":"repeat","background-position":"center center","background-size":"auto","background-attachment":"scroll","background-type":"","background-media":"","overlay-type":"","overlay-color":"","overlay-opacity":"","overlay-gradient":""}},"ast-content-background-meta":{"desktop":{"background-color":"var(--ast-global-color-5)","background-image":"","background-repeat":"repeat","background-position":"center center","background-size":"auto","background-attachment":"scroll","background-type":"","background-media":"","overlay-type":"","overlay-color":"","overlay-opacity":"","overlay-gradient":""},"tablet":{"background-color":"var(--ast-global-color-5)","background-image":"","background-repeat":"repeat","background-position":"center center","background-size":"auto","background-attachment":"scroll","background-type":"","background-media":"","overlay-type":"","overlay-color":"","overlay-opacity":"","overlay-gradient":""},"mobile":{"background-color":"var(--ast-global-color-5)","background-image":"","background-repeat":"repeat","background-position":"center center","background-size":"auto","background-attachment":"scroll","background-type":"","background-media":"","overlay-type":"","overlay-color":"","overlay-opacity":"","overlay-gradient":""}},"footnotes":""},"class_list":["post-12804","page","type-page","status-publish","hentry"],"acf":[],"_links":{"self":[{"href":"https:\/\/icematic.eu\/fr\/wp-json\/wp\/v2\/pages\/12804","targetHints":{"allow":["GET"]}}],"collection":[{"href":"https:\/\/icematic.eu\/fr\/wp-json\/wp\/v2\/pages"}],"about":[{"href":"https:\/\/icematic.eu\/fr\/wp-json\/wp\/v2\/types\/page"}],"author":[{"embeddable":true,"href":"https:\/\/icematic.eu\/fr\/wp-json\/wp\/v2\/users\/6"}],"replies":[{"embeddable":true,"href":"https:\/\/icematic.eu\/fr\/wp-json\/wp\/v2\/comments?post=12804"}],"version-history":[{"count":3,"href":"https:\/\/icematic.eu\/fr\/wp-json\/wp\/v2\/pages\/12804\/revisions"}],"predecessor-version":[{"id":12811,"href":"https:\/\/icematic.eu\/fr\/wp-json\/wp\/v2\/pages\/12804\/revisions\/12811"}],"wp:attachment":[{"href":"https:\/\/icematic.eu\/fr\/wp-json\/wp\/v2\/media?parent=12804"}],"curies":[{"name":"wp","href":"https:\/\/api.w.org\/{rel}","templated":true}]}}