{"id":3532,"date":"2022-07-10T12:43:51","date_gmt":"2022-07-10T11:43:51","guid":{"rendered":"https:\/\/icematic.eu\/contactos\/"},"modified":"2025-04-28T16:40:17","modified_gmt":"2025-04-28T15:40:17","slug":"contactos","status":"publish","type":"page","link":"https:\/\/icematic.eu\/es\/contactos\/","title":{"rendered":"Contactos"},"content":{"rendered":"\n<div class=\"wp-block-cover alignfull is-light has-custom-content-position is-position-top-left\"><span aria-hidden=\"true\" class=\"wp-block-cover__background has-primary-background-color has-background-dim-100 has-background-dim\"><\/span><img loading=\"lazy\" decoding=\"async\" width=\"1920\" height=\"1080\" class=\"wp-block-cover__image-background wp-image-1766\" alt=\"P\u00f3ngase en contacto con Icematic - Maquinas para fabricar hielo industrial\" src=\"https:\/\/icematic.eu\/app\/uploads\/2022\/08\/testata-contatti.jpg\" data-object-fit=\"cover\" srcset=\"https:\/\/icematic.eu\/app\/uploads\/2022\/08\/testata-contatti.jpg 1920w, https:\/\/icematic.eu\/app\/uploads\/2022\/08\/testata-contatti-300x169.jpg 300w, https:\/\/icematic.eu\/app\/uploads\/2022\/08\/testata-contatti-1024x576.jpg 1024w, https:\/\/icematic.eu\/app\/uploads\/2022\/08\/testata-contatti-768x432.jpg 768w, https:\/\/icematic.eu\/app\/uploads\/2022\/08\/testata-contatti-1536x864.jpg 1536w, https:\/\/icematic.eu\/app\/uploads\/2022\/08\/testata-contatti-600x338.jpg 600w\" sizes=\"auto, (max-width: 1920px) 100vw, 1920px\" \/><div class=\"wp-block-cover__inner-container is-layout-flow wp-block-cover-is-layout-flow\">\n<div class=\"wp-block-columns alignwide is-layout-flex wp-container-core-columns-is-layout-28f84493 wp-block-columns-is-layout-flex\">\n<div class=\"wp-block-column is-layout-flow wp-block-column-is-layout-flow\" style=\"flex-basis:50%\">\n<h1 class=\"wp-block-heading has-margin-top-m has-light-color has-text-color has-xxl-font-size\" style=\"font-style:normal;font-weight:700\">Contactos<\/h1>\n<\/div>\n<\/div>\n<\/div><\/div>\n\n\n\n<section class=\"inherit-container-width wp-block-group alignwide has-margin-top-m has-margin-bottom-l is-layout-constrained wp-block-group-is-layout-constrained\">\n<div class=\"wp-block-columns has-margin-bottom-l is-layout-flex wp-container-core-columns-is-layout-28f84493 wp-block-columns-is-layout-flex\">\n<div class=\"wp-block-column is-layout-flow wp-block-column-is-layout-flow\" style=\"flex-basis:50%\">\n<h2 class=\"wp-block-heading has-xl-font-size\" style=\"font-style:normal;font-weight:700\">Solicitud de informaci\u00f3n<\/h2>\n\n\n\n<p><strong>Te pedimos que rellenes todos los campos del siguiente formulario, con el fin de enviar tu solicitud de informaci\u00f3n a la persona de referencia y ayudarte lo mejor posible.<\/strong><\/p>\n<\/div>\n\n\n\n<div class=\"wp-block-column hide-until-desktop is-layout-flow wp-block-column-is-layout-flow\" style=\"flex-basis:50%\"><\/div>\n<\/div>\n\n\n\n<div class=\"wp-block-contact-form-7-contact-form-selector alignwide\">\n<div class=\"wpcf7 no-js\" id=\"wpcf7-f4592-o1\" lang=\"es-ES\" dir=\"ltr\" data-wpcf7-id=\"4592\">\n<div class=\"screen-reader-response\"><p role=\"status\" aria-live=\"polite\" aria-atomic=\"true\"><\/p> <ul><\/ul><\/div>\n<form action=\"\/es\/wp-json\/wp\/v2\/pages\/3532#wpcf7-f4592-o1\" method=\"post\" class=\"wpcf7-form init\" aria-label=\"Contact form\" novalidate=\"novalidate\" data-status=\"init\">\n<fieldset class=\"hidden-fields-container\"><input type=\"hidden\" name=\"_wpcf7\" value=\"4592\" \/><input type=\"hidden\" name=\"_wpcf7_version\" value=\"6.1.4\" \/><input type=\"hidden\" name=\"_wpcf7_locale\" value=\"es_ES\" \/><input type=\"hidden\" name=\"_wpcf7_unit_tag\" value=\"wpcf7-f4592-o1\" \/><input type=\"hidden\" name=\"_wpcf7_container_post\" value=\"0\" \/><input type=\"hidden\" name=\"_wpcf7_posted_data_hash\" value=\"\" \/><input type=\"hidden\" name=\"_wpcf7cf_hidden_group_fields\" value=\"[]\" \/><input type=\"hidden\" name=\"_wpcf7cf_hidden_groups\" value=\"[]\" \/><input type=\"hidden\" name=\"_wpcf7cf_visible_groups\" value=\"[]\" \/><input type=\"hidden\" name=\"_wpcf7cf_repeaters\" value=\"[]\" \/><input type=\"hidden\" name=\"_wpcf7cf_steps\" value=\"{}\" \/><input type=\"hidden\" name=\"_wpcf7cf_options\" value=\"{&quot;form_id&quot;:4592,&quot;conditions&quot;:[{&quot;then_field&quot;:&quot;altro&quot;,&quot;and_rules&quot;:[{&quot;if_field&quot;:&quot;richiesta&quot;,&quot;operator&quot;:&quot;equals&quot;,&quot;if_value&quot;:&quot;Otro&quot;}]},{&quot;then_field&quot;:&quot;dati&quot;,&quot;and_rules&quot;:[{&quot;if_field&quot;:&quot;richiesta&quot;,&quot;operator&quot;:&quot;not empty&quot;,&quot;if_value&quot;:&quot;&quot;}]}],&quot;settings&quot;:{&quot;animation&quot;:&quot;yes&quot;,&quot;animation_intime&quot;:200,&quot;animation_outtime&quot;:200,&quot;conditions_ui&quot;:&quot;normal&quot;,&quot;notice_dismissed&quot;:false}}\" \/><input type=\"hidden\" name=\"_wpcf7_recaptcha_response\" value=\"\" \/>\n<\/fieldset>\n<div class=\"flex-row space-between has-margin-bottom-m\">\n\t<div class=\"col has-margin-bottom\">\n\t\t<p><strong>Escribe tu mercado de referencia*<\/strong>\n\t\t<\/p>\n\t\t<p><span class=\"wpcf7-form-control-wrap\" data-name=\"mercato\"><input size=\"40\" maxlength=\"400\" class=\"wpcf7-form-control wpcf7-text wpcf7-validates-as-required\" aria-required=\"true\" aria-invalid=\"false\" placeholder=\"e.g. Espa\u00f1a\" value=\"\" type=\"text\" name=\"mercato\" \/><\/span>\n\t\t<\/p>\n\t<\/div>\n\t<div class=\"col remove-margin-bottom\">\n\t\t<p><strong>\u00bfQu\u00e9 necesitas?*<\/strong>\n\t\t<\/p>\n\t\t<p class=\"has-small-font-size has-margin-bottom-xs width-100\"><span class=\"wpcf7-form-control-wrap\" data-name=\"richiesta\"><span class=\"wpcf7-form-control wpcf7-checkbox wpcf7-validates-as-required flex-row space-between col-2\"><span class=\"wpcf7-list-item first\"><label><input type=\"checkbox\" name=\"richiesta[]\" value=\"Piezas de repuesto\" \/><span class=\"wpcf7-list-item-label\">Piezas de repuesto<\/span><\/label><\/span><span class=\"wpcf7-list-item\"><label><input type=\"checkbox\" name=\"richiesta[]\" value=\"Informaci\u00f3n Equipos\" \/><span class=\"wpcf7-list-item-label\">Informaci\u00f3n Equipos<\/span><\/label><\/span><span class=\"wpcf7-list-item\"><label><input type=\"checkbox\" name=\"richiesta[]\" value=\"Compra Equipos\" \/><span class=\"wpcf7-list-item-label\">Compra Equipos<\/span><\/label><\/span><span class=\"wpcf7-list-item last\"><label><input type=\"checkbox\" name=\"richiesta[]\" value=\"Otro\" \/><span class=\"wpcf7-list-item-label\">Otro<\/span><\/label><\/span><\/span><\/span>\n\t\t<\/p>\n\t\t<div data-id=\"altro\" data-orig_data_id=\"altro\" data-clear_on_hide class=\"\" data-class=\"wpcf7cf_group\">\n\t\t\t<p><span class=\"wpcf7-form-control-wrap\" data-name=\"specificare\"><input size=\"40\" maxlength=\"400\" class=\"wpcf7-form-control wpcf7-text wpcf7-validates-as-required\" aria-required=\"true\" aria-invalid=\"false\" placeholder=\"Precisar*\" value=\"\" type=\"text\" name=\"specificare\" \/><\/span>\n\t\t\t<\/p>\n\t\t<\/div>\n\t<\/div>\n<\/div>\n<div data-id=\"dati\" data-orig_data_id=\"dati\" data-clear_on_hide class=\"\" data-class=\"wpcf7cf_group\">\n\t<div class=\"flex-row space-between\">\n\t\t<div class=\"col\">\n\t\t\t<p class=\"accessible-hidden\">Nombre y apellido\n\t\t\t<\/p>\n\t\t\t<p><span class=\"wpcf7-form-control-wrap\" data-name=\"nome\"><input size=\"40\" maxlength=\"400\" class=\"wpcf7-form-control wpcf7-text wpcf7-validates-as-required\" aria-required=\"true\" aria-invalid=\"false\" placeholder=\"Nombre y apellido*\" value=\"\" type=\"text\" name=\"nome\" \/><\/span>\n\t\t\t<\/p>\n\t\t<\/div>\n\t\t<div class=\"col\">\n\t\t\t<p class=\"accessible-hidden\">Empresa\n\t\t\t<\/p>\n\t\t\t<p><span class=\"wpcf7-form-control-wrap\" data-name=\"azienda\"><input size=\"40\" maxlength=\"400\" class=\"wpcf7-form-control wpcf7-text wpcf7-validates-as-required\" aria-required=\"true\" aria-invalid=\"false\" placeholder=\"Empresa*\" value=\"\" type=\"text\" name=\"azienda\" \/><\/span>\n\t\t\t<\/p>\n\t\t<\/div>\n\t<\/div>\n\t<div class=\"flex-row space-between\">\n\t\t<div class=\"col\">\n\t\t\t<p class=\"accessible-hidden\">Email\n\t\t\t<\/p>\n\t\t\t<p><span class=\"wpcf7-form-control-wrap\" data-name=\"contact-email\"><input size=\"40\" maxlength=\"400\" class=\"wpcf7-form-control wpcf7-email wpcf7-validates-as-required wpcf7-text wpcf7-validates-as-email\" aria-required=\"true\" aria-invalid=\"false\" placeholder=\"Email*\" value=\"\" type=\"email\" name=\"contact-email\" \/><\/span>\n\t\t\t<\/p>\n\t\t<\/div>\n\t\t<div class=\"col\">\n\t\t\t<p class=\"accessible-hidden\">Tel\u00e9fono\n\t\t\t<\/p>\n\t\t\t<p><span class=\"wpcf7-form-control-wrap\" data-name=\"telefono\"><input size=\"40\" maxlength=\"400\" class=\"wpcf7-form-control wpcf7-tel wpcf7-text wpcf7-validates-as-tel\" aria-invalid=\"false\" placeholder=\"Tel\u00e9fono\" value=\"\" type=\"tel\" name=\"telefono\" \/><\/span>\n\t\t\t<\/p>\n\t\t<\/div>\n\t<\/div>\n\t<div class=\"flex-row space-between\">\n\t\t<div class=\"col\">\n\t\t\t<p class=\"accessible-hidden\">Naci\u00f3n\n\t\t\t<\/p>\n\t\t\t<p><span class=\"wpcf7-form-control-wrap\" data-name=\"nazione\"><input size=\"40\" maxlength=\"400\" class=\"wpcf7-form-control wpcf7-text wpcf7-validates-as-required\" aria-required=\"true\" aria-invalid=\"false\" placeholder=\"Naci\u00f3n*\" value=\"\" type=\"text\" name=\"nazione\" \/><\/span>\n\t\t\t<\/p>\n\t\t<\/div>\n\t\t<div class=\"col\">\n\t\t\t<p class=\"accessible-hidden\">Provincia\n\t\t\t<\/p>\n\t\t\t<p><span class=\"wpcf7-form-control-wrap\" data-name=\"provincia\"><input size=\"40\" maxlength=\"400\" class=\"wpcf7-form-control wpcf7-text wpcf7-validates-as-required\" aria-required=\"true\" aria-invalid=\"false\" placeholder=\"Provincia*\" value=\"\" type=\"text\" name=\"provincia\" \/><\/span>\n\t\t\t<\/p>\n\t\t<\/div>\n\t<\/div>\n\t<div class=\"flex-row space-between\">\n\t\t<div class=\"col\">\n\t\t\t<p class=\"accessible-hidden\">Mensaje\n\t\t\t<\/p>\n\t\t\t<p><span class=\"wpcf7-form-control-wrap\" data-name=\"messaggio\"><textarea cols=\"40\" rows=\"10\" maxlength=\"2000\" class=\"wpcf7-form-control wpcf7-textarea wpcf7-validates-as-required\" aria-required=\"true\" aria-invalid=\"false\" placeholder=\"Mensaje*\" name=\"messaggio\"><\/textarea><\/span>\n\t\t\t<\/p>\n\t\t<\/div>\n\t\t<div class=\"col has-margin-top\">\n\t\t\t<p class=\"has-small-font-size\">Los campos marcados con * son obligatorios\n\t\t\t<\/p>\n\t\t\t<p class=\"has-small-font-size has-margin-bottom-xs\"><span class=\"wpcf7-form-control-wrap\" data-name=\"contact-privacy\"><span class=\"wpcf7-form-control wpcf7-checkbox wpcf7-validates-as-required privacy\"><span class=\"wpcf7-list-item first last\"><label><input type=\"checkbox\" name=\"contact-privacy[]\" value=\"He le\u00eddo y acepto el procesamiento de mis datos personales.*\" \/><span class=\"wpcf7-list-item-label\">He le\u00eddo y acepto el procesamiento de mis datos personales.*<\/span><\/label><\/span><\/span><\/span>\n\t\t\t<\/p>\n\t\t\t<p class=\"has-xxs-font-size has-font-weight-regular has-margin-left-checkbox has-margin-bottom\">Despu\u00e9s de leer la informaci\u00f3n anterior, le solicito estar suscrito al servicio de Newsletter de Icematic que contiene informaci\u00f3n sobre los productos o servicios de esta \u00faltima, as\u00ed como promociones o invitaciones a eventos en los que participar\u00e1.\n\t\t\t<\/p>\n\t\t\t<p><span class=\"has-margin-left-checkbox\"><input class=\"wpcf7-form-control wpcf7-submit has-spinner\" type=\"submit\" value=\"Enviar Consulta\" \/><span><br \/>\n<\/span><\/span>\n\t\t\t<\/p>\n\t\t<\/div>\n\t<\/div>\n<\/div><div class=\"wpcf7-response-output\" aria-hidden=\"true\"><\/div>\n<\/form>\n<\/div>\n<\/div>\n<\/section>\n\n\n\n<section class=\"inherit-container-width wp-block-group alignwide has-margin-bottom-l is-layout-constrained wp-block-group-is-layout-constrained\">\n<h2 class=\"wp-block-heading has-large-font-size\" style=\"font-style:normal;font-weight:700\">Departamentos y Datos<\/h2>\n\n\n\n<div class=\"wp-block-columns is-layout-flex wp-container-core-columns-is-layout-28f84493 wp-block-columns-is-layout-flex\">\n<div class=\"wp-block-column is-layout-flow wp-block-column-is-layout-flow\">\n<p class=\"has-font-weight-regular\"><strong>Departamento de Ventas<\/strong><br>Tel. +39 0423 738452<br>E-mail: icematic@castelmac.it<\/p>\n<\/div>\n\n\n\n<div class=\"wp-block-column is-layout-flow wp-block-column-is-layout-flow\">\n<p class=\"has-font-weight-regular\"><strong>Asistencia t\u00e9cnica<\/strong><br>Tel. +39 0423 738490<br>E-mail: service@castelmac.it<\/p>\n\n\n\n<p class=\"has-font-weight-regular\"><\/p>\n<\/div>\n\n\n\n<div class=\"wp-block-column is-layout-flow wp-block-column-is-layout-flow\">\n<p class=\"has-font-weight-regular\"><strong>Datos de la empresa<\/strong><br>Castel MAC Srl<br>Via del Lavoro, 9<br>31033 Castelfranco Veneto (TV), Italy<br>Tel. +39 0423 738311 &#8211; Fax +39 0423 722811<br><a href=\"mailto:info@castelmac.it\" target=\"_blank\" rel=\"noreferrer noopener\">info@castelmac.it<\/a><\/p>\n\n\n\n<p class=\"has-font-weight-regular\">Cap. Soc. Euro 4.316.000 i.v. &#8211; Reg. Imp. TV 21833 &#8211; R.E.A. TV 175164<br>P.Iva 01866640269 &#8211; C.F. 07892570156<\/p>\n\n\n\n<p class=\"hidden\">Sometido a la gesti\u00f3n y coordinaci\u00f3n de Ali Group Holding S.r.l.- C.F. 10123720962<\/p>\n<\/div>\n<\/div>\n<\/section>\n\n\n\n<section class=\"inherit-container-width wp-block-group alignwide has-margin-bottom-l is-layout-constrained wp-block-group-is-layout-constrained\">\n<div class=\"wp-block-columns is-layout-flex wp-container-core-columns-is-layout-28f84493 wp-block-columns-is-layout-flex\">\n<div class=\"wp-block-column is-layout-flow wp-block-column-is-layout-flow\" style=\"flex-basis:50%\">\n<h2 class=\"wp-block-heading has-large-font-size\" style=\"font-style:normal;font-weight:700\">Icematic est\u00e1 presente en 120 pa\u00edses del mundo.<\/h2>\n<\/div>\n\n\n\n<div class=\"wp-block-column hide-until-desktop is-layout-flow wp-block-column-is-layout-flow\"><\/div>\n<\/div>\n\n\n\n<figure class=\"wp-block-image alignfull size-full\"><img loading=\"lazy\" decoding=\"async\" width=\"1920\" height=\"1361\" src=\"https:\/\/icematic.eu\/app\/uploads\/2022\/08\/icematic-map.png\" alt=\"Icematic est\u00e1 presente en 120 pa\u00edses del mundo - Maquinas para hacer hielo\" class=\"wp-image-1752\" srcset=\"https:\/\/icematic.eu\/app\/uploads\/2022\/08\/icematic-map.png 1920w, https:\/\/icematic.eu\/app\/uploads\/2022\/08\/icematic-map-300x213.png 300w, https:\/\/icematic.eu\/app\/uploads\/2022\/08\/icematic-map-1024x726.png 1024w, https:\/\/icematic.eu\/app\/uploads\/2022\/08\/icematic-map-768x544.png 768w, https:\/\/icematic.eu\/app\/uploads\/2022\/08\/icematic-map-1536x1089.png 1536w, https:\/\/icematic.eu\/app\/uploads\/2022\/08\/icematic-map-600x425.png 600w\" sizes=\"auto, (max-width: 1920px) 100vw, 1920px\" \/><\/figure>\n<\/section>\n","protected":false},"excerpt":{"rendered":"<p>Solicitud de informaci\u00f3n Te pedimos que rellenes todos los campos del siguiente formulario, con el fin de enviar tu solicitud de informaci\u00f3n a la persona [&hellip;]<\/p>\n","protected":false},"author":6,"featured_media":0,"parent":0,"menu_order":0,"comment_status":"closed","ping_status":"closed","template":"","meta":{"_acf_changed":false,"inline_featured_image":false,"site-sidebar-layout":"default","site-content-layout":"","ast-site-content-layout":"default","site-content-style":"default","site-sidebar-style":"default","ast-global-header-display":"","ast-banner-title-visibility":"","ast-main-header-display":"","ast-hfb-above-header-display":"","ast-hfb-below-header-display":"","ast-hfb-mobile-header-display":"","site-post-title":"disabled","ast-breadcrumbs-content":"","ast-featured-img":"","footer-sml-layout":"","ast-disable-related-posts":"","theme-transparent-header-meta":"","adv-header-id-meta":"","stick-header-meta":"","header-above-stick-meta":"","header-main-stick-meta":"","header-below-stick-meta":"","astra-migrate-meta-layouts":"set","ast-page-background-enabled":"default","ast-page-background-meta":{"desktop":{"background-color":"var(--ast-global-color-4)","background-image":"","background-repeat":"repeat","background-position":"center center","background-size":"auto","background-attachment":"scroll","background-type":"","background-media":"","overlay-type":"","overlay-color":"","overlay-opacity":"","overlay-gradient":""},"tablet":{"background-color":"","background-image":"","background-repeat":"repeat","background-position":"center center","background-size":"auto","background-attachment":"scroll","background-type":"","background-media":"","overlay-type":"","overlay-color":"","overlay-opacity":"","overlay-gradient":""},"mobile":{"background-color":"","background-image":"","background-repeat":"repeat","background-position":"center center","background-size":"auto","background-attachment":"scroll","background-type":"","background-media":"","overlay-type":"","overlay-color":"","overlay-opacity":"","overlay-gradient":""}},"ast-content-background-meta":{"desktop":{"background-color":"var(--ast-global-color-5)","background-image":"","background-repeat":"repeat","background-position":"center center","background-size":"auto","background-attachment":"scroll","background-type":"","background-media":"","overlay-type":"","overlay-color":"","overlay-opacity":"","overlay-gradient":""},"tablet":{"background-color":"var(--ast-global-color-5)","background-image":"","background-repeat":"repeat","background-position":"center center","background-size":"auto","background-attachment":"scroll","background-type":"","background-media":"","overlay-type":"","overlay-color":"","overlay-opacity":"","overlay-gradient":""},"mobile":{"background-color":"var(--ast-global-color-5)","background-image":"","background-repeat":"repeat","background-position":"center center","background-size":"auto","background-attachment":"scroll","background-type":"","background-media":"","overlay-type":"","overlay-color":"","overlay-opacity":"","overlay-gradient":""}},"footnotes":""},"class_list":["post-3532","page","type-page","status-publish","hentry"],"acf":[],"_links":{"self":[{"href":"https:\/\/icematic.eu\/es\/wp-json\/wp\/v2\/pages\/3532","targetHints":{"allow":["GET"]}}],"collection":[{"href":"https:\/\/icematic.eu\/es\/wp-json\/wp\/v2\/pages"}],"about":[{"href":"https:\/\/icematic.eu\/es\/wp-json\/wp\/v2\/types\/page"}],"author":[{"embeddable":true,"href":"https:\/\/icematic.eu\/es\/wp-json\/wp\/v2\/users\/6"}],"replies":[{"embeddable":true,"href":"https:\/\/icematic.eu\/es\/wp-json\/wp\/v2\/comments?post=3532"}],"version-history":[{"count":9,"href":"https:\/\/icematic.eu\/es\/wp-json\/wp\/v2\/pages\/3532\/revisions"}],"predecessor-version":[{"id":30653,"href":"https:\/\/icematic.eu\/es\/wp-json\/wp\/v2\/pages\/3532\/revisions\/30653"}],"wp:attachment":[{"href":"https:\/\/icematic.eu\/es\/wp-json\/wp\/v2\/media?parent=3532"}],"curies":[{"name":"wp","href":"https:\/\/api.w.org\/{rel}","templated":true}]}}