{"id":3528,"date":"2022-05-10T22:11:42","date_gmt":"2022-05-10T21:11:42","guid":{"rendered":"https:\/\/icematic.eu\/empresa\/"},"modified":"2023-06-29T16:03:38","modified_gmt":"2023-06-29T15:03:38","slug":"empresa","status":"publish","type":"page","link":"https:\/\/icematic.eu\/es\/empresa\/","title":{"rendered":"Empresa"},"content":{"rendered":"\n<div class=\"wp-block-cover alignfull is-light has-custom-content-position is-position-top-left\"><span aria-hidden=\"true\" class=\"wp-block-cover__background has-primary-background-color has-background-dim\"><\/span><img loading=\"lazy\" decoding=\"async\" width=\"1920\" height=\"1080\" class=\"wp-block-cover__image-background wp-image-1764\" alt=\"Empresa Icematic | Fabricadores de hielo industriales\" src=\"https:\/\/icematic.eu\/app\/uploads\/2022\/08\/testata-azienda.jpg\" data-object-fit=\"cover\" srcset=\"https:\/\/icematic.eu\/app\/uploads\/2022\/08\/testata-azienda.jpg 1920w, https:\/\/icematic.eu\/app\/uploads\/2022\/08\/testata-azienda-300x169.jpg 300w, https:\/\/icematic.eu\/app\/uploads\/2022\/08\/testata-azienda-1024x576.jpg 1024w, https:\/\/icematic.eu\/app\/uploads\/2022\/08\/testata-azienda-768x432.jpg 768w, https:\/\/icematic.eu\/app\/uploads\/2022\/08\/testata-azienda-1536x864.jpg 1536w, https:\/\/icematic.eu\/app\/uploads\/2022\/08\/testata-azienda-600x338.jpg 600w\" sizes=\"auto, (max-width: 1920px) 100vw, 1920px\" \/><div class=\"wp-block-cover__inner-container is-layout-flow wp-block-cover-is-layout-flow\">\n<div class=\"wp-block-columns alignwide is-layout-flex wp-container-core-columns-is-layout-28f84493 wp-block-columns-is-layout-flex\">\n<div class=\"wp-block-column is-layout-flow wp-block-column-is-layout-flow\" style=\"flex-basis:50%\">\n<h1 class=\"wp-block-heading has-margin-top-m has-light-color has-text-color has-xxl-font-size\" style=\"font-style:normal;font-weight:700\">Empresa<\/h1>\n<\/div>\n<\/div>\n<\/div><\/div>\n\n\n\n<section class=\"inherit-container-width wp-block-group alignwide has-margin-top-m has-margin-bottom-l is-layout-constrained wp-block-group-is-layout-constrained\">\n<div class=\"wp-block-columns alignwide has-margin-bottom-l is-layout-flex wp-container-core-columns-is-layout-28f84493 wp-block-columns-is-layout-flex\">\n<div class=\"wp-block-column is-layout-flow wp-block-column-is-layout-flow\">\n<h2 class=\"wp-block-heading has-margin-bottom has-large-font-size\" style=\"font-style:normal;font-weight:700\">Una larga experiencia<\/h2>\n\n\n\n<p>La historia de Icematic comienza en 1963. La empresa desde el principio demuestra un gran potencial de crecimiento y una excelente capacidad para responder de manera cuidadosa y proactiva a las demandas del mercado. <\/p>\n\n\n\n<p>Por eso, en 1985, un gran grupo internacional decidi\u00f3 invertir en Icematic, concentrando aqu\u00ed la producci\u00f3n de los fabricantes de hielo modulares, confiando al mismo tiempo el desarrollo de grandes proyectos innovadores tanto desde el punto de vista del desarrollo, tanto de los componentes t\u00e9cnico-mec\u00e1nicos.<\/p>\n\n\n\n<p>En este per\u00edodo nuestro crecimiento y nuestra especializaci\u00f3n contin\u00faan, hasta alcanzar la realizaci\u00f3n de m\u00e1s de 6000 m\u00e1quinas modulares anuales, con una producci\u00f3n basada principalmente en procesos internos.<\/p>\n\n\n\n<p>En los a\u00f1os 90, al captar una fuerte demanda del mercado, tambi\u00e9n comenzamos a construir dep\u00f3sitos de hielo, para complementar nuestra producci\u00f3n y distinguir nuestra oferta de la competencia.<\/p>\n<\/div>\n\n\n\n<div class=\"wp-block-column is-layout-flow wp-block-column-is-layout-flow\">\n<figure class=\"wp-block-image aligncenter size-full has-border-radius-img\"><img loading=\"lazy\" decoding=\"async\" width=\"1000\" height=\"1000\" src=\"https:\/\/icematic.eu\/app\/uploads\/2022\/07\/company-icematic-1.jpg\" alt=\"Icematic - Proceso de producci\u00f3n de fabricadores de hielo industriales\" class=\"wp-image-814\" srcset=\"https:\/\/icematic.eu\/app\/uploads\/2022\/07\/company-icematic-1.jpg 1000w, https:\/\/icematic.eu\/app\/uploads\/2022\/07\/company-icematic-1-300x300.jpg 300w, https:\/\/icematic.eu\/app\/uploads\/2022\/07\/company-icematic-1-150x150.jpg 150w, https:\/\/icematic.eu\/app\/uploads\/2022\/07\/company-icematic-1-768x768.jpg 768w, https:\/\/icematic.eu\/app\/uploads\/2022\/07\/company-icematic-1-600x600.jpg 600w, https:\/\/icematic.eu\/app\/uploads\/2022\/07\/company-icematic-1-100x100.jpg 100w\" sizes=\"auto, (max-width: 1000px) 100vw, 1000px\" \/><\/figure>\n<\/div>\n<\/div>\n\n\n\n<div class=\"wp-block-columns alignwide column-reverse-until-desktop is-layout-flex wp-container-core-columns-is-layout-28f84493 wp-block-columns-is-layout-flex\">\n<div class=\"wp-block-column is-layout-flow wp-block-column-is-layout-flow\">\n<figure class=\"wp-block-image aligncenter size-full has-border-radius-img\"><img loading=\"lazy\" decoding=\"async\" width=\"1000\" height=\"1000\" src=\"https:\/\/icematic.eu\/app\/uploads\/2022\/07\/company-icematic-2.jpg\" alt=\"Icematic - Proceso de producci\u00f3n de fabricadores de hielo industriales\" class=\"wp-image-815\" srcset=\"https:\/\/icematic.eu\/app\/uploads\/2022\/07\/company-icematic-2.jpg 1000w, https:\/\/icematic.eu\/app\/uploads\/2022\/07\/company-icematic-2-300x300.jpg 300w, https:\/\/icematic.eu\/app\/uploads\/2022\/07\/company-icematic-2-150x150.jpg 150w, https:\/\/icematic.eu\/app\/uploads\/2022\/07\/company-icematic-2-768x768.jpg 768w, https:\/\/icematic.eu\/app\/uploads\/2022\/07\/company-icematic-2-600x600.jpg 600w, https:\/\/icematic.eu\/app\/uploads\/2022\/07\/company-icematic-2-100x100.jpg 100w\" sizes=\"auto, (max-width: 1000px) 100vw, 1000px\" \/><\/figure>\n<\/div>\n\n\n\n<div class=\"wp-block-column is-layout-flow wp-block-column-is-layout-flow\">\n<h2 class=\"wp-block-heading has-margin-bottom has-large-font-size\" style=\"font-style:normal;font-weight:700\">Nuevas oportunidades<\/h2>\n\n\n\n<p class=\"has-margin-bottom-m\">En 2013 Icematic entra a formar parte del gran grupo industrial Ali Group, una oportunidad importante para madurar una mayor independencia productiva y, sobre todo, para ampliar la gama de productos e invertir en la innovaci\u00f3n tecnol\u00f3gica. Ya en 2014, de hecho, hab\u00eda comenzado la producci\u00f3n de m\u00e1quinas para el hielo spray, con un excelente posicionamiento calidad\/precio y la consiguiente conquista de importantes cuotas de mercado. <\/p>\n\n\n\n<h2 class=\"wp-block-heading has-margin-bottom has-large-font-size\" style=\"font-style:normal;font-weight:700\">Innovaci\u00f3n continua<\/h2>\n\n\n\n<p>El verdadero avance en t\u00e9rminos de innovaci\u00f3n llega en 2022, cuando lanzamos nuestra aplicaci\u00f3n &#8220;My Ice&#8221; para la gesti\u00f3n remota de m\u00e1quinas. Gracias a esta tecnolog\u00eda exclusiva, podemos garantizar a nuestros clientes una producci\u00f3n de hielo totalmente personalizada, basada en las exigencias espec\u00edficas de cada realidad, con una significativa mejora de la calidad del hielo y un notable ahorro energ\u00e9tico. <\/p>\n<\/div>\n<\/div>\n<\/section>\n\n\n\n<section class=\"inherit-container-width wp-block-group alignfull has-margin-bottom-l has-light-color has-primary-background-color has-text-color has-background is-layout-constrained wp-block-group-is-layout-constrained\">\n<div class=\"wp-block-columns alignwide is-layout-flex wp-container-core-columns-is-layout-28f84493 wp-block-columns-is-layout-flex\">\n<div class=\"wp-block-column is-layout-flow wp-block-column-is-layout-flow\">\n<h2 class=\"wp-block-heading has-light-color has-text-color has-xl-font-size\">EL SISTEMA PRODUCTIVO<\/h2>\n\n\n\n<h3 class=\"wp-block-heading has-margin-bottom has-light-color has-text-color has-large-font-size\" style=\"font-style:normal;font-weight:700\">Creamos calidad con nuestras propias manos<\/h3>\n\n\n\n<p class=\"has-margin-bottom-m has-light-color has-text-color\">Estamos orgullosos de poder garantizar la calidad y la seguridad de nuestros productos, porque seguimos su realizaci\u00f3n paso a paso. Desde el mecanizado de las planchas de acero para la carrocer\u00eda, la construcci\u00f3n de los evaporadores, hasta el montaje final, todo el flujo de trabajo se realiza internamente en la empresa. De esta manera, hacemos un seguimiento de cada paso y estamos seguros de la calidad y eficiencia de cada componente, para ofrecer m\u00e1quinas profesionales de hielo seguras, eficientes y duraderas en el tiempo.  <\/p>\n\n\n\n<h3 class=\"wp-block-heading has-margin-bottom has-light-color has-text-color has-large-font-size\" style=\"font-style:normal;font-weight:700\">Principios de ecodise\u00f1o para el bienestar del planeta<\/h3>\n\n\n\n<p class=\"has-light-color has-text-color\">Prestamos mucha atenci\u00f3n a nuestro impacto en el medio ambiente y tratamos cada d\u00eda de reducir el peso que nuestra producci\u00f3n y nuestros productos crean. Por eso, cuando dise\u00f1amos, nos inspiramos en los c\u00e1nones del ecodise\u00f1o, que prev\u00e9 la reducci\u00f3n del consumo tanto en la fase productiva como en los propios productos. Nuestras m\u00e1quinas de hielo tienen valores de consumo de energ\u00eda cada vez m\u00e1s bajos; la incorporaci\u00f3n de tecnolog\u00edas innovadoras permite planificar la actividad de la m\u00e1quina, lo que permite reducir notablemente las necesidades energ\u00e9ticas. Adem\u00e1s, los tratamientos de niquelado que realizamos en algunos componentes de la maquinaria tienen un riesgo reducido de liberaci\u00f3n de metales en el agua, hasta 10 veces menor que los tratamientos habituales.   <\/p>\n<\/div>\n\n\n\n<div class=\"wp-block-column is-layout-flow wp-block-column-is-layout-flow\">\n<figure class=\"wp-block-image aligncenter size-full has-border-radius-img\"><img loading=\"lazy\" decoding=\"async\" width=\"1000\" height=\"1500\" src=\"https:\/\/icematic.eu\/app\/uploads\/2022\/07\/azienda-company-icematic-3.jpg\" alt=\"Icematic - Proceso de producci\u00f3n de fabricadores de hielo industriales\" class=\"wp-image-816\" srcset=\"https:\/\/icematic.eu\/app\/uploads\/2022\/07\/azienda-company-icematic-3.jpg 1000w, https:\/\/icematic.eu\/app\/uploads\/2022\/07\/azienda-company-icematic-3-200x300.jpg 200w, https:\/\/icematic.eu\/app\/uploads\/2022\/07\/azienda-company-icematic-3-683x1024.jpg 683w, https:\/\/icematic.eu\/app\/uploads\/2022\/07\/azienda-company-icematic-3-768x1152.jpg 768w, https:\/\/icematic.eu\/app\/uploads\/2022\/07\/azienda-company-icematic-3-600x900.jpg 600w\" sizes=\"auto, (max-width: 1000px) 100vw, 1000px\" \/><\/figure>\n<\/div>\n<\/div>\n<\/section>\n\n\n\n<div class=\"inherit-container-width wp-block-group alignwide has-margin-bottom-l is-layout-constrained wp-block-group-is-layout-constrained\">\n<div class=\"wp-block-columns alignwide has-margin-bottom-l is-layout-flex wp-container-core-columns-is-layout-28f84493 wp-block-columns-is-layout-flex\">\n<div class=\"wp-block-column is-layout-flow wp-block-column-is-layout-flow\">\n<h2 class=\"wp-block-heading has-xl-font-size\" style=\"text-transform:uppercase\">Porque<br>elegir<br>Icematic<\/h2>\n<\/div>\n<\/div>\n\n\n\n<div class=\"wp-block-columns alignwide has-margin-bottom-m is-layout-flex wp-container-core-columns-is-layout-28f84493 wp-block-columns-is-layout-flex\">\n<div class=\"wp-block-column alignwide is-layout-flow wp-block-column-is-layout-flow\">\n<h3 class=\"wp-block-heading has-margin-bottom has-large-font-size\" style=\"font-style:normal;font-weight:700\">Fiabilidad que viene de la experiencia<\/h3>\n\n\n\n<p>Icematic trabaja en el campo de la producci\u00f3n de m\u00e1quinas de hielo profesionales desde 1963, un largo camino que nos ha permitido perfeccionar nuestra t\u00e9cnica de producci\u00f3n, experimentar con tecnolog\u00edas innovadoras y revolucionarias, construir m\u00e1quinas cada d\u00eda m\u00e1s eficientes, Seguros y fiables, incluso a largo plazo.<\/p>\n<\/div>\n\n\n\n<div class=\"wp-block-column is-layout-flow wp-block-column-is-layout-flow\">\n<h3 class=\"wp-block-heading has-margin-bottom has-large-font-size\" style=\"font-style:normal;font-weight:700\">Conocimiento profundo para un enfoque global<\/h3>\n\n\n\n<p>Nuestra larga actividad nos ha permitido desarrollar un profundo conocimiento de todo el &#8220;sistema de hielo&#8221;, permiti\u00e9ndonos renovarlo con tecnolog\u00edas exclusivas patentadas. La idea de unificar nuestras m\u00e1quinas desde el punto de vista t\u00e9cnico y de gesti\u00f3n nos ha permitido aplicar peque\u00f1as y grandes revoluciones que mejoran la vida de los clientes que utilizan nuestros productos. <\/p>\n<\/div>\n<\/div>\n\n\n\n<div class=\"wp-block-columns alignwide has-margin-bottom-m is-layout-flex wp-container-core-columns-is-layout-28f84493 wp-block-columns-is-layout-flex\">\n<div class=\"wp-block-column alignwide is-layout-flow wp-block-column-is-layout-flow\">\n<h3 class=\"wp-block-heading has-margin-bottom has-large-font-size\" style=\"font-style:normal;font-weight:700\">Evoluci\u00f3n de la tecnolog\u00eda para mejorar el rendimiento<\/h3>\n\n\n\n<p>El desarrollo de una aplicaci\u00f3n para el control remoto de las m\u00e1quinas de hielo ha contribuido a dar un verdadero paso adelante en el rendimiento de nuestros productos y en la practicidad de uso. Planificaci\u00f3n temporal de la producci\u00f3n de hielo, gesti\u00f3n as\u00edncrona de los ciclos de saneamiento y muchas otras peque\u00f1as revoluciones para una producci\u00f3n de hielo \u00f3ptima, adaptada a las necesidades de cada cliente. <\/p>\n<\/div>\n\n\n\n<div class=\"wp-block-column is-layout-flow wp-block-column-is-layout-flow\">\n<h3 class=\"wp-block-heading has-margin-bottom has-large-font-size\" style=\"font-style:normal;font-weight:700\">Soporte y escucha para la satisfacci\u00f3n del cliente<\/h3>\n\n\n\n<p>Nuestro equipo comercial y el departamento de I+D trabajan en las demandas y necesidades de los clientes, con el objetivo de anticipar sus necesidades y proporcionar siempre respuestas concretas. Toda nuestra actividad se basa en la escucha del cliente y en una red estructurada que garantiza una asistencia resolutiva y oportuna en caso de necesidad y un soporte continuo, incluso a distancia, para la programaci\u00f3n y la personalizaci\u00f3n de las funciones de las m\u00e1quinas. <\/p>\n<\/div>\n<\/div>\n\n\n\n<div class=\"wp-block-columns alignwide has-margin-bottom-l is-layout-flex wp-container-core-columns-is-layout-28f84493 wp-block-columns-is-layout-flex\">\n<div class=\"wp-block-column alignwide is-layout-flow wp-block-column-is-layout-flow\">\n<h3 class=\"wp-block-heading has-margin-bottom has-large-font-size\" style=\"font-style:normal;font-weight:700\">Vocaci\u00f3n verde para el respeto del medio ambiente<\/h3>\n\n\n\n<p>El desarrollo tecnol\u00f3gico que nos distingue tiene como objetivo la mejora continua y la producci\u00f3n de maquinaria con un excelente rendimiento y un bajo impacto en el consumo de energ\u00eda. La gesti\u00f3n del agua y de la producci\u00f3n de hielo permite reducir dr\u00e1sticamente las eventuales presencia de metales, para un producto m\u00e1s limpio y sostenible. En nuestro negocio nos esforzamos por reducir constantemente nuestro impacto en el medio ambiente. Por eso, en nuestra nueva sede hemos previsto la inserci\u00f3n de estructuras para la autoproducci\u00f3n de energ\u00eda sostenible y hemos estudiado un sistema para la recuperaci\u00f3n de las energ\u00edas en c\u00edrculo y para la reducci\u00f3n de los consumos.   <\/p>\n<\/div>\n\n\n\n<div class=\"wp-block-column is-layout-flow wp-block-column-is-layout-flow\">\n<h3 class=\"wp-block-heading has-margin-bottom has-large-font-size\" style=\"font-style:normal;font-weight:700\">Asistencia ramificada con un equipo profesional<\/h3>\n\n\n\n<p>Nuestra amplia red de distribuidores est\u00e1 siempre a disposici\u00f3n de los clientes finales, para intervenciones de asistencia r\u00e1pidas y eficaces. La tecnolog\u00eda remota administrada a trav\u00e9s de la aplicaci\u00f3n nos permite realizar diagn\u00f3sticos a distancia y permite al dealer intervenir tanto de forma remota como personalmente, pero con plena conciencia de lo que necesita. La colaboraci\u00f3n con nuestros distribuidores es un punto clave para ofrecer productos y servicios confiables a los clientes finales; es una forma de crecer juntos y establecer una relaci\u00f3n duradera y rentable.  <\/p>\n<\/div>\n<\/div>\n\n\n\n<figure class=\"wp-block-image aligncenter size-full alignwide has-border-radius-img\"><img loading=\"lazy\" decoding=\"async\" width=\"1920\" height=\"1080\" src=\"https:\/\/icematic.eu\/app\/uploads\/2022\/07\/company-icematic-4.jpg\" alt=\"Icematic - Oficina de dise\u00f1o de fabricadores de hielo\" class=\"wp-image-817\" srcset=\"https:\/\/icematic.eu\/app\/uploads\/2022\/07\/company-icematic-4.jpg 1920w, https:\/\/icematic.eu\/app\/uploads\/2022\/07\/company-icematic-4-300x169.jpg 300w, https:\/\/icematic.eu\/app\/uploads\/2022\/07\/company-icematic-4-1024x576.jpg 1024w, https:\/\/icematic.eu\/app\/uploads\/2022\/07\/company-icematic-4-768x432.jpg 768w, https:\/\/icematic.eu\/app\/uploads\/2022\/07\/company-icematic-4-1536x864.jpg 1536w, https:\/\/icematic.eu\/app\/uploads\/2022\/07\/company-icematic-4-600x338.jpg 600w\" sizes=\"auto, (max-width: 1920px) 100vw, 1920px\" \/><\/figure>\n<\/div>\n\n\n\n<section class=\"inherit-container-width wp-block-group alignfull has-margin-bottom-l has-grey-background-color has-background is-layout-constrained wp-block-group-is-layout-constrained\">\n<div class=\"wp-block-columns are-vertically-aligned-center alignwide is-layout-flex wp-container-core-columns-is-layout-28f84493 wp-block-columns-is-layout-flex\">\n<div class=\"wp-block-column is-vertically-aligned-center alignwide is-layout-flow wp-block-column-is-layout-flow\">\n<h2 class=\"wp-block-heading has-xl-font-size\">ICEMATIC<br>EN EL MUNDO<\/h2>\n\n\n\n<p>En un mercado est\u00e1tico nos afirmamos como innovadores, tratando cada d\u00eda de marcar la diferencia tanto en t\u00e9rminos de evoluci\u00f3n tecnol\u00f3gica de nuestros productos como en relaci\u00f3n con el cliente. Nuestro departamento comercial compuesto por 4 comerciales que cubren las diferentes \u00e1reas de exportaci\u00f3n en todo el mundo y por un brand manager, responde cada d\u00eda a las solicitudes de los clientes de manera proactiva y colaborativa. <\/p>\n<\/div>\n\n\n\n<div class=\"wp-block-column is-vertically-aligned-center is-layout-flow wp-block-column-is-layout-flow\">\n<div class=\"wp-block-columns are-vertically-aligned-top has-margin-bottom-m is-layout-flex wp-container-core-columns-is-layout-28f84493 wp-block-columns-is-layout-flex\">\n<div class=\"wp-block-column is-vertically-aligned-top is-layout-flow wp-block-column-is-layout-flow\">\n<p class=\"remove-margin-bottom has-xl-font-size\">100<\/p>\n\n\n\n<p class=\"has-font-weight-medium\">EMPLEADOS<\/p>\n<\/div>\n\n\n\n<div class=\"wp-block-column is-vertically-aligned-top is-layout-flow wp-block-column-is-layout-flow\">\n<p class=\"remove-margin-bottom has-xl-font-size\">120<\/p>\n\n\n\n<p class=\"has-font-weight-medium\">PA\u00cdSES DONDE<br>EXPORTAMOS<\/p>\n<\/div>\n<\/div>\n\n\n\n<div class=\"wp-block-columns is-layout-flex wp-container-core-columns-is-layout-28f84493 wp-block-columns-is-layout-flex\">\n<div class=\"wp-block-column is-layout-flow wp-block-column-is-layout-flow\">\n<p class=\"remove-margin-bottom has-xl-font-size\">17500<\/p>\n\n\n\n<p class=\"has-font-weight-medium\">M\u00c1QUINAS\/ANUALES<\/p>\n<\/div>\n\n\n\n<div class=\"wp-block-column is-layout-flow wp-block-column-is-layout-flow\">\n<p class=\"remove-margin-bottom has-xl-font-size\">22000<\/p>\n\n\n\n<p class=\"has-font-weight-medium\">METROS CUADRADOS DE PRODUCCI\u00d3N<br>CAPACIDAD DE PRODUCCI\u00d3N<\/p>\n<\/div>\n<\/div>\n<\/div>\n<\/div>\n<\/section>\n","protected":false},"excerpt":{"rendered":"<p>Una larga experiencia La historia de Icematic comienza en 1963. La empresa desde el principio demuestra un gran potencial de crecimiento y una excelente capacidad [&hellip;]<\/p>\n","protected":false},"author":6,"featured_media":0,"parent":0,"menu_order":0,"comment_status":"closed","ping_status":"closed","template":"","meta":{"_acf_changed":false,"inline_featured_image":false,"site-sidebar-layout":"default","site-content-layout":"","ast-site-content-layout":"default","site-content-style":"default","site-sidebar-style":"default","ast-global-header-display":"","ast-banner-title-visibility":"","ast-main-header-display":"","ast-hfb-above-header-display":"","ast-hfb-below-header-display":"","ast-hfb-mobile-header-display":"","site-post-title":"disabled","ast-breadcrumbs-content":"","ast-featured-img":"","footer-sml-layout":"","ast-disable-related-posts":"","theme-transparent-header-meta":"","adv-header-id-meta":"","stick-header-meta":"","header-above-stick-meta":"","header-main-stick-meta":"","header-below-stick-meta":"","astra-migrate-meta-layouts":"default","ast-page-background-enabled":"default","ast-page-background-meta":{"desktop":{"background-color":"var(--ast-global-color-4)","background-image":"","background-repeat":"repeat","background-position":"center center","background-size":"auto","background-attachment":"scroll","background-type":"","background-media":"","overlay-type":"","overlay-color":"","overlay-opacity":"","overlay-gradient":""},"tablet":{"background-color":"","background-image":"","background-repeat":"repeat","background-position":"center center","background-size":"auto","background-attachment":"scroll","background-type":"","background-media":"","overlay-type":"","overlay-color":"","overlay-opacity":"","overlay-gradient":""},"mobile":{"background-color":"","background-image":"","background-repeat":"repeat","background-position":"center center","background-size":"auto","background-attachment":"scroll","background-type":"","background-media":"","overlay-type":"","overlay-color":"","overlay-opacity":"","overlay-gradient":""}},"ast-content-background-meta":{"desktop":{"background-color":"var(--ast-global-color-5)","background-image":"","background-repeat":"repeat","background-position":"center center","background-size":"auto","background-attachment":"scroll","background-type":"","background-media":"","overlay-type":"","overlay-color":"","overlay-opacity":"","overlay-gradient":""},"tablet":{"background-color":"var(--ast-global-color-5)","background-image":"","background-repeat":"repeat","background-position":"center center","background-size":"auto","background-attachment":"scroll","background-type":"","background-media":"","overlay-type":"","overlay-color":"","overlay-opacity":"","overlay-gradient":""},"mobile":{"background-color":"var(--ast-global-color-5)","background-image":"","background-repeat":"repeat","background-position":"center center","background-size":"auto","background-attachment":"scroll","background-type":"","background-media":"","overlay-type":"","overlay-color":"","overlay-opacity":"","overlay-gradient":""}},"footnotes":""},"class_list":["post-3528","page","type-page","status-publish","hentry"],"acf":[],"_links":{"self":[{"href":"https:\/\/icematic.eu\/es\/wp-json\/wp\/v2\/pages\/3528","targetHints":{"allow":["GET"]}}],"collection":[{"href":"https:\/\/icematic.eu\/es\/wp-json\/wp\/v2\/pages"}],"about":[{"href":"https:\/\/icematic.eu\/es\/wp-json\/wp\/v2\/types\/page"}],"author":[{"embeddable":true,"href":"https:\/\/icematic.eu\/es\/wp-json\/wp\/v2\/users\/6"}],"replies":[{"embeddable":true,"href":"https:\/\/icematic.eu\/es\/wp-json\/wp\/v2\/comments?post=3528"}],"version-history":[{"count":6,"href":"https:\/\/icematic.eu\/es\/wp-json\/wp\/v2\/pages\/3528\/revisions"}],"predecessor-version":[{"id":4799,"href":"https:\/\/icematic.eu\/es\/wp-json\/wp\/v2\/pages\/3528\/revisions\/4799"}],"wp:attachment":[{"href":"https:\/\/icematic.eu\/es\/wp-json\/wp\/v2\/media?parent=3528"}],"curies":[{"name":"wp","href":"https:\/\/api.w.org\/{rel}","templated":true}]}}