{"id":3523,"date":"2022-05-10T22:13:25","date_gmt":"2022-05-10T21:13:25","guid":{"rendered":"https:\/\/icematic.eu\/app-my-ice-2\/"},"modified":"2025-05-07T11:01:32","modified_gmt":"2025-05-07T10:01:32","slug":"app-my-ice-2","status":"publish","type":"page","link":"https:\/\/icematic.eu\/es\/app-my-ice-2\/","title":{"rendered":"App My Ice"},"content":{"rendered":"\n<div class=\"wp-block-cover alignfull is-light has-custom-content-position is-position-top-left has-full-height\"><span aria-hidden=\"true\" class=\"wp-block-cover__background has-primary-background-color has-background-dim\"><\/span><img loading=\"lazy\" decoding=\"async\" width=\"1920\" height=\"1080\" class=\"wp-block-cover__image-background wp-image-2517\" alt=\"Esclusiva app My Ice per i fabbricatori di ghiaccio Icematic\" src=\"https:\/\/icematic.eu\/app\/uploads\/2022\/10\/app-hero.jpg\" data-object-fit=\"cover\" srcset=\"https:\/\/icematic.eu\/app\/uploads\/2022\/10\/app-hero.jpg 1920w, https:\/\/icematic.eu\/app\/uploads\/2022\/10\/app-hero-300x169.jpg 300w, https:\/\/icematic.eu\/app\/uploads\/2022\/10\/app-hero-1024x576.jpg 1024w, https:\/\/icematic.eu\/app\/uploads\/2022\/10\/app-hero-768x432.jpg 768w, https:\/\/icematic.eu\/app\/uploads\/2022\/10\/app-hero-1536x864.jpg 1536w, https:\/\/icematic.eu\/app\/uploads\/2022\/10\/app-hero-600x338.jpg 600w\" sizes=\"auto, (max-width: 1920px) 100vw, 1920px\" \/><div class=\"wp-block-cover__inner-container is-layout-flow wp-block-cover-is-layout-flow\">\n<div class=\"wp-block-columns alignwide is-layout-flex wp-container-core-columns-is-layout-28f84493 wp-block-columns-is-layout-flex\">\n<div class=\"wp-block-column is-layout-flow wp-block-column-is-layout-flow\" style=\"flex-basis:33%\">\n<h1 class=\"wp-block-heading has-margin-top-m has-light-color has-text-color has-xxl-font-size\" style=\"font-style:normal;font-weight:700\">App<br>My Ice<\/h1>\n\n\n\n<h2 class=\"wp-block-heading has-light-color has-text-color has-xl-font-size\" style=\"font-style:normal;font-weight:100\">CON UN<br>SIMPLE<br>TOQUE<\/h2>\n<\/div>\n<\/div>\n<\/div><\/div>\n\n\n\n<div class=\"inherit-container-width wp-block-group alignwide is-layout-constrained wp-block-group-is-layout-constrained\">\n<div class=\"wp-block-columns alignwide column-reverse-until-desktop has-margin-bottom is-layout-flex wp-container-core-columns-is-layout-28f84493 wp-block-columns-is-layout-flex\">\n<div class=\"wp-block-column has-margin-top-m-from-desktop is-layout-flow wp-block-column-is-layout-flow\" style=\"flex-basis:33%\">\n<p><strong><strong>La nueva APP My Ice permite tener a mano el completo control de cada m\u00e1quina, por bluetooth o wi-fi.<br>Icematic se enorgullece de presentar con esta innovadora aplicaci\u00f3n la patente para la producci\u00f3n programada de hielo.<\/strong><\/strong><\/p>\n<\/div>\n\n\n\n<div class=\"wp-block-column has-negative-margin-top z-index is-layout-flow wp-block-column-is-layout-flow\" style=\"flex-basis:33%\">\n<figure class=\"wp-block-image aligncenter size-large\"><img loading=\"lazy\" decoding=\"async\" width=\"1024\" height=\"1024\" src=\"https:\/\/icematic.eu\/app\/uploads\/2022\/10\/app-1-1024x1024.png\" alt=\"Funcionamiento de la aplicaci\u00f3n Icematic My Ice para la producci\u00f3n de hielo programada\" class=\"wp-image-2562\" srcset=\"https:\/\/icematic.eu\/app\/uploads\/2022\/10\/app-1-1024x1024.png 1024w, https:\/\/icematic.eu\/app\/uploads\/2022\/10\/app-1-300x300.png 300w, https:\/\/icematic.eu\/app\/uploads\/2022\/10\/app-1-150x150.png 150w, https:\/\/icematic.eu\/app\/uploads\/2022\/10\/app-1-768x768.png 768w, https:\/\/icematic.eu\/app\/uploads\/2022\/10\/app-1-1536x1536.png 1536w, https:\/\/icematic.eu\/app\/uploads\/2022\/10\/app-1-600x600.png 600w, https:\/\/icematic.eu\/app\/uploads\/2022\/10\/app-1-100x100.png 100w, https:\/\/icematic.eu\/app\/uploads\/2022\/10\/app-1.png 1668w\" sizes=\"auto, (max-width: 1024px) 100vw, 1024px\" \/><\/figure>\n<\/div>\n\n\n\n<div class=\"wp-block-column hide-until-desktop is-layout-flow wp-block-column-is-layout-flow\" style=\"flex-basis:33%\"><\/div>\n<\/div>\n\n\n\n<div class=\"wp-block-columns alignwide has-margin-bottom has-margin-top-l-from-desktop is-layout-flex wp-container-core-columns-is-layout-28f84493 wp-block-columns-is-layout-flex\">\n<div class=\"wp-block-column hide-until-desktop is-layout-flow wp-block-column-is-layout-flow\"><\/div>\n\n\n\n<div class=\"wp-block-column is-layout-flow wp-block-column-is-layout-flow\">\n<figure class=\"wp-block-image aligncenter size-large\"><img loading=\"lazy\" decoding=\"async\" width=\"1024\" height=\"1024\" src=\"https:\/\/icematic.eu\/app\/uploads\/2022\/10\/app-2-1024x1024.png\" alt=\"Funcionamiento de la aplicaci\u00f3n Icematic My Ice para la producci\u00f3n de hielo programada\" class=\"wp-image-2565\" srcset=\"https:\/\/icematic.eu\/app\/uploads\/2022\/10\/app-2-1024x1024.png 1024w, https:\/\/icematic.eu\/app\/uploads\/2022\/10\/app-2-300x300.png 300w, https:\/\/icematic.eu\/app\/uploads\/2022\/10\/app-2-150x150.png 150w, https:\/\/icematic.eu\/app\/uploads\/2022\/10\/app-2-768x768.png 768w, https:\/\/icematic.eu\/app\/uploads\/2022\/10\/app-2-1536x1536.png 1536w, https:\/\/icematic.eu\/app\/uploads\/2022\/10\/app-2-600x600.png 600w, https:\/\/icematic.eu\/app\/uploads\/2022\/10\/app-2-100x100.png 100w, https:\/\/icematic.eu\/app\/uploads\/2022\/10\/app-2.png 1668w\" sizes=\"auto, (max-width: 1024px) 100vw, 1024px\" \/><\/figure>\n<\/div>\n\n\n\n<div class=\"wp-block-column is-layout-flow wp-block-column-is-layout-flow\">\n<h2 class=\"wp-block-heading remove-margin-bottom has-medium-font-size\" style=\"font-style:normal;font-weight:500\">A partir de hoy <strong>podr\u00e1s iniciar ciclos de producci\u00f3n de una cantidad definida y programada de hielo<\/strong>, seleccionando tambi\u00e9n el horario en el que lo querr\u00e1s disponible y listo para usar.<\/h2>\n<\/div>\n<\/div>\n\n\n\n<div class=\"wp-block-columns alignwide has-margin-bottom has-margin-top-l-from-desktop is-layout-flex wp-container-core-columns-is-layout-28f84493 wp-block-columns-is-layout-flex\">\n<div class=\"wp-block-column is-layout-flow wp-block-column-is-layout-flow\">\n<h2 class=\"wp-block-heading has-margin-bottom has-medium-font-size\" style=\"font-style:normal;font-weight:500\">Adem\u00e1s, ser\u00e1 posible <strong>controlar el estado actual de la m\u00e1quina y ajustar la capacidad de almacenamiento de forma segura a distancia<\/strong>, sin necesidad de tocar o abrir la m\u00e1quina.<\/h2>\n\n\n\n<p class=\"remove-margin-bottom\"><strong>Estas ventajas son un verdadero valor a\u00f1adido para optimizar la producci\u00f3n, minimizar los residuos y garantizar siempre un hielo fresco, reci\u00e9n preparado, eliminando el riesgo de proliferaci\u00f3n bacteriana.<\/strong><\/p>\n<\/div>\n\n\n\n<div class=\"wp-block-column is-layout-flow wp-block-column-is-layout-flow\">\n<figure class=\"wp-block-image aligncenter size-large\"><img loading=\"lazy\" decoding=\"async\" width=\"1024\" height=\"1024\" src=\"https:\/\/icematic.eu\/app\/uploads\/2022\/10\/app-3-1024x1024.png\" alt=\"Funcionamiento de la aplicaci\u00f3n Icematic My Ice para la producci\u00f3n de hielo programada\" class=\"wp-image-2568\" srcset=\"https:\/\/icematic.eu\/app\/uploads\/2022\/10\/app-3-1024x1024.png 1024w, https:\/\/icematic.eu\/app\/uploads\/2022\/10\/app-3-300x300.png 300w, https:\/\/icematic.eu\/app\/uploads\/2022\/10\/app-3-150x150.png 150w, https:\/\/icematic.eu\/app\/uploads\/2022\/10\/app-3-768x768.png 768w, https:\/\/icematic.eu\/app\/uploads\/2022\/10\/app-3-1536x1536.png 1536w, https:\/\/icematic.eu\/app\/uploads\/2022\/10\/app-3-600x600.png 600w, https:\/\/icematic.eu\/app\/uploads\/2022\/10\/app-3-100x100.png 100w, https:\/\/icematic.eu\/app\/uploads\/2022\/10\/app-3.png 1668w\" sizes=\"auto, (max-width: 1024px) 100vw, 1024px\" \/><\/figure>\n<\/div>\n\n\n\n<div class=\"wp-block-column hide-until-desktop is-layout-flow wp-block-column-is-layout-flow\"><\/div>\n<\/div>\n\n\n\n<div class=\"wp-block-columns alignwide has-margin-bottom-l has-margin-top-l-from-desktop is-layout-flex wp-container-core-columns-is-layout-28f84493 wp-block-columns-is-layout-flex\">\n<div class=\"wp-block-column hide-until-desktop is-layout-flow wp-block-column-is-layout-flow\"><\/div>\n\n\n\n<div class=\"wp-block-column is-layout-flow wp-block-column-is-layout-flow\">\n<figure class=\"wp-block-image aligncenter size-large\"><img loading=\"lazy\" decoding=\"async\" width=\"1024\" height=\"1024\" src=\"https:\/\/icematic.eu\/app\/uploads\/2022\/10\/app-4-1024x1024.png\" alt=\"Funcionamiento de la aplicaci\u00f3n Icematic My Ice para la producci\u00f3n de hielo programada\" class=\"wp-image-2571\" srcset=\"https:\/\/icematic.eu\/app\/uploads\/2022\/10\/app-4-1024x1024.png 1024w, https:\/\/icematic.eu\/app\/uploads\/2022\/10\/app-4-300x300.png 300w, https:\/\/icematic.eu\/app\/uploads\/2022\/10\/app-4-150x150.png 150w, https:\/\/icematic.eu\/app\/uploads\/2022\/10\/app-4-768x768.png 768w, https:\/\/icematic.eu\/app\/uploads\/2022\/10\/app-4-1536x1536.png 1536w, https:\/\/icematic.eu\/app\/uploads\/2022\/10\/app-4-600x600.png 600w, https:\/\/icematic.eu\/app\/uploads\/2022\/10\/app-4-100x100.png 100w, https:\/\/icematic.eu\/app\/uploads\/2022\/10\/app-4.png 1668w\" sizes=\"auto, (max-width: 1024px) 100vw, 1024px\" \/><\/figure>\n\n\n\n<div class=\"inherit-container-width wp-block-group is-layout-constrained wp-block-group-is-layout-constrained\"><\/div>\n<\/div>\n\n\n\n<div class=\"wp-block-column is-layout-flow wp-block-column-is-layout-flow\">\n<p><strong>A trav\u00e9s de la aplicaci\u00f3n, puede monitorear<br>y activar los ciclos de lavado y desinfecci\u00f3n con ozono, asegurando una higiene \u00f3ptima de su m\u00e1quina de hielo.<br>La primera y \u00fanica herramienta innovadora, que tambi\u00e9n ayudar\u00e1<br>el Servicio en la identificaci\u00f3n y resoluci\u00f3n r\u00e1pida de posibles problemas, todo a\u00fan m\u00e1s inmediato con el monitoreo remoto.<\/strong><\/p>\n\n\n\n<h2 class=\"wp-block-heading remove-margin-bottom has-medium-font-size\" style=\"font-style:normal;font-weight:700\">Manejar el hielo con un simple toque de su SmartPhone, nunca ha sido tan f\u00e1cil.<\/h2>\n<\/div>\n<\/div>\n<\/div>\n\n\n\n<div class=\"inherit-container-width wp-block-group is-layout-constrained wp-block-group-is-layout-constrained\">\n<p class=\"has-text-align-center\"><strong><strong>Disponible en<\/strong><\/strong><\/p>\n\n\n\n<div class=\"wp-block-buttons is-content-justification-center is-layout-flex wp-container-core-buttons-is-layout-a89b3969 wp-block-buttons-is-layout-flex\">\n<div class=\"wp-block-button store-button app-store\"><a class=\"wp-block-button__link wp-element-button\" href=\"https:\/\/apps.apple.com\/it\/app\/icematic\/id1573774620\" target=\"_blank\" rel=\"noopener\">Apple App Store<\/a><\/div>\n\n\n\n<div class=\"wp-block-button store-button play-store\"><a class=\"wp-block-button__link wp-element-button\" href=\"https:\/\/play.google.com\/store\/apps\/details?id=com.castelmac.app&amp;gl=IT\" target=\"_blank\" rel=\"noopener\">Google App Store<\/a><\/div>\n<\/div>\n<\/div>\n\n\n\n<div class=\"inherit-container-width wp-block-group max-width-inner is-layout-constrained wp-block-group-is-layout-constrained\">\n<p class=\"has-text-align-center m-top-video\">Mire el video para ver c\u00f3mo usar mejor nuestra aplicaci\u00f3n.<\/p>\n\n\n\n<figure class=\"wp-block-video alignwide has-padding-divider-m half-top\" id=\"video\"><video height=\"720\" style=\"aspect-ratio: 1280 \/ 720;\" width=\"1280\" controls poster=\"https:\/\/icematic.eu\/app\/uploads\/2023\/06\/v.jpg\" src=\"https:\/\/icematic.eu\/app\/uploads\/2023\/06\/vr-it.mp4\"><\/video><\/figure>\n<\/div>\n\n\n\n<section class=\"inherit-container-width wp-block-group alignwide section-grey has-margin-bottom-l has-primary-color has-grey-background-color has-text-color has-background is-layout-constrained wp-block-group-is-layout-constrained\">\n<div class=\"wp-block-columns are-vertically-aligned-center is-layout-flex wp-container-core-columns-is-layout-28f84493 wp-block-columns-is-layout-flex\">\n<div class=\"wp-block-column is-vertically-aligned-center is-layout-flow wp-block-column-is-layout-flow\" style=\"flex-basis:40%\">\n<svg xmlns=\"http:\/\/www.w3.org\/2000\/svg\" width=\"292.407\" height=\"180.28\" viewbox=\"0 0 292.407 180.28\" class=\"has-margin-bottom\">\n  <g id=\"Group_332\" data-name=\"Group 332\" transform=\"translate(-1349.592 -4993.836)\">\n    <path id=\"Path_30\" data-name=\"Path 30\" d=\"M-29.2-58.4A17.7,17.7,0,0,0-11.5-76.1,17.7,17.7,0,0,0-29.2-93.8,17.7,17.7,0,0,0-46.9-76.1,17.7,17.7,0,0,0-29.2-58.4\" transform=\"translate(1451.32 5152.491)\" fill=\"#5c89b5\" opacity=\"0.159\"><\/path>\n    <path id=\"Path_31\" data-name=\"Path 31\" d=\"M-29.2-58.4A17.7,17.7,0,0,0-11.5-76.1,17.7,17.7,0,0,0-29.2-93.8,17.7,17.7,0,0,0-46.9-76.1,17.7,17.7,0,0,0-29.2-58.4\" transform=\"translate(1430.688 5117.092)\" fill=\"#5c89b5\" opacity=\"0.159\"><\/path>\n    <path id=\"Path_32\" data-name=\"Path 32\" d=\"M-29.2-58.4A17.7,17.7,0,0,0-11.5-76.1,17.7,17.7,0,0,0-29.2-93.8,17.7,17.7,0,0,0-46.9-76.1,17.7,17.7,0,0,0-29.2-58.4\" transform=\"translate(1471.951 5117.092)\" fill=\"#5c89b5\" opacity=\"0.159\"><\/path>\n    <path id=\"Path_33\" data-name=\"Path 33\" d=\"M-41.064-87.684a24.8,24.8,0,0,0,24.889-24.7,24.8,24.8,0,0,0-24.889-24.7,24.8,24.8,0,0,0-24.889,24.7,24.8,24.8,0,0,0,24.889,24.7\" transform=\"translate(1514.598 5198.639)\" fill=\"#ffc04e\"><\/path>\n    <path id=\"Path_34\" data-name=\"Path 34\" d=\"M-41.064-87.684a24.8,24.8,0,0,1-24.889-24.7,24.8,24.8,0,0,1,24.889-24.7Z\" transform=\"translate(1571.828 5198.639)\" fill=\"#ffc04e\"><\/path>\n    <path id=\"Path_35\" data-name=\"Path 35\" d=\"M-168.335-86.231c0-28.866-22.84-52.265-51.015-52.265s-51.014,23.4-51.014,52.265H-240.8c-.033-.935-.073-1.84-.073-2.872,0-11.384,9.636-20.613,21.522-20.613s21.522,9.229,21.522,20.613c0,1-.014,1.956-.036,2.872Z\" transform=\"translate(1810.335 5197.187)\" fill=\"#4c4244\"><\/path>\n    <path id=\"Path_36\" data-name=\"Path 36\" d=\"M-25.364-50.726A15.374,15.374,0,0,0-9.991-66.1,15.373,15.373,0,0,0-25.364-81.471,15.373,15.373,0,0,0-40.738-66.1,15.374,15.374,0,0,0-25.364-50.726\" transform=\"translate(1585.087 5197.035)\" fill=\"#404a68\"><\/path>\n    <path id=\"Path_37\" data-name=\"Path 37\" d=\"M-20.5-41.007A12.428,12.428,0,0,0-8.077-53.435,12.427,12.427,0,0,0-20.5-65.861,12.427,12.427,0,0,0-32.933-53.435,12.428,12.428,0,0,0-20.5-41.007\" transform=\"translate(1583.174 5215.116)\" fill=\"#404a68\"><\/path>\n    <path id=\"Path_38\" data-name=\"Path 38\" d=\"M-20.5-41.007A12.428,12.428,0,0,0-8.077-53.435,12.427,12.427,0,0,0-20.5-65.861,12.427,12.427,0,0,0-32.933-53.435,12.428,12.428,0,0,0-20.5-41.007\" transform=\"translate(1610.101 5171.943)\" fill=\"#404a68\"><\/path>\n    <path id=\"Path_39\" data-name=\"Path 39\" d=\"M-25.364-50.726A15.374,15.374,0,0,0-9.991-66.1,15.373,15.373,0,0,0-25.364-81.471,15.374,15.374,0,0,0-40.738-66.1,15.374,15.374,0,0,0-25.364-50.726\" transform=\"translate(1617.016 5215.353)\" fill=\"#404a68\"><\/path>\n    <path id=\"Path_40\" data-name=\"Path 40\" d=\"M-71.182-.1s1.317,19.153-10.242,34.352-25.28,5.9-27.665,3.513-10.476-12.227-.016-24.506C-94.07-1.816-71.182-.1-71.182-.1\" transform=\"translate(1464.924 5109.273)\" fill=\"#5c89b5\" opacity=\"0.159\"><\/path>\n    <path id=\"Path_41\" data-name=\"Path 41\" d=\"M-.075-70.724s-1.317-19.153,10.242-34.352,25.28-5.9,27.665-3.513,10.476,12.227.016,24.505C22.813-69.005-.075-70.724-.075-70.724\" transform=\"translate(1400.202 5217.752)\" fill=\"#5c89b5\" opacity=\"0.159\"><\/path>\n    <path id=\"Path_42\" data-name=\"Path 42\" d=\"M-35.44-97.2c-11.845,0-21.48-13.214-21.48-29.456s9.636-29.456,21.48-29.456,21.48,13.214,21.48,29.456S-23.6-97.2-35.44-97.2m0-54.9c-9.629,0-17.463,11.413-17.463,25.44s7.834,25.44,17.463,25.44,17.462-11.413,17.462-25.44-7.834-25.44-17.462-25.44\" transform=\"translate(1535.624 5149.945)\" fill=\"#5c89b5\" opacity=\"0.159\"><\/path>\n    <path id=\"Path_43\" data-name=\"Path 43\" d=\"M-13.33-26.659a8.087,8.087,0,0,1-8.08-8.08,8.087,8.087,0,0,1,8.08-8.078,8.087,8.087,0,0,1,8.08,8.078,8.088,8.088,0,0,1-8.08,8.08m0-12.142a4.068,4.068,0,0,0-4.064,4.062,4.07,4.07,0,0,0,4.064,4.064,4.07,4.07,0,0,0,4.064-4.064A4.069,4.069,0,0,0-13.33-38.8\" transform=\"translate(1494.714 5162.57)\" fill=\"#5c89b5\" opacity=\"0.159\"><\/path>\n    <path id=\"Path_44\" data-name=\"Path 44\" d=\"M-13.33-26.661a8.087,8.087,0,0,1-8.08-8.08,8.087,8.087,0,0,1,8.08-8.08,8.088,8.088,0,0,1,8.08,8.08,8.087,8.087,0,0,1-8.08,8.08m0-12.144a4.07,4.07,0,0,0-4.064,4.064,4.07,4.07,0,0,0,4.064,4.064,4.07,4.07,0,0,0,4.064-4.064,4.071,4.071,0,0,0-4.064-4.064\" transform=\"translate(1533.071 5200.778)\" fill=\"#5c89b5\" opacity=\"0.159\"><\/path>\n    <path id=\"Path_45\" data-name=\"Path 45\" d=\"M-13.33-26.659a8.087,8.087,0,0,1-8.08-8.08,8.087,8.087,0,0,1,8.08-8.078,8.087,8.087,0,0,1,8.08,8.078,8.088,8.088,0,0,1-8.08,8.08m0-12.142a4.068,4.068,0,0,0-4.064,4.062,4.07,4.07,0,0,0,4.064,4.064,4.07,4.07,0,0,0,4.064-4.064A4.069,4.069,0,0,0-13.33-38.8\" transform=\"translate(1533.071 5162.57)\" fill=\"#5c89b5\" opacity=\"0.159\"><\/path>\n    <path id=\"Path_46\" data-name=\"Path 46\" d=\"M-22.378-44.753A13.579,13.579,0,0,1-35.942-58.317,13.577,13.577,0,0,1-22.378-71.878,13.577,13.577,0,0,1-8.815-58.317,13.579,13.579,0,0,1-22.378-44.753m0-23.109a9.559,9.559,0,0,0-9.548,9.546,9.559,9.559,0,0,0,9.548,9.548,9.559,9.559,0,0,0,9.548-9.548,9.559,9.559,0,0,0-9.548-9.546\" transform=\"translate(1523.407 5204.859)\" fill=\"#5c89b5\" opacity=\"0.159\"><\/path>\n    <path id=\"Path_47\" data-name=\"Path 47\" d=\"M-13.328-26.661a8.087,8.087,0,0,1-8.078-8.08,8.087,8.087,0,0,1,8.078-8.08,8.088,8.088,0,0,1,8.08,8.08,8.087,8.087,0,0,1-8.08,8.08m0-12.144a4.069,4.069,0,0,0-4.062,4.064,4.068,4.068,0,0,0,4.062,4.064,4.07,4.07,0,0,0,4.064-4.064,4.07,4.07,0,0,0-4.064-4.064\" transform=\"translate(1493.956 5200.778)\" fill=\"#5c89b5\" opacity=\"0.159\"><\/path>\n    <path id=\"Path_48\" data-name=\"Path 48\" d=\"M-39.055-67.365A23.671,23.671,0,0,0-15.384-91.036c0-13.073-10.6-17.159-23.671-17.159s-23.671,4.086-23.671,17.159A23.671,23.671,0,0,0-39.055-67.365\" transform=\"translate(1412.318 5166.885)\" fill=\"#a52339\"><\/path>\n  <\/g>\n<\/svg>\n\n\n\n<h3 class=\"wp-block-heading has-large-font-size\"><strong><strong>Descubre las l\u00edneas con la App disponibles:<\/strong><\/strong><\/h3>\n<\/div>\n\n\n\n<div class=\"wp-block-column is-vertically-aligned-center is-layout-flow wp-block-column-is-layout-flow\" style=\"flex-basis:60%\"><nav class=\"fruits app wp-block-navigation is-layout-flex wp-block-navigation-is-layout-flex\" aria-label=\"App\"><ul class=\"wp-block-navigation__container  fruits app wp-block-navigation\"><li class=\" wp-block-navigation-item cherry wp-block-navigation-link\"><a class=\"wp-block-navigation-item__content\" href=\"https:\/\/icematic.eu\/es\/productos\/cherry\/\" title=\"\"><span class=\"wp-block-navigation-item__label\">CUBO LLENO<\/span><\/a><\/li><li class=\" wp-block-navigation-item maracuja wp-block-navigation-link\"><a class=\"wp-block-navigation-item__content\" href=\"https:\/\/icematic.eu\/es\/productos\/maracuja\/\" title=\"\"><span class=\"wp-block-navigation-item__label\">CUBO MODULAR<\/span><\/a><\/li><li class=\" wp-block-navigation-item coco wp-block-navigation-link\"><a class=\"wp-block-navigation-item__content\" href=\"https:\/\/icematic.eu\/es\/productos\/coco\/\" title=\"\"><span class=\"wp-block-navigation-item__label\">CUBO HUECO<\/span><\/a><\/li><li class=\" wp-block-navigation-item berries wp-block-navigation-link\"><a class=\"wp-block-navigation-item__content\" href=\"https:\/\/icematic.eu\/es\/productos\/berries\/\" title=\"\"><span class=\"wp-block-navigation-item__label\">HIELO GRANULAR<\/span><\/a><\/li><li class=\" wp-block-navigation-item grape wp-block-navigation-link\"><a class=\"wp-block-navigation-item__content\" href=\"https:\/\/icematic.eu\/es\/productos\/grape\/\" title=\"\"><span class=\"wp-block-navigation-item__label\">HIELO EN PEPITAS<\/span><\/a><\/li><li class=\" wp-block-navigation-item tropical wp-block-navigation-link\"><a class=\"wp-block-navigation-item__content\" href=\"https:\/\/icematic.eu\/es\/productos\/tropical\/\" title=\"\"><span class=\"wp-block-navigation-item__label\">DISPENSADOR<\/span><\/a><\/li><\/ul><\/nav><\/div>\n<\/div>\n<\/section>\n","protected":false},"excerpt":{"rendered":"<p>La nueva APP My Ice permite tener a mano el completo control de cada m\u00e1quina, por bluetooth o wi-fi.Icematic se enorgullece de presentar con esta [&hellip;]<\/p>\n","protected":false},"author":6,"featured_media":0,"parent":0,"menu_order":0,"comment_status":"closed","ping_status":"closed","template":"","meta":{"_acf_changed":false,"inline_featured_image":false,"site-sidebar-layout":"default","site-content-layout":"","ast-site-content-layout":"default","site-content-style":"default","site-sidebar-style":"default","ast-global-header-display":"","ast-banner-title-visibility":"","ast-main-header-display":"","ast-hfb-above-header-display":"","ast-hfb-below-header-display":"","ast-hfb-mobile-header-display":"","site-post-title":"disabled","ast-breadcrumbs-content":"","ast-featured-img":"","footer-sml-layout":"","ast-disable-related-posts":"","theme-transparent-header-meta":"","adv-header-id-meta":"","stick-header-meta":"","header-above-stick-meta":"","header-main-stick-meta":"","header-below-stick-meta":"","astra-migrate-meta-layouts":"set","ast-page-background-enabled":"default","ast-page-background-meta":{"desktop":{"background-color":"var(--ast-global-color-4)","background-image":"","background-repeat":"repeat","background-position":"center center","background-size":"auto","background-attachment":"scroll","background-type":"","background-media":"","overlay-type":"","overlay-color":"","overlay-opacity":"","overlay-gradient":""},"tablet":{"background-color":"","background-image":"","background-repeat":"repeat","background-position":"center center","background-size":"auto","background-attachment":"scroll","background-type":"","background-media":"","overlay-type":"","overlay-color":"","overlay-opacity":"","overlay-gradient":""},"mobile":{"background-color":"","background-image":"","background-repeat":"repeat","background-position":"center center","background-size":"auto","background-attachment":"scroll","background-type":"","background-media":"","overlay-type":"","overlay-color":"","overlay-opacity":"","overlay-gradient":""}},"ast-content-background-meta":{"desktop":{"background-color":"var(--ast-global-color-5)","background-image":"","background-repeat":"repeat","background-position":"center center","background-size":"auto","background-attachment":"scroll","background-type":"","background-media":"","overlay-type":"","overlay-color":"","overlay-opacity":"","overlay-gradient":""},"tablet":{"background-color":"var(--ast-global-color-5)","background-image":"","background-repeat":"repeat","background-position":"center center","background-size":"auto","background-attachment":"scroll","background-type":"","background-media":"","overlay-type":"","overlay-color":"","overlay-opacity":"","overlay-gradient":""},"mobile":{"background-color":"var(--ast-global-color-5)","background-image":"","background-repeat":"repeat","background-position":"center center","background-size":"auto","background-attachment":"scroll","background-type":"","background-media":"","overlay-type":"","overlay-color":"","overlay-opacity":"","overlay-gradient":""}},"footnotes":""},"class_list":["post-3523","page","type-page","status-publish","hentry"],"acf":[],"_links":{"self":[{"href":"https:\/\/icematic.eu\/es\/wp-json\/wp\/v2\/pages\/3523","targetHints":{"allow":["GET"]}}],"collection":[{"href":"https:\/\/icematic.eu\/es\/wp-json\/wp\/v2\/pages"}],"about":[{"href":"https:\/\/icematic.eu\/es\/wp-json\/wp\/v2\/types\/page"}],"author":[{"embeddable":true,"href":"https:\/\/icematic.eu\/es\/wp-json\/wp\/v2\/users\/6"}],"replies":[{"embeddable":true,"href":"https:\/\/icematic.eu\/es\/wp-json\/wp\/v2\/comments?post=3523"}],"version-history":[{"count":23,"href":"https:\/\/icematic.eu\/es\/wp-json\/wp\/v2\/pages\/3523\/revisions"}],"predecessor-version":[{"id":30816,"href":"https:\/\/icematic.eu\/es\/wp-json\/wp\/v2\/pages\/3523\/revisions\/30816"}],"wp:attachment":[{"href":"https:\/\/icematic.eu\/es\/wp-json\/wp\/v2\/media?parent=3523"}],"curies":[{"name":"wp","href":"https:\/\/api.w.org\/{rel}","templated":true}]}}