{"id":3519,"date":"2022-05-27T00:15:37","date_gmt":"2022-05-26T23:15:37","guid":{"rendered":"https:\/\/icematic.eu\/grape\/"},"modified":"2025-05-23T15:11:29","modified_gmt":"2025-05-23T14:11:29","slug":"grape","status":"publish","type":"page","link":"https:\/\/icematic.eu\/es\/productos\/grape\/","title":{"rendered":"Grape"},"content":{"rendered":"\n<div class=\"wp-block-cover alignfull is-light remove-padding-bottom has-full-height\"><span aria-hidden=\"true\" class=\"wp-block-cover__background has-background-dim-20 has-background-dim\"><\/span><img loading=\"lazy\" decoding=\"async\" width=\"1920\" height=\"1080\" class=\"wp-block-cover__image-background wp-image-826\" alt=\"Icematic Grape - Maquinas de hacer hielo nugget profesional\" src=\"https:\/\/icematic.eu\/app\/uploads\/2022\/07\/icematic-commercial-icemakers-grape-icecube.jpg\" style=\"object-position:65% 53%\" data-object-fit=\"cover\" data-object-position=\"65% 53%\" srcset=\"https:\/\/icematic.eu\/app\/uploads\/2022\/07\/icematic-commercial-icemakers-grape-icecube.jpg 1920w, https:\/\/icematic.eu\/app\/uploads\/2022\/07\/icematic-commercial-icemakers-grape-icecube-300x169.jpg 300w, https:\/\/icematic.eu\/app\/uploads\/2022\/07\/icematic-commercial-icemakers-grape-icecube-1024x576.jpg 1024w, https:\/\/icematic.eu\/app\/uploads\/2022\/07\/icematic-commercial-icemakers-grape-icecube-768x432.jpg 768w, https:\/\/icematic.eu\/app\/uploads\/2022\/07\/icematic-commercial-icemakers-grape-icecube-1536x864.jpg 1536w, https:\/\/icematic.eu\/app\/uploads\/2022\/07\/icematic-commercial-icemakers-grape-icecube-600x338.jpg 600w\" sizes=\"auto, (max-width: 1920px) 100vw, 1920px\" \/><div class=\"wp-block-cover__inner-container is-layout-flow wp-block-cover-is-layout-flow\">\n<div class=\"wp-block-columns alignwide has-margin-top has-margin-bottom-l is-layout-flex wp-container-core-columns-is-layout-28f84493 wp-block-columns-is-layout-flex\">\n<div class=\"wp-block-column is-layout-flow wp-block-column-is-layout-flow\">\n<svg xmlns=\"http:\/\/www.w3.org\/2000\/svg\" width=\"193.773\" height=\"178.942\" viewbox=\"0 0 193.773 178.942\" class=\"category\">\n\t<g id=\"Group_118\" data-name=\"Group 118\" style=\"mix-blend-mode: multiply;isolation: isolate\">\n\t\t<path id=\"Path_52\" data-name=\"Path 52\" d=\"M-2.165-4.33A44.74,44.74,0,0,0,42.573-49.068,44.735,44.735,0,0,0-2.165-93.8,44.735,44.735,0,0,0-46.9-49.068,44.74,44.74,0,0,0-2.165-4.33\" transform=\"translate(99.052 183.272)\" fill=\"#fff\"><\/path>\n\t\t<path id=\"Path_53\" data-name=\"Path 53\" d=\"M-2.165-4.33A44.74,44.74,0,0,0,42.573-49.068,44.735,44.735,0,0,0-2.165-93.8,44.735,44.735,0,0,0-46.9-49.068,44.74,44.74,0,0,0-2.165-4.33\" transform=\"translate(46.903 93.8)\" fill=\"#fff\"><\/path>\n\t\t<path id=\"Path_54\" data-name=\"Path 54\" d=\"M-2.165-4.33A44.74,44.74,0,0,0,42.573-49.068,44.735,44.735,0,0,0-2.165-93.8,44.735,44.735,0,0,0-46.9-49.068,44.74,44.74,0,0,0-2.165-4.33\" transform=\"translate(151.2 93.8)\" fill=\"#fff\"><\/path>\n\t<\/g>\n<\/svg>\n\n\n\n<h1 class=\"wp-block-heading has-margin-bottom has-light-color has-text-color has-xxl-font-size\" style=\"font-style:normal;font-weight:700\">Grape<\/h1>\n\n\n\n<h2 class=\"wp-block-heading has-margin-bottom has-light-color has-text-color has-medium-font-size\" style=\"font-style:normal;font-weight:500\">M\u00c1QUINA PARA<br>PRODUCCI\u00d3N DE HIELO<\/h2>\n\n\n\n<p class=\"has-font-weight-medium has-light-color has-text-color has-medium-font-size\">NUGGETS<\/p>\n<\/div>\n\n\n\n<div class=\"wp-block-column is-vertically-aligned-bottom hide-until-desktop is-layout-flow wp-block-column-is-layout-flow\"><\/div>\n<\/div>\n\n\n\n<div class=\"wp-block-columns alignfull force is-layout-flex wp-container-core-columns-is-layout-28f84493 wp-block-columns-is-layout-flex\">\n<div class=\"wp-block-column is-layout-flow wp-block-column-is-layout-flow\"><\/div>\n\n\n\n<div class=\"wp-block-column is-layout-flow wp-block-column-is-layout-flow\">\n<section class=\"inherit-container-width wp-block-group section-grey-header has-grey-background-color has-background is-layout-constrained wp-block-group-is-layout-constrained\">\n<div class=\"wp-block-columns inner is-layout-flex wp-container-core-columns-is-layout-28f84493 wp-block-columns-is-layout-flex\">\n<div class=\"wp-block-column has-negative-margin-top is-layout-flow wp-block-column-is-layout-flow\" style=\"flex-basis:50%\">\n<figure class=\"wp-block-image aligncenter size-full\"><img loading=\"lazy\" decoding=\"async\" width=\"700\" height=\"700\" src=\"https:\/\/icematic.eu\/app\/uploads\/2022\/07\/app.png\" alt=\"Aplicaci\u00f3n My Ice para las m\u00e1quinas de hielo profesionales Maracuja de Icematic\" class=\"wp-image-1720\" srcset=\"https:\/\/icematic.eu\/app\/uploads\/2022\/07\/app.png 700w, https:\/\/icematic.eu\/app\/uploads\/2022\/07\/app-300x300.png 300w, https:\/\/icematic.eu\/app\/uploads\/2022\/07\/app-150x150.png 150w, https:\/\/icematic.eu\/app\/uploads\/2022\/07\/app-600x600.png 600w, https:\/\/icematic.eu\/app\/uploads\/2022\/07\/app-100x100.png 100w\" sizes=\"auto, (max-width: 700px) 100vw, 700px\" \/><\/figure>\n<\/div>\n\n\n\n<div class=\"wp-block-column is-layout-flow wp-block-column-is-layout-flow\" style=\"flex-basis:50%\">\n<p class=\"has-margin-bottom-s has-grape-color has-text-color has-regular-font-size\">Disponible para Grape<\/p>\n\n\n\n<h2 class=\"wp-block-heading has-text-align-left has-margin-bottom hide-until-desktop has-grape-color has-text-color has-large-font-size\"><strong>APP MY ICE<\/strong><\/h2>\n\n\n\n<h2 class=\"wp-block-heading has-text-align-left has-margin-bottom hide-from-desktop has-grape-color has-text-color has-large-font-size\"><strong>APP<\/strong><br><strong>MY ICE<\/strong><\/h2>\n\n\n\n<div class=\"wp-block-buttons is-layout-flex wp-block-buttons-is-layout-flex\">\n<div class=\"wp-block-button\"><a class=\"wp-block-button__link wp-element-button\" href=\"\/app-my-ice\/\">Descubre nuestra aplicaci\u00f3n<\/a><\/div>\n<\/div>\n<\/div>\n<\/div>\n<\/section>\n<\/div>\n<\/div>\n<\/div><\/div>\n\n\n\n<section class=\"inherit-container-width wp-block-group alignfull has-margin-bottom-m has-primary-background-color has-background is-layout-constrained wp-block-group-is-layout-constrained\">\n<div class=\"wp-block-columns alignwide are-vertically-aligned-top is-layout-flex wp-container-core-columns-is-layout-28f84493 wp-block-columns-is-layout-flex\">\n<div class=\"wp-block-column is-vertically-aligned-top has-margin-bottom-m-until-desktop is-layout-flow wp-block-column-is-layout-flow\">\n<h2 class=\"wp-block-heading grape has-border-bottom-l has-padding-bottom-xs has-margin-bottom has-light-color has-text-color has-medium-font-size\" style=\"font-style:normal;font-weight:500\">EL HIELO<\/h2>\n\n\n\n<p class=\"has-light-color has-text-color\">El hielo de la serie nuggets tiene la caracter\u00edstica combinada de ser compacto y agradablemente masticable, siendo un t\u00e9rmino medio entre el hielo granular y el cubo.<\/p>\n\n\n\n<p class=\"has-light-color has-text-color\">Es el hielo ideal para la creaci\u00f3n de c\u00f3cteles donde se sirve el hielo machacado (como caipirinha, mojito o caipiroska).<\/p>\n\n\n\n<p class=\"has-light-color has-text-color\">El hielo en el formato nuggets es bajo en agua y se puede utilizar en varios sectores: bares de c\u00f3cteles y discotecas, en la restauraci\u00f3n colectiva, en las cocinas centrales y tambi\u00e9n en el sector m\u00e9dico.<\/p>\n<\/div>\n\n\n\n<div class=\"wp-block-column is-vertically-aligned-top has-margin-bottom-m-until-desktop is-layout-flow wp-block-column-is-layout-flow\">\n<h2 class=\"wp-block-heading grape has-border-bottom-l has-padding-bottom-xs has-margin-bottom has-light-color has-text-color has-medium-font-size\" style=\"font-style:normal;font-weight:500\">LA M\u00c1QUINA<\/h2>\n\n\n\n<p class=\"has-light-color has-text-color\">La gama de m\u00e1quinas para la producci\u00f3n de hielo tipo &#8220;nugget&#8221; se compone de dos modelos, con distintas capacidades de producci\u00f3n, que deben combinarse con un dep\u00f3sito separado.<\/p>\n\n\n\n<p class=\"has-light-color has-text-color\">El hielo tipo &#8220;nugget&#8221; (pepitas) se crea a partir de un evaporador cil\u00edndrico vertical, equipado con un sinf\u00edn que raspa el hielo de la superficie interna del evaporador, llev\u00e1ndolo hasta la salida del cilindro donde se encuentra un extrusor, que crea hielo comprimido en forma de cilindro.<\/p>\n\n\n\n<p class=\"has-light-color has-text-color\">Se pueden combinar con la amplia selecci\u00f3n de dep\u00f3sitos de hielo fabricados por Icematic.<\/p>\n<\/div>\n\n\n\n<div class=\"wp-block-column is-vertically-aligned-top is-layout-flow wp-block-column-is-layout-flow\">\n<h2 class=\"wp-block-heading grape has-border-bottom-l has-padding-bottom-xs has-margin-bottom has-light-color has-text-color has-medium-font-size\" style=\"font-style:normal;font-weight:500\">LAS CARACTER\u00cdSTICAS<\/h2>\n\n\n\n<p class=\"has-margin-bottom-s has-light-color has-text-color\">\u2022 GRAN CAPACIDAD DE PRODUCCI\u00d3N<\/p>\n\n\n\n<p class=\"has-margin-bottom-s has-light-color has-text-color\">\u2022 CARCASA DE ACERO INOXIDABLE<\/p>\n\n\n\n<p class=\"has-margin-bottom-s has-light-color has-text-color\">\u2022 ENTRADA Y SALIDA DE AIRE FRONTAL<\/p>\n\n\n\n<p class=\"has-margin-bottom-s has-light-color has-text-color\">\u2022 FACILIDAD DE GESTI\u00d3N DEL HIELO<\/p>\n\n\n\n<p class=\"has-light-color has-text-color\">\u2022 HIELO M\u00c1S SECO CON UN 8% DE RESIDUO DE AGUA<\/p>\n\n\n\n<p class=\"has-light-color has-text-color\">\u2022 COMPATIBILIDAD CON DEP\u00d3SITOS ICEMATIC<\/p>\n<\/div>\n<\/div>\n<\/section>\n","protected":false},"excerpt":{"rendered":"<p>EL HIELO El hielo de la serie nuggets tiene la caracter\u00edstica combinada de ser compacto y agradablemente masticable, siendo un t\u00e9rmino medio entre el hielo [&hellip;]<\/p>\n","protected":false},"author":6,"featured_media":0,"parent":3632,"menu_order":0,"comment_status":"closed","ping_status":"closed","template":"page-templates\/product-category.php","meta":{"_acf_changed":false,"inline_featured_image":false,"site-sidebar-layout":"default","site-content-layout":"","ast-site-content-layout":"default","site-content-style":"default","site-sidebar-style":"default","ast-global-header-display":"","ast-banner-title-visibility":"","ast-main-header-display":"","ast-hfb-above-header-display":"","ast-hfb-below-header-display":"","ast-hfb-mobile-header-display":"","site-post-title":"disabled","ast-breadcrumbs-content":"","ast-featured-img":"","footer-sml-layout":"","ast-disable-related-posts":"","theme-transparent-header-meta":"","adv-header-id-meta":"","stick-header-meta":"","header-above-stick-meta":"","header-main-stick-meta":"","header-below-stick-meta":"","astra-migrate-meta-layouts":"set","ast-page-background-enabled":"default","ast-page-background-meta":{"desktop":{"background-color":"var(--ast-global-color-4)","background-image":"","background-repeat":"repeat","background-position":"center center","background-size":"auto","background-attachment":"scroll","background-type":"","background-media":"","overlay-type":"","overlay-color":"","overlay-opacity":"","overlay-gradient":""},"tablet":{"background-color":"","background-image":"","background-repeat":"repeat","background-position":"center center","background-size":"auto","background-attachment":"scroll","background-type":"","background-media":"","overlay-type":"","overlay-color":"","overlay-opacity":"","overlay-gradient":""},"mobile":{"background-color":"","background-image":"","background-repeat":"repeat","background-position":"center center","background-size":"auto","background-attachment":"scroll","background-type":"","background-media":"","overlay-type":"","overlay-color":"","overlay-opacity":"","overlay-gradient":""}},"ast-content-background-meta":{"desktop":{"background-color":"var(--ast-global-color-5)","background-image":"","background-repeat":"repeat","background-position":"center center","background-size":"auto","background-attachment":"scroll","background-type":"","background-media":"","overlay-type":"","overlay-color":"","overlay-opacity":"","overlay-gradient":""},"tablet":{"background-color":"var(--ast-global-color-5)","background-image":"","background-repeat":"repeat","background-position":"center center","background-size":"auto","background-attachment":"scroll","background-type":"","background-media":"","overlay-type":"","overlay-color":"","overlay-opacity":"","overlay-gradient":""},"mobile":{"background-color":"var(--ast-global-color-5)","background-image":"","background-repeat":"repeat","background-position":"center center","background-size":"auto","background-attachment":"scroll","background-type":"","background-media":"","overlay-type":"","overlay-color":"","overlay-opacity":"","overlay-gradient":""}},"footnotes":""},"class_list":["post-3519","page","type-page","status-publish","hentry"],"acf":[],"_links":{"self":[{"href":"https:\/\/icematic.eu\/es\/wp-json\/wp\/v2\/pages\/3519","targetHints":{"allow":["GET"]}}],"collection":[{"href":"https:\/\/icematic.eu\/es\/wp-json\/wp\/v2\/pages"}],"about":[{"href":"https:\/\/icematic.eu\/es\/wp-json\/wp\/v2\/types\/page"}],"author":[{"embeddable":true,"href":"https:\/\/icematic.eu\/es\/wp-json\/wp\/v2\/users\/6"}],"replies":[{"embeddable":true,"href":"https:\/\/icematic.eu\/es\/wp-json\/wp\/v2\/comments?post=3519"}],"version-history":[{"count":8,"href":"https:\/\/icematic.eu\/es\/wp-json\/wp\/v2\/pages\/3519\/revisions"}],"predecessor-version":[{"id":31125,"href":"https:\/\/icematic.eu\/es\/wp-json\/wp\/v2\/pages\/3519\/revisions\/31125"}],"up":[{"embeddable":true,"href":"https:\/\/icematic.eu\/es\/wp-json\/wp\/v2\/pages\/3632"}],"wp:attachment":[{"href":"https:\/\/icematic.eu\/es\/wp-json\/wp\/v2\/media?parent=3519"}],"curies":[{"name":"wp","href":"https:\/\/api.w.org\/{rel}","templated":true}]}}