{"id":3517,"date":"2022-05-27T00:18:34","date_gmt":"2022-05-26T23:18:34","guid":{"rendered":"https:\/\/icematic.eu\/mango\/"},"modified":"2023-06-30T15:31:48","modified_gmt":"2023-06-30T14:31:48","slug":"mango","status":"publish","type":"page","link":"https:\/\/icematic.eu\/es\/productos\/mango\/","title":{"rendered":"Mango"},"content":{"rendered":"\n<div class=\"wp-block-cover alignfull is-light remove-padding-bottom has-full-height\"><span aria-hidden=\"true\" class=\"wp-block-cover__background has-background-dim-0 has-background-dim\"><\/span><img loading=\"lazy\" decoding=\"async\" width=\"1920\" height=\"1080\" class=\"wp-block-cover__image-background wp-image-827\" alt=\"Icematic Mango - Dep\u00f3sitos de hielo\" src=\"https:\/\/icematic.eu\/app\/uploads\/2022\/07\/icematic-ice-storage-bins-mango-icecube.jpg\" style=\"object-position:65% 53%\" data-object-fit=\"cover\" data-object-position=\"65% 53%\" srcset=\"https:\/\/icematic.eu\/app\/uploads\/2022\/07\/icematic-ice-storage-bins-mango-icecube.jpg 1920w, https:\/\/icematic.eu\/app\/uploads\/2022\/07\/icematic-ice-storage-bins-mango-icecube-300x169.jpg 300w, https:\/\/icematic.eu\/app\/uploads\/2022\/07\/icematic-ice-storage-bins-mango-icecube-1024x576.jpg 1024w, https:\/\/icematic.eu\/app\/uploads\/2022\/07\/icematic-ice-storage-bins-mango-icecube-768x432.jpg 768w, https:\/\/icematic.eu\/app\/uploads\/2022\/07\/icematic-ice-storage-bins-mango-icecube-1536x864.jpg 1536w, https:\/\/icematic.eu\/app\/uploads\/2022\/07\/icematic-ice-storage-bins-mango-icecube-600x338.jpg 600w\" sizes=\"auto, (max-width: 1920px) 100vw, 1920px\" \/><div class=\"wp-block-cover__inner-container is-layout-flow wp-block-cover-is-layout-flow\">\n<div class=\"wp-block-columns alignwide has-margin-top has-margin-bottom-l is-layout-flex wp-container-core-columns-is-layout-28f84493 wp-block-columns-is-layout-flex\">\n<div class=\"wp-block-column is-layout-flow wp-block-column-is-layout-flow\">\n<svg xmlns=\"http:\/\/www.w3.org\/2000\/svg\" width=\"174.695\" height=\"239.56\" viewbox=\"0 0 174.695 239.56\" class=\"category\">\n\t<path id=\"Path_242\" data-name=\"Path 242\" d=\"M30.428,83.451c-48.165,0-87.348-53.734-87.348-119.779s39.182-119.78,87.348-119.78,87.348,53.734,87.348,119.78S78.592,83.451,30.428,83.451m0-223.229c-39.154,0-71.011,46.41-71.011,103.45S-8.727,67.12,30.428,67.12s71.009-46.41,71.009-103.448-31.855-103.45-71.009-103.45\" transform=\"translate(56.92 156.109)\" fill=\"#fff\"><\/path>\n<\/svg>\n\n\n\n<h1 class=\"wp-block-heading has-margin-bottom has-light-color has-text-color has-xxl-font-size\" style=\"font-style:normal;font-weight:700\">Mango<\/h1>\n\n\n\n<h2 class=\"wp-block-heading has-margin-bottom has-light-color has-text-color has-medium-font-size\" style=\"font-style:normal;font-weight:500\">DEP\u00d3SITOS<\/h2>\n<\/div>\n\n\n\n<div class=\"wp-block-column is-vertically-aligned-bottom hide-until-desktop is-layout-flow wp-block-column-is-layout-flow\"><\/div>\n<\/div>\n<\/div><\/div>\n\n\n\n<section class=\"inherit-container-width wp-block-group alignfull has-margin-bottom-m has-primary-background-color has-background is-layout-constrained wp-block-group-is-layout-constrained\">\n<div class=\"wp-block-columns are-vertically-aligned-top content-wrap is-layout-flex wp-container-core-columns-is-layout-28f84493 wp-block-columns-is-layout-flex\">\n<div class=\"wp-block-column is-vertically-aligned-top has-margin-bottom-m-until-desktop is-layout-flow wp-block-column-is-layout-flow\">\n<h2 class=\"wp-block-heading mango has-border-bottom-l has-padding-bottom-xs has-margin-bottom has-light-color has-text-color has-medium-font-size\" style=\"font-style:normal;font-weight:500\">DEP\u00d3SITOS DE HIELO<\/h2>\n\n\n\n<p class=\"has-light-color has-text-color\">Los dep\u00f3sitos profesionales para hielo Icematic est\u00e1n completamente dise\u00f1ados y fabricados internamente y responden a las necesidades de cualquier usuario.<\/p>\n\n\n\n<p class=\"has-light-color has-text-color\">La alta calidad de los materiales y la tecnolog\u00eda constructiva los convierten en la soluci\u00f3n ideal para cualquier persona que necesite conservar durante mucho tiempo producciones medianas o grandes de hielo de cualquier forma.<\/p>\n\n\n\n<p class=\"has-light-color has-text-color\">El acero inoxidable, los pl\u00e1sticos moldeados tratados con sistema antibacteriano a base de sales de plata y la posibilidad de instalar a bordo el sistema de desinfecci\u00f3n con ozono hacen que estos dep\u00f3sitos para hielo sean extremadamente seguros desde el punto de vista alimentario y f\u00e1ciles de limpiar.<\/p>\n<\/div>\n<\/div>\n<\/section>\n","protected":false},"excerpt":{"rendered":"<p>DEP\u00d3SITOS DE HIELO Los dep\u00f3sitos profesionales para hielo Icematic est\u00e1n completamente dise\u00f1ados y fabricados internamente y responden a las necesidades de cualquier usuario. La alta [&hellip;]<\/p>\n","protected":false},"author":6,"featured_media":0,"parent":3632,"menu_order":0,"comment_status":"closed","ping_status":"closed","template":"page-templates\/product-category.php","meta":{"_acf_changed":false,"inline_featured_image":false,"site-sidebar-layout":"default","site-content-layout":"","ast-site-content-layout":"default","site-content-style":"default","site-sidebar-style":"default","ast-global-header-display":"","ast-banner-title-visibility":"","ast-main-header-display":"","ast-hfb-above-header-display":"","ast-hfb-below-header-display":"","ast-hfb-mobile-header-display":"","site-post-title":"disabled","ast-breadcrumbs-content":"","ast-featured-img":"","footer-sml-layout":"","ast-disable-related-posts":"","theme-transparent-header-meta":"","adv-header-id-meta":"","stick-header-meta":"","header-above-stick-meta":"","header-main-stick-meta":"","header-below-stick-meta":"","astra-migrate-meta-layouts":"default","ast-page-background-enabled":"default","ast-page-background-meta":{"desktop":{"background-color":"var(--ast-global-color-4)","background-image":"","background-repeat":"repeat","background-position":"center center","background-size":"auto","background-attachment":"scroll","background-type":"","background-media":"","overlay-type":"","overlay-color":"","overlay-opacity":"","overlay-gradient":""},"tablet":{"background-color":"","background-image":"","background-repeat":"repeat","background-position":"center center","background-size":"auto","background-attachment":"scroll","background-type":"","background-media":"","overlay-type":"","overlay-color":"","overlay-opacity":"","overlay-gradient":""},"mobile":{"background-color":"","background-image":"","background-repeat":"repeat","background-position":"center center","background-size":"auto","background-attachment":"scroll","background-type":"","background-media":"","overlay-type":"","overlay-color":"","overlay-opacity":"","overlay-gradient":""}},"ast-content-background-meta":{"desktop":{"background-color":"var(--ast-global-color-5)","background-image":"","background-repeat":"repeat","background-position":"center center","background-size":"auto","background-attachment":"scroll","background-type":"","background-media":"","overlay-type":"","overlay-color":"","overlay-opacity":"","overlay-gradient":""},"tablet":{"background-color":"var(--ast-global-color-5)","background-image":"","background-repeat":"repeat","background-position":"center center","background-size":"auto","background-attachment":"scroll","background-type":"","background-media":"","overlay-type":"","overlay-color":"","overlay-opacity":"","overlay-gradient":""},"mobile":{"background-color":"var(--ast-global-color-5)","background-image":"","background-repeat":"repeat","background-position":"center center","background-size":"auto","background-attachment":"scroll","background-type":"","background-media":"","overlay-type":"","overlay-color":"","overlay-opacity":"","overlay-gradient":""}},"footnotes":""},"class_list":["post-3517","page","type-page","status-publish","hentry"],"acf":[],"_links":{"self":[{"href":"https:\/\/icematic.eu\/es\/wp-json\/wp\/v2\/pages\/3517","targetHints":{"allow":["GET"]}}],"collection":[{"href":"https:\/\/icematic.eu\/es\/wp-json\/wp\/v2\/pages"}],"about":[{"href":"https:\/\/icematic.eu\/es\/wp-json\/wp\/v2\/types\/page"}],"author":[{"embeddable":true,"href":"https:\/\/icematic.eu\/es\/wp-json\/wp\/v2\/users\/6"}],"replies":[{"embeddable":true,"href":"https:\/\/icematic.eu\/es\/wp-json\/wp\/v2\/comments?post=3517"}],"version-history":[{"count":4,"href":"https:\/\/icematic.eu\/es\/wp-json\/wp\/v2\/pages\/3517\/revisions"}],"predecessor-version":[{"id":5469,"href":"https:\/\/icematic.eu\/es\/wp-json\/wp\/v2\/pages\/3517\/revisions\/5469"}],"up":[{"embeddable":true,"href":"https:\/\/icematic.eu\/es\/wp-json\/wp\/v2\/pages\/3632"}],"wp:attachment":[{"href":"https:\/\/icematic.eu\/es\/wp-json\/wp\/v2\/media?parent=3517"}],"curies":[{"name":"wp","href":"https:\/\/api.w.org\/{rel}","templated":true}]}}