{"id":3515,"date":"2022-05-27T00:16:09","date_gmt":"2022-05-26T23:16:09","guid":{"rendered":"https:\/\/icematic.eu\/maracuja\/"},"modified":"2023-06-30T15:25:07","modified_gmt":"2023-06-30T14:25:07","slug":"maracuja","status":"publish","type":"page","link":"https:\/\/icematic.eu\/es\/productos\/maracuja\/","title":{"rendered":"Maracuja"},"content":{"rendered":"\n<div class=\"wp-block-cover alignfull is-light remove-padding-bottom\"><span aria-hidden=\"true\" class=\"wp-block-cover__background has-background-dim-20 has-background-dim\"><\/span><img loading=\"lazy\" decoding=\"async\" width=\"1920\" height=\"1080\" class=\"wp-block-cover__image-background wp-image-828\" alt=\"Icematic Maracuja - Maquinas para producir cubitos de hielo cuadrados\" src=\"https:\/\/icematic.eu\/app\/uploads\/2022\/07\/icematic-commercial-icemakers-maracuja-icecube.jpg\" style=\"object-position:65% 53%\" data-object-fit=\"cover\" data-object-position=\"65% 53%\" srcset=\"https:\/\/icematic.eu\/app\/uploads\/2022\/07\/icematic-commercial-icemakers-maracuja-icecube.jpg 1920w, https:\/\/icematic.eu\/app\/uploads\/2022\/07\/icematic-commercial-icemakers-maracuja-icecube-300x169.jpg 300w, https:\/\/icematic.eu\/app\/uploads\/2022\/07\/icematic-commercial-icemakers-maracuja-icecube-1024x576.jpg 1024w, https:\/\/icematic.eu\/app\/uploads\/2022\/07\/icematic-commercial-icemakers-maracuja-icecube-768x432.jpg 768w, https:\/\/icematic.eu\/app\/uploads\/2022\/07\/icematic-commercial-icemakers-maracuja-icecube-1536x864.jpg 1536w, https:\/\/icematic.eu\/app\/uploads\/2022\/07\/icematic-commercial-icemakers-maracuja-icecube-600x338.jpg 600w\" sizes=\"auto, (max-width: 1920px) 100vw, 1920px\" \/><div class=\"wp-block-cover__inner-container is-layout-flow wp-block-cover-is-layout-flow\">\n<div class=\"wp-block-columns alignwide has-margin-top has-margin-bottom-l-until-desktop is-layout-flex wp-container-core-columns-is-layout-28f84493 wp-block-columns-is-layout-flex\">\n<div class=\"wp-block-column is-layout-flow wp-block-column-is-layout-flow\">\n<svg xmlns=\"http:\/\/www.w3.org\/2000\/svg\" width=\"251.088\" height=\"151.077\" viewbox=\"0 0 251.088 151.077\" class=\"category\">\n\t<g id=\"Group_29\" data-name=\"Group 29\" transform=\"translate(0 0)\" style=\"mix-blend-mode: multiply;isolation: isolate\">\n\t\t<path id=\"Path_50\" data-name=\"Path 50\" d=\"M10.149,13.982c42.032,0,76.1-33.818,76.1-75.537s-34.069-75.538-76.1-75.538-76.1,33.818-76.1,75.538,34.069,75.537,76.1,75.537\" transform=\"translate(65.953 137.094)\" fill=\"#fff\"><\/path>\n\t\t<path id=\"Path_51\" data-name=\"Path 51\" d=\"M10.149,13.982c-42.032,0-76.1-33.818-76.1-75.538s34.069-75.537,76.1-75.537Z\" transform=\"translate(240.94 137.093)\" fill=\"#fff\"><\/path>\n\t<\/g>\n<\/svg>\n\n\n\n<h1 class=\"wp-block-heading has-margin-bottom has-light-color has-text-color has-xxl-font-size\" style=\"font-style:normal;font-weight:700\">Maracuja<\/h1>\n\n\n\n<h2 class=\"wp-block-heading has-margin-bottom has-light-color has-text-color has-medium-font-size\" style=\"font-style:normal;font-weight:500\">M\u00c1QUINAS PARA<br>PRODUCCI\u00d3N DE HIELO<\/h2>\n\n\n\n<p class=\"has-font-weight-medium has-light-color has-text-color has-medium-font-size\">CUBO MODULAR<\/p>\n<\/div>\n\n\n\n<div class=\"wp-block-column is-vertically-aligned-bottom hide-until-desktop is-layout-flow wp-block-column-is-layout-flow\"><\/div>\n<\/div>\n\n\n\n<div class=\"wp-block-columns alignfull force is-layout-flex wp-container-core-columns-is-layout-28f84493 wp-block-columns-is-layout-flex\">\n<div class=\"wp-block-column is-layout-flow wp-block-column-is-layout-flow\"><\/div>\n\n\n\n<div class=\"wp-block-column is-layout-flow wp-block-column-is-layout-flow\">\n<section class=\"inherit-container-width wp-block-group section-grey-header has-grey-background-color has-background is-layout-constrained wp-block-group-is-layout-constrained\">\n<div class=\"wp-block-columns inner is-layout-flex wp-container-core-columns-is-layout-28f84493 wp-block-columns-is-layout-flex\">\n<div class=\"wp-block-column has-negative-margin-top is-layout-flow wp-block-column-is-layout-flow\" style=\"flex-basis:50%\">\n<figure class=\"wp-block-image aligncenter size-full\"><img loading=\"lazy\" decoding=\"async\" width=\"700\" height=\"700\" src=\"https:\/\/icematic.eu\/app\/uploads\/2022\/07\/app.png\" alt=\"Aplicaci\u00f3n My Ice para las m\u00e1quinas de hielo profesionales Maracuja de Icematic\" class=\"wp-image-1720\" srcset=\"https:\/\/icematic.eu\/app\/uploads\/2022\/07\/app.png 700w, https:\/\/icematic.eu\/app\/uploads\/2022\/07\/app-300x300.png 300w, https:\/\/icematic.eu\/app\/uploads\/2022\/07\/app-150x150.png 150w, https:\/\/icematic.eu\/app\/uploads\/2022\/07\/app-600x600.png 600w, https:\/\/icematic.eu\/app\/uploads\/2022\/07\/app-100x100.png 100w\" sizes=\"auto, (max-width: 700px) 100vw, 700px\" \/><\/figure>\n<\/div>\n\n\n\n<div class=\"wp-block-column is-layout-flow wp-block-column-is-layout-flow\" style=\"flex-basis:50%\">\n<p class=\"has-margin-bottom-s has-maracuja-color has-text-color has-regular-font-size\">Disponible para Maracuja<\/p>\n\n\n\n<h2 class=\"wp-block-heading has-text-align-left has-margin-bottom hide-until-desktop has-maracuja-color has-text-color has-large-font-size\"><strong>APP MY ICE<\/strong><\/h2>\n\n\n\n<h2 class=\"wp-block-heading has-text-align-left has-margin-bottom hide-from-desktop has-maracuja-color has-text-color has-large-font-size\"><strong>APP<\/strong><br><strong>MY ICE<\/strong><\/h2>\n\n\n\n<div class=\"wp-block-buttons is-layout-flex wp-block-buttons-is-layout-flex\">\n<div class=\"wp-block-button\"><a class=\"wp-block-button__link wp-element-button\" href=\"\/app-my-ice\/\">Descubre nuestra aplicaci\u00f3n<\/a><\/div>\n<\/div>\n<\/div>\n<\/div>\n<\/section>\n<\/div>\n<\/div>\n<\/div><\/div>\n\n\n\n<section class=\"inherit-container-width wp-block-group alignfull has-margin-bottom-m has-primary-background-color has-background is-layout-constrained wp-block-group-is-layout-constrained\">\n<div class=\"wp-block-columns alignwide are-vertically-aligned-top is-layout-flex wp-container-core-columns-is-layout-28f84493 wp-block-columns-is-layout-flex\">\n<div class=\"wp-block-column is-vertically-aligned-top has-margin-bottom-m-until-desktop is-layout-flow wp-block-column-is-layout-flow\">\n<h2 class=\"wp-block-heading maracuja has-border-bottom-l has-padding-bottom-xs has-margin-bottom has-light-color has-text-color has-medium-font-size\" style=\"font-style:normal;font-weight:500\">EL CUBO<\/h2>\n\n\n\n<p class=\"has-light-color has-text-color\">Cubo de hielo lleno y cuadrado, disponible en tres tama\u00f1os diferentes DICE, HALF-LARGE y LARGE. Perfecto para enfriar bebidas r\u00e1pidamente. <\/p>\n\n\n\n<p class=\"has-light-color has-text-color\">La gran productividad del fabricador profesional de hielo con evaporador vertical Maracuja, combinado con los dep\u00f3sitos de hielo Icematic, es ideal en todas las actividades con alto consumo de hielo.<\/p>\n\n\n\n<p class=\"has-light-color has-text-color\">M\u00faltiples sectores de aplicaci\u00f3n, estos cubos se confirman como la opci\u00f3n \u00f3ptima para grandes bares, nightclubs, hoteles &amp; resorts, restaurantes y comida r\u00e1pida.<\/p>\n<\/div>\n\n\n\n<div class=\"wp-block-column is-vertically-aligned-top has-margin-bottom-m-until-desktop is-layout-flow wp-block-column-is-layout-flow\">\n<h2 class=\"wp-block-heading maracuja has-border-bottom-l has-padding-bottom-xs has-margin-bottom has-light-color has-text-color has-medium-font-size\" style=\"font-style:normal;font-weight:500\">LA M\u00c1QUINA<\/h2>\n\n\n\n<p class=\"has-light-color has-text-color\">Nueva gama de fabricadores de hielo de cubo completo modular con evaporador vertical de dise\u00f1o lineal e innovador, caracterizada por una alta fiabilidad y una particular sencillez de uso.<\/p>\n\n\n\n<p class=\"has-light-color has-text-color\">Estructura completamente de acero inoxidable, f\u00e1cilmente inspeccionable.<\/p>\n\n\n\n<p class=\"has-light-color has-text-color\">Esta l\u00ednea de m\u00e1quinas de hielo profesionales es la mejor soluci\u00f3n para todas las actividades con alto consumo de hielo.<\/p>\n\n\n\n<p class=\"has-light-color has-text-color\">Un chorro uniforme y continuo que distribuye el agua sobre una superficie refrigerada, especialmente dise\u00f1ada para lograr una alta producci\u00f3n de hielo.<\/p>\n<\/div>\n\n\n\n<div class=\"wp-block-column is-vertically-aligned-top is-layout-flow wp-block-column-is-layout-flow\">\n<h2 class=\"wp-block-heading maracuja has-border-bottom-l has-padding-bottom-xs has-margin-bottom has-light-color has-text-color has-medium-font-size\" style=\"font-style:normal;font-weight:500\">LAS CARACTER\u00cdSTICAS<\/h2>\n\n\n\n<p class=\"has-margin-bottom-s has-light-color has-text-color\">\u2022 GRAN CAPACIDAD DE PRODUCCI\u00d3N Y COMPATIBILIDAD CON LOS DEP\u00d3SITOS ICEMATIC<\/p>\n\n\n\n<p class=\"has-margin-bottom-s has-light-color has-text-color\">\u2022 CARCASA DE ACERO INOXIDABLE<\/p>\n\n\n\n<p class=\"has-margin-bottom-s has-light-color has-text-color\">\u2022 STAND-BY Y RESET<\/p>\n\n\n\n<p class=\"has-margin-bottom-s has-light-color has-text-color\">\u2022 LAVADO AUTOM\u00c1TICO<\/p>\n\n\n\n<p class=\"has-margin-bottom-s has-light-color has-text-color\">\u2022 ACCESO USB PARA VER EL HISTORIAL DE TODOS LOS PAR\u00c1METROS DE FUNCIONAMIENTO<\/p>\n\n\n\n<p class=\"has-light-color has-text-color\">\u2022 FILTRO LATERAL EXTRA\u00cdBLE Y LAVABLE<\/p>\n<\/div>\n<\/div>\n<\/section>\n","protected":false},"excerpt":{"rendered":"<p>EL CUBO Cubo de hielo lleno y cuadrado, disponible en tres tama\u00f1os diferentes DICE, HALF-LARGE y LARGE. Perfecto para enfriar bebidas r\u00e1pidamente. La gran productividad [&hellip;]<\/p>\n","protected":false},"author":6,"featured_media":0,"parent":3632,"menu_order":0,"comment_status":"closed","ping_status":"closed","template":"page-templates\/product-category.php","meta":{"_acf_changed":false,"inline_featured_image":false,"site-sidebar-layout":"default","site-content-layout":"","ast-site-content-layout":"default","site-content-style":"default","site-sidebar-style":"default","ast-global-header-display":"","ast-banner-title-visibility":"","ast-main-header-display":"","ast-hfb-above-header-display":"","ast-hfb-below-header-display":"","ast-hfb-mobile-header-display":"","site-post-title":"disabled","ast-breadcrumbs-content":"","ast-featured-img":"","footer-sml-layout":"","ast-disable-related-posts":"","theme-transparent-header-meta":"","adv-header-id-meta":"","stick-header-meta":"","header-above-stick-meta":"","header-main-stick-meta":"","header-below-stick-meta":"","astra-migrate-meta-layouts":"default","ast-page-background-enabled":"default","ast-page-background-meta":{"desktop":{"background-color":"var(--ast-global-color-4)","background-image":"","background-repeat":"repeat","background-position":"center center","background-size":"auto","background-attachment":"scroll","background-type":"","background-media":"","overlay-type":"","overlay-color":"","overlay-opacity":"","overlay-gradient":""},"tablet":{"background-color":"","background-image":"","background-repeat":"repeat","background-position":"center center","background-size":"auto","background-attachment":"scroll","background-type":"","background-media":"","overlay-type":"","overlay-color":"","overlay-opacity":"","overlay-gradient":""},"mobile":{"background-color":"","background-image":"","background-repeat":"repeat","background-position":"center center","background-size":"auto","background-attachment":"scroll","background-type":"","background-media":"","overlay-type":"","overlay-color":"","overlay-opacity":"","overlay-gradient":""}},"ast-content-background-meta":{"desktop":{"background-color":"var(--ast-global-color-5)","background-image":"","background-repeat":"repeat","background-position":"center center","background-size":"auto","background-attachment":"scroll","background-type":"","background-media":"","overlay-type":"","overlay-color":"","overlay-opacity":"","overlay-gradient":""},"tablet":{"background-color":"var(--ast-global-color-5)","background-image":"","background-repeat":"repeat","background-position":"center center","background-size":"auto","background-attachment":"scroll","background-type":"","background-media":"","overlay-type":"","overlay-color":"","overlay-opacity":"","overlay-gradient":""},"mobile":{"background-color":"var(--ast-global-color-5)","background-image":"","background-repeat":"repeat","background-position":"center center","background-size":"auto","background-attachment":"scroll","background-type":"","background-media":"","overlay-type":"","overlay-color":"","overlay-opacity":"","overlay-gradient":""}},"footnotes":""},"class_list":["post-3515","page","type-page","status-publish","hentry"],"acf":[],"_links":{"self":[{"href":"https:\/\/icematic.eu\/es\/wp-json\/wp\/v2\/pages\/3515","targetHints":{"allow":["GET"]}}],"collection":[{"href":"https:\/\/icematic.eu\/es\/wp-json\/wp\/v2\/pages"}],"about":[{"href":"https:\/\/icematic.eu\/es\/wp-json\/wp\/v2\/types\/page"}],"author":[{"embeddable":true,"href":"https:\/\/icematic.eu\/es\/wp-json\/wp\/v2\/users\/6"}],"replies":[{"embeddable":true,"href":"https:\/\/icematic.eu\/es\/wp-json\/wp\/v2\/comments?post=3515"}],"version-history":[{"count":5,"href":"https:\/\/icematic.eu\/es\/wp-json\/wp\/v2\/pages\/3515\/revisions"}],"predecessor-version":[{"id":31096,"href":"https:\/\/icematic.eu\/es\/wp-json\/wp\/v2\/pages\/3515\/revisions\/31096"}],"up":[{"embeddable":true,"href":"https:\/\/icematic.eu\/es\/wp-json\/wp\/v2\/pages\/3632"}],"wp:attachment":[{"href":"https:\/\/icematic.eu\/es\/wp-json\/wp\/v2\/media?parent=3515"}],"curies":[{"name":"wp","href":"https:\/\/api.w.org\/{rel}","templated":true}]}}