{"id":3513,"date":"2022-05-27T00:17:59","date_gmt":"2022-05-26T23:17:59","guid":{"rendered":"https:\/\/icematic.eu\/tropical\/"},"modified":"2025-05-23T16:01:10","modified_gmt":"2025-05-23T15:01:10","slug":"tropical","status":"publish","type":"page","link":"https:\/\/icematic.eu\/es\/productos\/tropical\/","title":{"rendered":"Tropical"},"content":{"rendered":"\n<div class=\"wp-block-cover alignfull is-light remove-padding-bottom has-full-height\" style=\"margin-top:0;margin-bottom:0;padding-top:0;padding-right:0;padding-bottom:0;padding-left:0\"><span aria-hidden=\"true\" class=\"wp-block-cover__background has-background-dim-0 has-background-dim\"><\/span><img loading=\"lazy\" decoding=\"async\" width=\"1920\" height=\"1080\" class=\"wp-block-cover__image-background wp-image-829\" alt=\"Icematic Tropical - Dispensadores de hielo profesional\" src=\"https:\/\/icematic.eu\/app\/uploads\/2022\/07\/icematic-commercial-ice-dispenser-tropical.jpg\" style=\"object-position:65% 53%\" data-object-fit=\"cover\" data-object-position=\"65% 53%\" srcset=\"https:\/\/icematic.eu\/app\/uploads\/2022\/07\/icematic-commercial-ice-dispenser-tropical.jpg 1920w, https:\/\/icematic.eu\/app\/uploads\/2022\/07\/icematic-commercial-ice-dispenser-tropical-300x169.jpg 300w, https:\/\/icematic.eu\/app\/uploads\/2022\/07\/icematic-commercial-ice-dispenser-tropical-1024x576.jpg 1024w, https:\/\/icematic.eu\/app\/uploads\/2022\/07\/icematic-commercial-ice-dispenser-tropical-768x432.jpg 768w, https:\/\/icematic.eu\/app\/uploads\/2022\/07\/icematic-commercial-ice-dispenser-tropical-1536x864.jpg 1536w, https:\/\/icematic.eu\/app\/uploads\/2022\/07\/icematic-commercial-ice-dispenser-tropical-600x338.jpg 600w\" sizes=\"auto, (max-width: 1920px) 100vw, 1920px\" \/><div class=\"wp-block-cover__inner-container is-layout-flow wp-block-cover-is-layout-flow\">\n<div class=\"wp-block-columns alignwide has-margin-top has-margin-bottom-l is-layout-flex wp-container-core-columns-is-layout-cd6a0e38 wp-block-columns-is-layout-flex\" style=\"padding-bottom:0\">\n<div class=\"wp-block-column is-layout-flow wp-block-column-is-layout-flow\">\n<svg xmlns=\"http:\/\/www.w3.org\/2000\/svg\" id=\"Group_121\" data-name=\"Group 121\" width=\"175.285\" height=\"172.406\" viewbox=\"0 0 175.285 172.406\" class=\"category\">\n\t<path id=\"Path_43\" data-name=\"Path 43\" d=\"M4.213,8.426A25.648,25.648,0,0,1-21.41-17.2,25.647,25.647,0,0,1,4.213-42.817,25.648,25.648,0,0,1,29.838-17.2,25.649,25.649,0,0,1,4.213,8.426m0-38.507A12.9,12.9,0,0,0-8.675-17.2,12.907,12.907,0,0,0,4.213-4.31,12.909,12.909,0,0,0,17.1-17.2,12.9,12.9,0,0,0,4.213-30.081\" transform=\"translate(23.802 42.817)\" fill=\"#fff\"><\/path>\n\t<path id=\"Path_44\" data-name=\"Path 44\" d=\"M4.213,8.426A25.647,25.647,0,0,1-21.41-17.2,25.648,25.648,0,0,1,4.213-42.821,25.649,25.649,0,0,1,29.838-17.2,25.648,25.648,0,0,1,4.213,8.426m0-38.512A12.908,12.908,0,0,0-8.675-17.2,12.907,12.907,0,0,0,4.213-4.309,12.909,12.909,0,0,0,17.1-17.2,12.91,12.91,0,0,0,4.213-30.086\" transform=\"translate(145.447 163.98)\" fill=\"#fff\"><\/path>\n\t<path id=\"Path_45\" data-name=\"Path 45\" d=\"M4.213,8.426A25.648,25.648,0,0,1-21.41-17.2,25.647,25.647,0,0,1,4.213-42.817,25.648,25.648,0,0,1,29.838-17.2,25.649,25.649,0,0,1,4.213,8.426m0-38.507A12.9,12.9,0,0,0-8.675-17.2,12.907,12.907,0,0,0,4.213-4.31,12.909,12.909,0,0,0,17.1-17.2,12.9,12.9,0,0,0,4.213-30.081\" transform=\"translate(145.447 42.817)\" fill=\"#fff\"><\/path>\n\t<path id=\"Path_46\" data-name=\"Path 46\" d=\"M7.073,14.144A43.064,43.064,0,0,1-35.942-28.87,43.058,43.058,0,0,1,7.073-71.878,43.057,43.057,0,0,1,50.087-28.87,43.063,43.063,0,0,1,7.073,14.144m0-73.287A30.315,30.315,0,0,0-23.207-28.87,30.316,30.316,0,0,0,7.073,1.408,30.314,30.314,0,0,0,37.352-28.87,30.314,30.314,0,0,0,7.073-59.143\" transform=\"translate(83.247 113.829)\" fill=\"#fff\"><\/path>\n\t<path id=\"Path_47\" data-name=\"Path 47\" d=\"M4.212,8.426A25.647,25.647,0,0,1-21.406-17.2,25.648,25.648,0,0,1,4.212-42.821,25.649,25.649,0,0,1,29.837-17.2,25.648,25.648,0,0,1,4.212,8.426m0-38.512A12.9,12.9,0,0,0-8.67-17.2,12.9,12.9,0,0,0,4.212-4.309,12.907,12.907,0,0,0,17.1-17.2,12.908,12.908,0,0,0,4.212-30.086\" transform=\"translate(21.406 163.98)\" fill=\"#fff\"><\/path>\n<\/svg>\n\n\n\n<h1 class=\"wp-block-heading has-margin-bottom has-light-color has-text-color has-xxl-font-size\" style=\"font-style:normal;font-weight:700\">Tropical<\/h1>\n\n\n\n<h2 class=\"wp-block-heading has-margin-bottom has-light-color has-text-color has-medium-font-size\" style=\"font-style:normal;font-weight:500\">DISPENSADOR<\/h2>\n<\/div>\n\n\n\n<div class=\"wp-block-column is-vertically-aligned-bottom hide-until-desktop is-layout-flow wp-block-column-is-layout-flow\"><\/div>\n<\/div>\n\n\n\n<div class=\"wp-block-columns alignfull force is-layout-flex wp-container-core-columns-is-layout-ec2e7a44 wp-block-columns-is-layout-flex\" style=\"padding-top:0;padding-bottom:0\">\n<div class=\"wp-block-column is-layout-flow wp-block-column-is-layout-flow\"><\/div>\n\n\n\n<div class=\"wp-block-column is-layout-flow wp-block-column-is-layout-flow\" style=\"padding-top:0;padding-bottom:0\">\n<section class=\"inherit-container-width wp-block-group section-grey-header has-grey-background-color has-background is-layout-constrained wp-container-core-group-is-layout-05d29fb1 wp-block-group-is-layout-constrained\" style=\"padding-top:var(--wp--preset--spacing--80);padding-bottom:var(--wp--preset--spacing--80)\">\n<div class=\"wp-block-columns inner is-layout-flex wp-container-core-columns-is-layout-a54e0cfc wp-block-columns-is-layout-flex\" style=\"padding-top:var(--wp--preset--spacing--60);padding-bottom:var(--wp--preset--spacing--60)\">\n<div class=\"wp-block-column has-negative-margin-top is-layout-flow wp-block-column-is-layout-flow\" style=\"flex-basis:50%\">\n<figure class=\"wp-block-image aligncenter size-full\"><img loading=\"lazy\" decoding=\"async\" width=\"700\" height=\"700\" src=\"https:\/\/icematic.eu\/app\/uploads\/2022\/07\/app.png\" alt=\"Aplicaci\u00f3n My Ice para las m\u00e1quinas de hielo profesionales Maracuja de Icematic\" class=\"wp-image-1720\" srcset=\"https:\/\/icematic.eu\/app\/uploads\/2022\/07\/app.png 700w, https:\/\/icematic.eu\/app\/uploads\/2022\/07\/app-300x300.png 300w, https:\/\/icematic.eu\/app\/uploads\/2022\/07\/app-150x150.png 150w, https:\/\/icematic.eu\/app\/uploads\/2022\/07\/app-600x600.png 600w, https:\/\/icematic.eu\/app\/uploads\/2022\/07\/app-100x100.png 100w\" sizes=\"auto, (max-width: 700px) 100vw, 700px\" \/><\/figure>\n<\/div>\n\n\n\n<div class=\"wp-block-column is-layout-flow wp-block-column-is-layout-flow\" style=\"flex-basis:50%\">\n<p class=\"has-margin-bottom-s has-tropical-color has-text-color has-regular-font-size\">Disponible para Tropical<\/p>\n\n\n\n<h2 class=\"wp-block-heading has-text-align-left has-margin-bottom hide-until-desktop has-tropical-color has-text-color has-large-font-size\"><strong>APP MY ICE<\/strong><\/h2>\n\n\n\n<h2 class=\"wp-block-heading has-text-align-left has-margin-bottom hide-from-desktop has-tropical-color has-text-color has-large-font-size\"><strong>APP<\/strong><br><strong>MY ICE<\/strong><\/h2>\n\n\n\n<div class=\"wp-block-buttons is-layout-flex wp-block-buttons-is-layout-flex\">\n<div class=\"wp-block-button\"><a class=\"wp-block-button__link wp-element-button\" href=\"\/app-my-ice\/\">Descubre nuestra aplicaci\u00f3n<\/a><\/div>\n<\/div>\n<\/div>\n<\/div>\n<\/section>\n<\/div>\n<\/div>\n<\/div><\/div>\n\n\n\n<section class=\"inherit-container-width wp-block-group alignfull has-margin-bottom-m has-primary-background-color has-background is-layout-constrained wp-container-core-group-is-layout-c793372a wp-block-group-is-layout-constrained\" style=\"padding-top:var(--wp--preset--spacing--60);padding-right:0;padding-bottom:var(--wp--preset--spacing--60);padding-left:0\">\n<div class=\"wp-block-columns are-vertically-aligned-top content-wrap is-layout-flex wp-container-core-columns-is-layout-0111f410 wp-block-columns-is-layout-flex\" style=\"padding-right:var(--wp--preset--spacing--50);padding-left:var(--wp--preset--spacing--50)\">\n<div class=\"wp-block-column is-vertically-aligned-top has-margin-bottom-m-until-desktop is-layout-flow wp-block-column-is-layout-flow\">\n<h2 class=\"wp-block-heading tropical has-border-bottom-l has-padding-bottom-xs has-margin-bottom has-light-color has-text-color has-medium-font-size\" style=\"font-style:normal;font-weight:500\">DISPENSADOR DE HIELO<\/h2>\n\n\n\n<p class=\"has-light-color has-text-color\">Pr\u00e1cticos, compactos y eficientes, los dispensadores de hielo profesionales Icematic est\u00e1n disponibles en dos modelos diferentes:<\/p>\n\n\n\n<p class=\"has-margin-bottom-s has-light-color has-text-color\">Dispensador de suelo DX35 con cubito completo tipo gourmet<\/p>\n\n\n\n<p class=\"has-light-color has-text-color\">Nuevo Dispensador TD200. El panel de control t\u00e1ctil hace que su uso sea m\u00e1s inmediato y fluido; El dise\u00f1o moderno y las dimensiones compactas le permiten insertar este dispensador en cualquier ambiente.<\/p>\n\n\n\n<p class=\"has-light-color has-text-color\">Pr\u00e1ctico, compacto y eficaz, el dispensador de pepitas de hielo TD200 representa la soluci\u00f3n perfecta para comedores de empresa, restaurantes de autoservicio, hoteles y lugares p\u00fablicos donde es necesario disponer r\u00e1pidamente de hielo perfectamente dosificado.<\/p>\n\n\n\n<p class=\"has-light-color has-text-color\">Estos dispensadores de hielo son la soluci\u00f3n perfecta para comedores corporativos, autoservicio, hoteles y locales p\u00fablicos en los que es necesario tener hielo perfectamente dosificado, de forma r\u00e1pida. <\/p>\n<\/div>\n<\/div>\n<\/section>\n","protected":false},"excerpt":{"rendered":"<p>DISPENSADOR DE HIELO Pr\u00e1cticos, compactos y eficientes, los dispensadores de hielo profesionales Icematic est\u00e1n disponibles en dos modelos diferentes: Dispensador de suelo DX35 con cubito [&hellip;]<\/p>\n","protected":false},"author":6,"featured_media":0,"parent":3632,"menu_order":0,"comment_status":"closed","ping_status":"closed","template":"page-templates\/product-category.php","meta":{"_acf_changed":false,"inline_featured_image":false,"site-sidebar-layout":"default","site-content-layout":"","ast-site-content-layout":"default","site-content-style":"default","site-sidebar-style":"default","ast-global-header-display":"","ast-banner-title-visibility":"","ast-main-header-display":"","ast-hfb-above-header-display":"","ast-hfb-below-header-display":"","ast-hfb-mobile-header-display":"","site-post-title":"disabled","ast-breadcrumbs-content":"","ast-featured-img":"","footer-sml-layout":"","ast-disable-related-posts":"","theme-transparent-header-meta":"","adv-header-id-meta":"","stick-header-meta":"","header-above-stick-meta":"","header-main-stick-meta":"","header-below-stick-meta":"","astra-migrate-meta-layouts":"set","ast-page-background-enabled":"default","ast-page-background-meta":{"desktop":{"background-color":"var(--ast-global-color-4)","background-image":"","background-repeat":"repeat","background-position":"center center","background-size":"auto","background-attachment":"scroll","background-type":"","background-media":"","overlay-type":"","overlay-color":"","overlay-opacity":"","overlay-gradient":""},"tablet":{"background-color":"","background-image":"","background-repeat":"repeat","background-position":"center center","background-size":"auto","background-attachment":"scroll","background-type":"","background-media":"","overlay-type":"","overlay-color":"","overlay-opacity":"","overlay-gradient":""},"mobile":{"background-color":"","background-image":"","background-repeat":"repeat","background-position":"center center","background-size":"auto","background-attachment":"scroll","background-type":"","background-media":"","overlay-type":"","overlay-color":"","overlay-opacity":"","overlay-gradient":""}},"ast-content-background-meta":{"desktop":{"background-color":"var(--ast-global-color-5)","background-image":"","background-repeat":"repeat","background-position":"center center","background-size":"auto","background-attachment":"scroll","background-type":"","background-media":"","overlay-type":"","overlay-color":"","overlay-opacity":"","overlay-gradient":""},"tablet":{"background-color":"var(--ast-global-color-5)","background-image":"","background-repeat":"repeat","background-position":"center center","background-size":"auto","background-attachment":"scroll","background-type":"","background-media":"","overlay-type":"","overlay-color":"","overlay-opacity":"","overlay-gradient":""},"mobile":{"background-color":"var(--ast-global-color-5)","background-image":"","background-repeat":"repeat","background-position":"center center","background-size":"auto","background-attachment":"scroll","background-type":"","background-media":"","overlay-type":"","overlay-color":"","overlay-opacity":"","overlay-gradient":""}},"footnotes":""},"class_list":["post-3513","page","type-page","status-publish","hentry"],"acf":[],"_links":{"self":[{"href":"https:\/\/icematic.eu\/es\/wp-json\/wp\/v2\/pages\/3513","targetHints":{"allow":["GET"]}}],"collection":[{"href":"https:\/\/icematic.eu\/es\/wp-json\/wp\/v2\/pages"}],"about":[{"href":"https:\/\/icematic.eu\/es\/wp-json\/wp\/v2\/types\/page"}],"author":[{"embeddable":true,"href":"https:\/\/icematic.eu\/es\/wp-json\/wp\/v2\/users\/6"}],"replies":[{"embeddable":true,"href":"https:\/\/icematic.eu\/es\/wp-json\/wp\/v2\/comments?post=3513"}],"version-history":[{"count":23,"href":"https:\/\/icematic.eu\/es\/wp-json\/wp\/v2\/pages\/3513\/revisions"}],"predecessor-version":[{"id":31131,"href":"https:\/\/icematic.eu\/es\/wp-json\/wp\/v2\/pages\/3513\/revisions\/31131"}],"up":[{"embeddable":true,"href":"https:\/\/icematic.eu\/es\/wp-json\/wp\/v2\/pages\/3632"}],"wp:attachment":[{"href":"https:\/\/icematic.eu\/es\/wp-json\/wp\/v2\/media?parent=3513"}],"curies":[{"name":"wp","href":"https:\/\/api.w.org\/{rel}","templated":true}]}}