{"id":3509,"date":"2022-05-25T19:33:22","date_gmt":"2022-05-25T18:33:22","guid":{"rendered":"https:\/\/icematic.eu\/cherry\/"},"modified":"2024-03-06T12:21:24","modified_gmt":"2024-03-06T11:21:24","slug":"cherry","status":"publish","type":"page","link":"https:\/\/icematic.eu\/es\/productos\/cherry\/","title":{"rendered":"Cherry"},"content":{"rendered":"\n<div class=\"wp-block-cover alignfull remove-padding-bottom\"><span aria-hidden=\"true\" class=\"wp-block-cover__background has-background-dim-0 has-background-dim\"><\/span><img loading=\"lazy\" decoding=\"async\" width=\"1920\" height=\"1080\" class=\"wp-block-cover__image-background wp-image-824\" alt=\"Icematic Cherry - M\u00e1quinas de hacer hielo profesionales\" src=\"https:\/\/icematic.eu\/app\/uploads\/2022\/07\/icematic-commercial-icemakers-cherry-icecube.jpg\" style=\"object-position:65% 53%\" data-object-fit=\"cover\" data-object-position=\"65% 53%\" srcset=\"https:\/\/icematic.eu\/app\/uploads\/2022\/07\/icematic-commercial-icemakers-cherry-icecube.jpg 1920w, https:\/\/icematic.eu\/app\/uploads\/2022\/07\/icematic-commercial-icemakers-cherry-icecube-300x169.jpg 300w, https:\/\/icematic.eu\/app\/uploads\/2022\/07\/icematic-commercial-icemakers-cherry-icecube-1024x576.jpg 1024w, https:\/\/icematic.eu\/app\/uploads\/2022\/07\/icematic-commercial-icemakers-cherry-icecube-768x432.jpg 768w, https:\/\/icematic.eu\/app\/uploads\/2022\/07\/icematic-commercial-icemakers-cherry-icecube-1536x864.jpg 1536w, https:\/\/icematic.eu\/app\/uploads\/2022\/07\/icematic-commercial-icemakers-cherry-icecube-600x338.jpg 600w\" sizes=\"auto, (max-width: 1920px) 100vw, 1920px\" \/><div class=\"wp-block-cover__inner-container is-layout-flow wp-block-cover-is-layout-flow\">\n<div class=\"wp-block-columns alignwide has-margin-top has-margin-bottom-l-until-desktop is-layout-flex wp-container-core-columns-is-layout-28f84493 wp-block-columns-is-layout-flex\">\n<div class=\"wp-block-column is-layout-flow wp-block-column-is-layout-flow\">\n<svg xmlns=\"http:\/\/www.w3.org\/2000\/svg\" width=\"209.02\" height=\"180.269\" viewbox=\"0 0 209.02 180.269\" class=\"category\">\n\t<path id=\"Path_49\" data-name=\"Path 49\" d=\"M41.785,72.074A104.509,104.509,0,0,0,146.294-32.437c0-57.717-46.79-75.758-104.509-75.758S-62.726-90.154-62.726-32.437A104.511,104.511,0,0,0,41.785,72.074\" transform=\"translate(62.726 108.195)\" fill=\"#fff\"><\/path>\n<\/svg>\n\n\n\n<h1 class=\"wp-block-heading has-margin-bottom has-light-color has-text-color has-xxl-font-size\" style=\"font-style:normal;font-weight:700\">Cherry<\/h1>\n\n\n\n<h2 class=\"wp-block-heading has-margin-bottom has-light-color has-text-color has-medium-font-size\" style=\"font-style:normal;font-weight:500\">M\u00c1QUINA PARA<br>PRODUCCI\u00d3N DE HIELO<\/h2>\n\n\n\n<p class=\"has-font-weight-medium has-light-color has-text-color has-medium-font-size\">CUBO LLENO<\/p>\n<\/div>\n\n\n\n<div class=\"wp-block-column is-vertically-aligned-bottom is-layout-flow wp-block-column-is-layout-flow\"><\/div>\n<\/div>\n\n\n\n<div class=\"wp-block-columns alignfull force is-layout-flex wp-container-core-columns-is-layout-28f84493 wp-block-columns-is-layout-flex\">\n<div class=\"wp-block-column is-layout-flow wp-block-column-is-layout-flow\"><\/div>\n\n\n\n<div class=\"wp-block-column is-layout-flow wp-block-column-is-layout-flow\">\n<section class=\"inherit-container-width wp-block-group section-grey-header has-grey-background-color has-background is-layout-constrained wp-block-group-is-layout-constrained\">\n<div class=\"wp-block-columns inner is-layout-flex wp-container-core-columns-is-layout-28f84493 wp-block-columns-is-layout-flex\">\n<div class=\"wp-block-column has-negative-margin-top is-layout-flow wp-block-column-is-layout-flow\" style=\"flex-basis:50%\">\n<figure class=\"wp-block-image aligncenter size-full\"><img loading=\"lazy\" decoding=\"async\" width=\"700\" height=\"700\" src=\"https:\/\/icematic.eu\/app\/uploads\/2022\/07\/app.png\" alt=\"Aplicaci\u00f3n My Ice para m\u00e1quinas de hielo Cherry de Icematic\" class=\"wp-image-1720\" srcset=\"https:\/\/icematic.eu\/app\/uploads\/2022\/07\/app.png 700w, https:\/\/icematic.eu\/app\/uploads\/2022\/07\/app-300x300.png 300w, https:\/\/icematic.eu\/app\/uploads\/2022\/07\/app-150x150.png 150w, https:\/\/icematic.eu\/app\/uploads\/2022\/07\/app-600x600.png 600w, https:\/\/icematic.eu\/app\/uploads\/2022\/07\/app-100x100.png 100w\" sizes=\"auto, (max-width: 700px) 100vw, 700px\" \/><\/figure>\n<\/div>\n\n\n\n<div class=\"wp-block-column is-layout-flow wp-block-column-is-layout-flow\" style=\"flex-basis:50%\">\n<p class=\"has-margin-bottom-s has-cherry-color has-text-color has-regular-font-size\">Disponible para Cherry<\/p>\n\n\n\n<h2 class=\"wp-block-heading has-text-align-left has-margin-bottom hide-until-desktop has-cherry-color has-text-color has-large-font-size\"><strong>APP MY ICE<\/strong><\/h2>\n\n\n\n<h2 class=\"wp-block-heading has-text-align-left has-margin-bottom hide-from-desktop has-cherry-color has-text-color has-large-font-size\"><strong>APP<\/strong><br><strong>MY ICE<\/strong><\/h2>\n\n\n\n<div class=\"wp-block-buttons is-layout-flex wp-block-buttons-is-layout-flex\">\n<div class=\"wp-block-button\"><a class=\"wp-block-button__link wp-element-button\" href=\"\/app-my-ice\/\">Descubre nuestra aplicaci\u00f3n<\/a><\/div>\n<\/div>\n<\/div>\n<\/div>\n<\/section>\n<\/div>\n<\/div>\n<\/div><\/div>\n\n\n\n<section class=\"inherit-container-width wp-block-group alignfull has-margin-bottom-m has-primary-background-color has-background is-layout-constrained wp-block-group-is-layout-constrained\">\n<div class=\"wp-block-columns alignwide are-vertically-aligned-top is-layout-flex wp-container-core-columns-is-layout-28f84493 wp-block-columns-is-layout-flex\">\n<div class=\"wp-block-column is-vertically-aligned-top has-margin-bottom-m-until-desktop is-layout-flow wp-block-column-is-layout-flow\">\n<h2 class=\"wp-block-heading cherry has-border-bottom-l has-padding-bottom-xs has-margin-bottom has-light-color has-text-color has-medium-font-size\" style=\"font-style:normal;font-weight:500\">EL CUBO<\/h2>\n\n\n\n<p class=\"has-light-color has-text-color\">Un cubo lleno y estructurado, con superficie redondeada para un enfriamiento prolongado de los l\u00edquidos. Su especial transparencia es apreciada en cada contexto de uso. <\/p>\n\n\n\n<p class=\"has-light-color has-text-color\">Compacto y transparente, este hielo es extremadamente elegante y eficaz para m\u00faltiples necesidades: canastas de hielo, c\u00f3cteles, aperitivos y whisky en las rocas.<br>El sistema de gesti\u00f3n electr\u00f3nica de la serie Cherry permite el acceso completo a todas las funciones y configuraciones de servicio<br>de la m\u00e1quina, a trav\u00e9s del simple toque del bot\u00f3n capacitivo.<\/p>\n\n\n\n<p class=\"has-light-color has-text-color\"><strong>CHERRY Large Bright<\/strong> es el nuevo cubo completo de Icematic, \u00a1con mayores dimensiones!<\/p>\n<\/div>\n\n\n\n<div class=\"wp-block-column is-vertically-aligned-top has-margin-bottom-m-until-desktop is-layout-flow wp-block-column-is-layout-flow\">\n<h2 class=\"wp-block-heading cherry has-border-bottom-l has-padding-bottom-xs has-margin-bottom has-light-color has-text-color has-medium-font-size\" style=\"font-style:normal;font-weight:500\">LA M\u00c1QUINA<\/h2>\n\n\n\n<p class=\"has-light-color has-text-color\">Las m\u00e1quinas de hielo de la serie Cherry garantizan una alta capacidad de producci\u00f3n, a pesar de las reducidas dimensiones. Con un dise\u00f1o esencial, son f\u00e1ciles de colocar en cualquier contexto.<\/p>\n\n\n\n<p class=\"ice-flavour-icon has-light-color has-text-color\">Las m\u00e1quinas con este s\u00edmbolo tambi\u00e9n est\u00e1n disponibles en la versi\u00f3n Ice Flavour<\/p>\n<\/div>\n\n\n\n<div class=\"wp-block-column is-vertically-aligned-top is-layout-flow wp-block-column-is-layout-flow\">\n<h2 class=\"wp-block-heading cherry has-border-bottom-l has-padding-bottom-xs has-margin-bottom has-light-color has-text-color has-medium-font-size\" style=\"font-style:normal;font-weight:500\">LAS CARACTER\u00cdSTICAS<\/h2>\n\n\n\n<p class=\"has-margin-bottom-s has-light-color has-text-color\">\u2022 GRAN CAPACIDAD<br>DE ALMACENAMIENTO INCORPORADO<\/p>\n\n\n\n<p class=\"has-margin-bottom-s has-light-color has-text-color\">\u2022 CUERPO DE ACERO INOXIDABLE<\/p>\n\n\n\n<p class=\"has-margin-bottom-s has-light-color has-text-color\">\u2022 F\u00c1CIL ACCESO PARA UNA LIMPIEZA Y MANTENIMIENTO SIMPLIFICADAS<\/p>\n\n\n\n<p class=\"has-margin-bottom-s has-light-color has-text-color\">\u2022 CABLE DE ALIMENTACI\u00d3N CON ENCHUFE SCHUKO<\/p>\n\n\n\n<p class=\"has-light-color has-text-color\">\u2022 STAND-BY Y RESET<\/p>\n\n\n\n<p class=\"has-light-color has-text-color\">\u2022 TAMBI\u00c9N DISPONIBLE LA GAMA CHERRY &#8211; F CON GAS R134A<\/p>\n<\/div>\n<\/div>\n<\/section>\n","protected":false},"excerpt":{"rendered":"<p>EL CUBO Un cubo lleno y estructurado, con superficie redondeada para un enfriamiento prolongado de los l\u00edquidos. Su especial transparencia es apreciada en cada contexto [&hellip;]<\/p>\n","protected":false},"author":6,"featured_media":0,"parent":3632,"menu_order":0,"comment_status":"closed","ping_status":"closed","template":"page-templates\/product-category.php","meta":{"_acf_changed":false,"inline_featured_image":false,"site-sidebar-layout":"default","site-content-layout":"","ast-site-content-layout":"default","site-content-style":"default","site-sidebar-style":"default","ast-global-header-display":"","ast-banner-title-visibility":"","ast-main-header-display":"","ast-hfb-above-header-display":"","ast-hfb-below-header-display":"","ast-hfb-mobile-header-display":"","site-post-title":"disabled","ast-breadcrumbs-content":"","ast-featured-img":"","footer-sml-layout":"","ast-disable-related-posts":"","theme-transparent-header-meta":"","adv-header-id-meta":"","stick-header-meta":"","header-above-stick-meta":"","header-main-stick-meta":"","header-below-stick-meta":"","astra-migrate-meta-layouts":"default","ast-page-background-enabled":"default","ast-page-background-meta":{"desktop":{"background-color":"var(--ast-global-color-4)","background-image":"","background-repeat":"repeat","background-position":"center center","background-size":"auto","background-attachment":"scroll","background-type":"","background-media":"","overlay-type":"","overlay-color":"","overlay-opacity":"","overlay-gradient":""},"tablet":{"background-color":"","background-image":"","background-repeat":"repeat","background-position":"center center","background-size":"auto","background-attachment":"scroll","background-type":"","background-media":"","overlay-type":"","overlay-color":"","overlay-opacity":"","overlay-gradient":""},"mobile":{"background-color":"","background-image":"","background-repeat":"repeat","background-position":"center center","background-size":"auto","background-attachment":"scroll","background-type":"","background-media":"","overlay-type":"","overlay-color":"","overlay-opacity":"","overlay-gradient":""}},"ast-content-background-meta":{"desktop":{"background-color":"var(--ast-global-color-5)","background-image":"","background-repeat":"repeat","background-position":"center center","background-size":"auto","background-attachment":"scroll","background-type":"","background-media":"","overlay-type":"","overlay-color":"","overlay-opacity":"","overlay-gradient":""},"tablet":{"background-color":"var(--ast-global-color-5)","background-image":"","background-repeat":"repeat","background-position":"center center","background-size":"auto","background-attachment":"scroll","background-type":"","background-media":"","overlay-type":"","overlay-color":"","overlay-opacity":"","overlay-gradient":""},"mobile":{"background-color":"var(--ast-global-color-5)","background-image":"","background-repeat":"repeat","background-position":"center center","background-size":"auto","background-attachment":"scroll","background-type":"","background-media":"","overlay-type":"","overlay-color":"","overlay-opacity":"","overlay-gradient":""}},"footnotes":""},"class_list":["post-3509","page","type-page","status-publish","hentry"],"acf":[],"_links":{"self":[{"href":"https:\/\/icematic.eu\/es\/wp-json\/wp\/v2\/pages\/3509","targetHints":{"allow":["GET"]}}],"collection":[{"href":"https:\/\/icematic.eu\/es\/wp-json\/wp\/v2\/pages"}],"about":[{"href":"https:\/\/icematic.eu\/es\/wp-json\/wp\/v2\/types\/page"}],"author":[{"embeddable":true,"href":"https:\/\/icematic.eu\/es\/wp-json\/wp\/v2\/users\/6"}],"replies":[{"embeddable":true,"href":"https:\/\/icematic.eu\/es\/wp-json\/wp\/v2\/comments?post=3509"}],"version-history":[{"count":8,"href":"https:\/\/icematic.eu\/es\/wp-json\/wp\/v2\/pages\/3509\/revisions"}],"predecessor-version":[{"id":12845,"href":"https:\/\/icematic.eu\/es\/wp-json\/wp\/v2\/pages\/3509\/revisions\/12845"}],"up":[{"embeddable":true,"href":"https:\/\/icematic.eu\/es\/wp-json\/wp\/v2\/pages\/3632"}],"wp:attachment":[{"href":"https:\/\/icematic.eu\/es\/wp-json\/wp\/v2\/media?parent=3509"}],"curies":[{"name":"wp","href":"https:\/\/api.w.org\/{rel}","templated":true}]}}