{"id":3503,"date":"2022-05-27T00:16:37","date_gmt":"2022-05-26T23:16:37","guid":{"rendered":"https:\/\/icematic.eu\/almond\/"},"modified":"2023-06-30T15:29:01","modified_gmt":"2023-06-30T14:29:01","slug":"almond","status":"publish","type":"page","link":"https:\/\/icematic.eu\/es\/productos\/almond\/","title":{"rendered":"Almond"},"content":{"rendered":"\n<div class=\"wp-block-cover alignfull is-light remove-padding-bottom has-full-height\"><span aria-hidden=\"true\" class=\"wp-block-cover__background has-background-dim-0 has-background-dim\"><\/span><img loading=\"lazy\" decoding=\"async\" width=\"1920\" height=\"1080\" class=\"wp-block-cover__image-background wp-image-822\" alt=\"Icematic Almond - Maquinas de hielo en escamas industriales\" src=\"https:\/\/icematic.eu\/app\/uploads\/2022\/07\/icematic-industrial-icemakers-almond-icecube.jpg\" style=\"object-position:65% 53%\" data-object-fit=\"cover\" data-object-position=\"65% 53%\" srcset=\"https:\/\/icematic.eu\/app\/uploads\/2022\/07\/icematic-industrial-icemakers-almond-icecube.jpg 1920w, https:\/\/icematic.eu\/app\/uploads\/2022\/07\/icematic-industrial-icemakers-almond-icecube-300x169.jpg 300w, https:\/\/icematic.eu\/app\/uploads\/2022\/07\/icematic-industrial-icemakers-almond-icecube-1024x576.jpg 1024w, https:\/\/icematic.eu\/app\/uploads\/2022\/07\/icematic-industrial-icemakers-almond-icecube-768x432.jpg 768w, https:\/\/icematic.eu\/app\/uploads\/2022\/07\/icematic-industrial-icemakers-almond-icecube-1536x864.jpg 1536w, https:\/\/icematic.eu\/app\/uploads\/2022\/07\/icematic-industrial-icemakers-almond-icecube-600x338.jpg 600w\" sizes=\"auto, (max-width: 1920px) 100vw, 1920px\" \/><div class=\"wp-block-cover__inner-container is-layout-flow wp-block-cover-is-layout-flow\">\n<div class=\"wp-block-columns alignwide has-margin-top has-margin-bottom-l is-layout-flex wp-container-core-columns-is-layout-28f84493 wp-block-columns-is-layout-flex\">\n<div class=\"wp-block-column is-layout-flow wp-block-column-is-layout-flow\">\n<svg xmlns=\"http:\/\/www.w3.org\/2000\/svg\" width=\"260.418\" height=\"134.544\" viewbox=\"0 0 260.418 134.544\" class=\"category\">\n\t<g id=\"Group_120\" data-name=\"Group 120\" style=\"mix-blend-mode: multiply;isolation: isolate\">\n\t\t<path id=\"Path_61\" data-name=\"Path 61\" d=\"M6.911.009s3.7,53.822-28.782,96.53-71.037,16.574-77.739,9.873-29.438-34.359-.046-68.862C-57.405-4.819,6.911.009,6.911.009\" transform=\"translate(114.327 14.079)\" fill=\"#fff\"><\/path>\n\t\t<path id=\"Path_62\" data-name=\"Path 62\" d=\"M.007,6.866s-3.7-53.822,28.782-96.53,71.037-16.574,77.739-9.872,29.438,34.358.046,68.861C64.323,11.694.007,6.866.007,6.866\" transform=\"translate(139.174 113.59)\" fill=\"#fff\"><\/path>\n\t<\/g>\n<\/svg>\n\n\n\n<h1 class=\"wp-block-heading has-margin-bottom has-light-color has-text-color has-xxl-font-size\" style=\"font-style:normal;font-weight:700\">Almond<\/h1>\n\n\n\n<h2 class=\"wp-block-heading has-margin-bottom has-light-color has-text-color has-medium-font-size\" style=\"font-style:normal;font-weight:500\">M\u00c1QUINA PARA<br>PRODUCCI\u00d3N DE HIELO<\/h2>\n\n\n\n<p class=\"has-font-weight-medium has-light-color has-text-color has-medium-font-size\">ESCAMAS<\/p>\n<\/div>\n\n\n\n<div class=\"wp-block-column is-vertically-aligned-bottom hide-until-desktop is-layout-flow wp-block-column-is-layout-flow\"><\/div>\n<\/div>\n<\/div><\/div>\n\n\n\n<section class=\"inherit-container-width wp-block-group alignfull has-margin-bottom-m has-primary-background-color has-background is-layout-constrained wp-block-group-is-layout-constrained\">\n<div class=\"wp-block-columns alignwide are-vertically-aligned-top is-layout-flex wp-container-core-columns-is-layout-28f84493 wp-block-columns-is-layout-flex\">\n<div class=\"wp-block-column is-vertically-aligned-top has-margin-bottom-m-until-desktop is-layout-flow wp-block-column-is-layout-flow\">\n<h2 class=\"wp-block-heading almond has-border-bottom-l has-padding-bottom-xs has-margin-bottom has-light-color has-text-color has-medium-font-size\" style=\"font-style:normal;font-weight:500\">EL HIELO<\/h2>\n\n\n\n<p class=\"has-light-color has-text-color\">Con una temperatura media de aproximadamente -7\u00b0C y un espesor que var\u00eda de 0,9 a 1,2 mm, el hielo producido por las m\u00e1quinas de la l\u00ednea Almond es m\u00e1s fr\u00edo y seco, \u00fanico en su g\u00e9nero. S\u00f3lidas y secas, las escamas tienen una gran superficie de contacto para un enfriamiento r\u00e1pido. <\/p>\n\n\n\n<p class=\"has-light-color has-text-color\">El hielo de la l\u00ednea Almond tiene muchas aplicaciones diferentes, como supermercados, restauraci\u00f3n colectiva, carnicer\u00edas e industria c\u00e1rnica, pescader\u00edas y mercados de pescado, puertos mar\u00edtimos, industria farmac\u00e9utica y mucho m\u00e1s.<\/p>\n\n\n\n<p class=\"has-light-color has-text-color\">El hielo de escamas planas, seco y refrigerado por debajo, tiene un color blanco claro y es ideal para prolongar la m\u00e1xima frescura de cada producto.<\/p>\n<\/div>\n\n\n\n<div class=\"wp-block-column is-vertically-aligned-top has-margin-bottom-m-until-desktop is-layout-flow wp-block-column-is-layout-flow\">\n<h2 class=\"wp-block-heading almond has-border-bottom-l has-padding-bottom-xs has-margin-bottom has-light-color has-text-color has-medium-font-size\" style=\"font-style:normal;font-weight:500\">LA M\u00c1QUINA<\/h2>\n\n\n\n<p class=\"has-light-color has-text-color\">La nueva gama de m\u00e1quinas para la producci\u00f3n de hielo industrial de escamas planas se caracteriza por una notablemente reducida presencia de humedad (alrededor del 2%), garantizando as\u00ed una frescura absoluta.<\/p>\n\n\n\n<p class=\"has-light-color has-text-color\">El sistema de producci\u00f3n de la serie Almond prev\u00e9 un evaporador cil\u00edndrico vertical de acero inoxidable y una esp\u00e1tula libre giratoria que raspa el hielo producido, dando origen a las escamas. Los fabricadores de hielo de la serie Almond pueden combinarse con la l\u00ednea de dep\u00f3sitos Icematic. <\/p>\n<\/div>\n\n\n\n<div class=\"wp-block-column is-vertically-aligned-top is-layout-flow wp-block-column-is-layout-flow\">\n<h2 class=\"wp-block-heading almond has-border-bottom-l has-padding-bottom-xs has-margin-bottom has-light-color has-text-color has-medium-font-size\" style=\"font-style:normal;font-weight:500\">LAS CARACTER\u00cdSTICAS<\/h2>\n\n\n\n<p class=\"has-margin-bottom-s has-light-color has-text-color\">\u2022 CUERPO DE ACERO INOXIDABLE<\/p>\n\n\n\n<p class=\"has-margin-bottom-s has-light-color has-text-color\">\u2022 EVAPORADOR CIL\u00cdNDRICO VERTICAL FIJO<\/p>\n\n\n\n<p class=\"has-margin-bottom-s has-light-color has-text-color\">\u2022 CONTROLES INTEGRADOS DE ENCENDIDO\/APAGADO<\/p>\n\n\n\n<p class=\"has-margin-bottom-s has-light-color has-text-color\">\u2022 UNIDAD INTEGRADA DE CONDENSACI\u00d3N<\/p>\n\n\n\n<p class=\"has-light-color has-text-color\">\u2022 ACCESO INTERIOR PARA UNA F\u00c1CIL LIMPIEZA<\/p>\n<\/div>\n<\/div>\n<\/section>\n","protected":false},"excerpt":{"rendered":"<p>EL HIELO Con una temperatura media de aproximadamente -7\u00b0C y un espesor que var\u00eda de 0,9 a 1,2 mm, el hielo producido por las m\u00e1quinas [&hellip;]<\/p>\n","protected":false},"author":6,"featured_media":0,"parent":3632,"menu_order":0,"comment_status":"closed","ping_status":"closed","template":"page-templates\/product-category.php","meta":{"_acf_changed":false,"inline_featured_image":false,"site-sidebar-layout":"default","site-content-layout":"","ast-site-content-layout":"default","site-content-style":"default","site-sidebar-style":"default","ast-global-header-display":"","ast-banner-title-visibility":"","ast-main-header-display":"","ast-hfb-above-header-display":"","ast-hfb-below-header-display":"","ast-hfb-mobile-header-display":"","site-post-title":"disabled","ast-breadcrumbs-content":"","ast-featured-img":"","footer-sml-layout":"","ast-disable-related-posts":"","theme-transparent-header-meta":"","adv-header-id-meta":"","stick-header-meta":"","header-above-stick-meta":"","header-main-stick-meta":"","header-below-stick-meta":"","astra-migrate-meta-layouts":"default","ast-page-background-enabled":"default","ast-page-background-meta":{"desktop":{"background-color":"var(--ast-global-color-4)","background-image":"","background-repeat":"repeat","background-position":"center center","background-size":"auto","background-attachment":"scroll","background-type":"","background-media":"","overlay-type":"","overlay-color":"","overlay-opacity":"","overlay-gradient":""},"tablet":{"background-color":"","background-image":"","background-repeat":"repeat","background-position":"center center","background-size":"auto","background-attachment":"scroll","background-type":"","background-media":"","overlay-type":"","overlay-color":"","overlay-opacity":"","overlay-gradient":""},"mobile":{"background-color":"","background-image":"","background-repeat":"repeat","background-position":"center center","background-size":"auto","background-attachment":"scroll","background-type":"","background-media":"","overlay-type":"","overlay-color":"","overlay-opacity":"","overlay-gradient":""}},"ast-content-background-meta":{"desktop":{"background-color":"var(--ast-global-color-5)","background-image":"","background-repeat":"repeat","background-position":"center center","background-size":"auto","background-attachment":"scroll","background-type":"","background-media":"","overlay-type":"","overlay-color":"","overlay-opacity":"","overlay-gradient":""},"tablet":{"background-color":"var(--ast-global-color-5)","background-image":"","background-repeat":"repeat","background-position":"center center","background-size":"auto","background-attachment":"scroll","background-type":"","background-media":"","overlay-type":"","overlay-color":"","overlay-opacity":"","overlay-gradient":""},"mobile":{"background-color":"var(--ast-global-color-5)","background-image":"","background-repeat":"repeat","background-position":"center center","background-size":"auto","background-attachment":"scroll","background-type":"","background-media":"","overlay-type":"","overlay-color":"","overlay-opacity":"","overlay-gradient":""}},"footnotes":""},"class_list":["post-3503","page","type-page","status-publish","hentry"],"acf":[],"_links":{"self":[{"href":"https:\/\/icematic.eu\/es\/wp-json\/wp\/v2\/pages\/3503","targetHints":{"allow":["GET"]}}],"collection":[{"href":"https:\/\/icematic.eu\/es\/wp-json\/wp\/v2\/pages"}],"about":[{"href":"https:\/\/icematic.eu\/es\/wp-json\/wp\/v2\/types\/page"}],"author":[{"embeddable":true,"href":"https:\/\/icematic.eu\/es\/wp-json\/wp\/v2\/users\/6"}],"replies":[{"embeddable":true,"href":"https:\/\/icematic.eu\/es\/wp-json\/wp\/v2\/comments?post=3503"}],"version-history":[{"count":6,"href":"https:\/\/icematic.eu\/es\/wp-json\/wp\/v2\/pages\/3503\/revisions"}],"predecessor-version":[{"id":5467,"href":"https:\/\/icematic.eu\/es\/wp-json\/wp\/v2\/pages\/3503\/revisions\/5467"}],"up":[{"embeddable":true,"href":"https:\/\/icematic.eu\/es\/wp-json\/wp\/v2\/pages\/3632"}],"wp:attachment":[{"href":"https:\/\/icematic.eu\/es\/wp-json\/wp\/v2\/media?parent=3503"}],"curies":[{"name":"wp","href":"https:\/\/api.w.org\/{rel}","templated":true}]}}