{"id":12907,"date":"2024-03-06T16:29:29","date_gmt":"2024-03-06T15:29:29","guid":{"rendered":"https:\/\/icematic.eu\/ice-flavour\/"},"modified":"2024-03-06T17:06:04","modified_gmt":"2024-03-06T16:06:04","slug":"page-iceflavour","status":"publish","type":"page","link":"https:\/\/icematic.eu\/es\/page-iceflavour\/","title":{"rendered":"Ice FLAVOUR"},"content":{"rendered":"\n<div class=\"wp-block-cover alignfull is-light has-custom-content-position is-position-top-left\"><span aria-hidden=\"true\" class=\"wp-block-cover__background has-primary-background-color has-background-dim\"><\/span><img loading=\"lazy\" decoding=\"async\" width=\"1980\" height=\"973\" class=\"wp-block-cover__image-background wp-image-12637\" alt=\"\" src=\"https:\/\/icematic.eu\/app\/uploads\/2024\/03\/Host_Icematic-12-copia.jpg\" data-object-fit=\"cover\" srcset=\"https:\/\/icematic.eu\/app\/uploads\/2024\/03\/Host_Icematic-12-copia.jpg 1980w, https:\/\/icematic.eu\/app\/uploads\/2024\/03\/Host_Icematic-12-copia-300x147.jpg 300w, https:\/\/icematic.eu\/app\/uploads\/2024\/03\/Host_Icematic-12-copia-1024x503.jpg 1024w, https:\/\/icematic.eu\/app\/uploads\/2024\/03\/Host_Icematic-12-copia-768x377.jpg 768w, https:\/\/icematic.eu\/app\/uploads\/2024\/03\/Host_Icematic-12-copia-1536x755.jpg 1536w, https:\/\/icematic.eu\/app\/uploads\/2024\/03\/Host_Icematic-12-copia-90x44.jpg 90w, https:\/\/icematic.eu\/app\/uploads\/2024\/03\/Host_Icematic-12-copia-110x54.jpg 110w, https:\/\/icematic.eu\/app\/uploads\/2024\/03\/Host_Icematic-12-copia-220x108.jpg 220w, https:\/\/icematic.eu\/app\/uploads\/2024\/03\/Host_Icematic-12-copia-400x197.jpg 400w, https:\/\/icematic.eu\/app\/uploads\/2024\/03\/Host_Icematic-12-copia-600x295.jpg 600w, https:\/\/icematic.eu\/app\/uploads\/2024\/03\/Host_Icematic-12-copia-800x393.jpg 800w, https:\/\/icematic.eu\/app\/uploads\/2024\/03\/Host_Icematic-12-copia-1000x491.jpg 1000w, https:\/\/icematic.eu\/app\/uploads\/2024\/03\/Host_Icematic-12-copia-1100x541.jpg 1100w, https:\/\/icematic.eu\/app\/uploads\/2024\/03\/Host_Icematic-12-copia-1200x590.jpg 1200w, https:\/\/icematic.eu\/app\/uploads\/2024\/03\/Host_Icematic-12-copia-1400x688.jpg 1400w, https:\/\/icematic.eu\/app\/uploads\/2024\/03\/Host_Icematic-12-copia-1600x786.jpg 1600w, https:\/\/icematic.eu\/app\/uploads\/2024\/03\/Host_Icematic-12-copia-1800x885.jpg 1800w\" sizes=\"auto, (max-width: 1980px) 100vw, 1980px\" \/><div class=\"wp-block-cover__inner-container is-layout-flow wp-block-cover-is-layout-flow\">\n<div class=\"wp-block-columns alignwide is-layout-flex wp-container-core-columns-is-layout-28f84493 wp-block-columns-is-layout-flex\">\n<div class=\"wp-block-column is-layout-flow wp-block-column-is-layout-flow\" style=\"flex-basis:50%\">\n<h1 class=\"wp-block-heading has-margin-top-m has-light-color has-text-color has-xxl-font-size\" style=\"font-style:normal;font-weight:700\">Ice<br\/><span class=\"f\">F<\/span><span class=\"l\">L<\/span><span class=\"a\">A<\/span><span class=\"v\">V<\/span><span class=\"o\">O<\/span><span class=\"u\">U<\/span><span class=\"r\">R<\/span><\/h1>\n<\/div>\n<\/div>\n<\/div><\/div>\n\n\n\n<section class=\"inherit-container-width wp-block-group alignwide has-margin-top-m has-margin-bottom-l is-layout-constrained wp-block-group-is-layout-constrained\">\n<div class=\"wp-block-columns alignwide has-margin-bottom-l is-layout-flex wp-container-core-columns-is-layout-28f84493 wp-block-columns-is-layout-flex\">\n<div class=\"wp-block-column is-layout-flow wp-block-column-is-layout-flow\">\n<h2 class=\"wp-block-heading has-margin-bottom ice-flavour-title has-large-font-size\" style=\"font-style:normal;font-weight:700\">Ice <span class=\"f\">F<\/span><span class=\"l\">L<\/span><span class=\"a\">A<\/span><span class=\"v\">V<\/span><span class=\"o\">O<\/span><span class=\"u\">U<\/span><span class=\"r\">R<\/span><\/h2>\n\n\n\n<p>ICE FLAVOR es la nueva patente presentada por Icematic en la que se basa la creaci\u00f3n de m\u00e1quinas de hielo que pueden producir hielo saborizado, seg\u00fan los tiempos y elecciones del barman, permitiendo adem\u00e1s regular la intensidad del aroma y permitiendo as\u00ed generar una Infinidad de recetas de hielo con sabores.<\/p>\n\n\n\n<p>Este nuevo valor a\u00f1adido tambi\u00e9n ser\u00e1 gestionado por la APP MYICE con un icono dedicado, dejando as\u00ed al cliente decidir si produce el cl\u00e1sico hielo neutro o la versi\u00f3n aromatizada.<\/p>\n\n\n\n<p>\u00a1Una aut\u00e9ntica revoluci\u00f3n en la forma de utilizar y saborear el hielo!<\/p>\n<\/div>\n\n\n\n<div class=\"wp-block-column is-layout-flow wp-block-column-is-layout-flow\">\n<figure class=\"wp-block-image aligncenter size-large has-border-radius-img\"><img loading=\"lazy\" decoding=\"async\" width=\"1024\" height=\"1024\" src=\"https:\/\/icematic.eu\/app\/uploads\/2024\/03\/Host_Icematic-38-square-1024x1024.jpg\" alt=\"\" class=\"wp-image-12684\" srcset=\"https:\/\/icematic.eu\/app\/uploads\/2024\/03\/Host_Icematic-38-square-1024x1024.jpg 1024w, https:\/\/icematic.eu\/app\/uploads\/2024\/03\/Host_Icematic-38-square-300x300.jpg 300w, https:\/\/icematic.eu\/app\/uploads\/2024\/03\/Host_Icematic-38-square-150x150.jpg 150w, https:\/\/icematic.eu\/app\/uploads\/2024\/03\/Host_Icematic-38-square-768x768.jpg 768w, https:\/\/icematic.eu\/app\/uploads\/2024\/03\/Host_Icematic-38-square-90x90.jpg 90w, https:\/\/icematic.eu\/app\/uploads\/2024\/03\/Host_Icematic-38-square-110x110.jpg 110w, https:\/\/icematic.eu\/app\/uploads\/2024\/03\/Host_Icematic-38-square-220x220.jpg 220w, https:\/\/icematic.eu\/app\/uploads\/2024\/03\/Host_Icematic-38-square-400x400.jpg 400w, https:\/\/icematic.eu\/app\/uploads\/2024\/03\/Host_Icematic-38-square-600x600.jpg 600w, https:\/\/icematic.eu\/app\/uploads\/2024\/03\/Host_Icematic-38-square-800x800.jpg 800w, https:\/\/icematic.eu\/app\/uploads\/2024\/03\/Host_Icematic-38-square-1000x1000.jpg 1000w, https:\/\/icematic.eu\/app\/uploads\/2024\/03\/Host_Icematic-38-square-1100x1100.jpg 1100w, https:\/\/icematic.eu\/app\/uploads\/2024\/03\/Host_Icematic-38-square-1200x1200.jpg 1200w, https:\/\/icematic.eu\/app\/uploads\/2024\/03\/Host_Icematic-38-square-100x100.jpg 100w, https:\/\/icematic.eu\/app\/uploads\/2024\/03\/Host_Icematic-38-square.jpg 1321w\" sizes=\"auto, (max-width: 1024px) 100vw, 1024px\" \/><\/figure>\n<\/div>\n<\/div>\n\n\n\n<div class=\"wp-block-columns alignwide column-reverse-until-desktop is-layout-flex wp-container-core-columns-is-layout-28f84493 wp-block-columns-is-layout-flex\">\n<div class=\"wp-block-column is-layout-flow wp-block-column-is-layout-flow\">\n<figure class=\"wp-block-image aligncenter size-large has-border-radius-img\"><img loading=\"lazy\" decoding=\"async\" width=\"1024\" height=\"1024\" src=\"https:\/\/icematic.eu\/app\/uploads\/2024\/03\/smart-label-square-1024x1024.jpg\" alt=\"\" class=\"wp-image-12692\" srcset=\"https:\/\/icematic.eu\/app\/uploads\/2024\/03\/smart-label-square-1024x1024.jpg 1024w, https:\/\/icematic.eu\/app\/uploads\/2024\/03\/smart-label-square-300x300.jpg 300w, https:\/\/icematic.eu\/app\/uploads\/2024\/03\/smart-label-square-150x150.jpg 150w, https:\/\/icematic.eu\/app\/uploads\/2024\/03\/smart-label-square-768x768.jpg 768w, https:\/\/icematic.eu\/app\/uploads\/2024\/03\/smart-label-square-90x90.jpg 90w, https:\/\/icematic.eu\/app\/uploads\/2024\/03\/smart-label-square-110x110.jpg 110w, https:\/\/icematic.eu\/app\/uploads\/2024\/03\/smart-label-square-220x220.jpg 220w, https:\/\/icematic.eu\/app\/uploads\/2024\/03\/smart-label-square-400x400.jpg 400w, https:\/\/icematic.eu\/app\/uploads\/2024\/03\/smart-label-square-600x600.jpg 600w, https:\/\/icematic.eu\/app\/uploads\/2024\/03\/smart-label-square-800x800.jpg 800w, https:\/\/icematic.eu\/app\/uploads\/2024\/03\/smart-label-square-1000x1000.jpg 1000w, https:\/\/icematic.eu\/app\/uploads\/2024\/03\/smart-label-square-1100x1100.jpg 1100w, https:\/\/icematic.eu\/app\/uploads\/2024\/03\/smart-label-square-1200x1200.jpg 1200w, https:\/\/icematic.eu\/app\/uploads\/2024\/03\/smart-label-square-100x100.jpg 100w, https:\/\/icematic.eu\/app\/uploads\/2024\/03\/smart-label-square.jpg 1319w\" sizes=\"auto, (max-width: 1024px) 100vw, 1024px\" \/><\/figure>\n<\/div>\n\n\n\n<div class=\"wp-block-column is-layout-flow wp-block-column-is-layout-flow\">\n<h2 class=\"wp-block-heading has-margin-bottom has-large-font-size\" style=\"font-style:normal;font-weight:700\">Smart Label Host Innovation Award 2023<\/h2>\n\n\n\n<p class=\"has-margin-bottom-m\">Con Ice Flavour, Icematic recibi\u00f3 el premio Smart Label Host Innovation Award 2023, el premio que reconoce mejor que ning\u00fan otro la innovaci\u00f3n m\u00e1s avanzada y elige las soluciones m\u00e1s inteligentes dentro del mundo Ho.Re.Ca italiano e internacional.<\/p>\n<\/div>\n<\/div>\n<\/section>\n\n\n\n<section class=\"inherit-container-width wp-block-group alignfull has-margin-bottom-l has-light-color has-primary-background-color has-text-color has-background is-layout-constrained wp-block-group-is-layout-constrained\">\n<div class=\"wp-block-columns are-vertically-aligned-bottom alignwide is-layout-flex wp-container-core-columns-is-layout-28f84493 wp-block-columns-is-layout-flex\">\n<div class=\"wp-block-column is-vertically-aligned-bottom is-layout-flow wp-block-column-is-layout-flow\">\n<h2 class=\"wp-block-heading has-margin-bottom-l has-light-color has-text-color has-xl-font-size\">\u00a1M\u00e1s de 20 sabores disponibles!<\/h2>\n\n\n\n<figure class=\"wp-block-image size-large has-border-radius-img\"><img loading=\"lazy\" decoding=\"async\" width=\"1024\" height=\"1024\" src=\"https:\/\/icematic.eu\/app\/uploads\/2024\/03\/Host-7-square-1024x1024.jpg\" alt=\"\" class=\"wp-image-12688\" srcset=\"https:\/\/icematic.eu\/app\/uploads\/2024\/03\/Host-7-square-1024x1024.jpg 1024w, https:\/\/icematic.eu\/app\/uploads\/2024\/03\/Host-7-square-300x300.jpg 300w, https:\/\/icematic.eu\/app\/uploads\/2024\/03\/Host-7-square-150x150.jpg 150w, https:\/\/icematic.eu\/app\/uploads\/2024\/03\/Host-7-square-768x768.jpg 768w, https:\/\/icematic.eu\/app\/uploads\/2024\/03\/Host-7-square-90x90.jpg 90w, https:\/\/icematic.eu\/app\/uploads\/2024\/03\/Host-7-square-110x110.jpg 110w, https:\/\/icematic.eu\/app\/uploads\/2024\/03\/Host-7-square-220x220.jpg 220w, https:\/\/icematic.eu\/app\/uploads\/2024\/03\/Host-7-square-400x400.jpg 400w, https:\/\/icematic.eu\/app\/uploads\/2024\/03\/Host-7-square-600x600.jpg 600w, https:\/\/icematic.eu\/app\/uploads\/2024\/03\/Host-7-square-800x800.jpg 800w, https:\/\/icematic.eu\/app\/uploads\/2024\/03\/Host-7-square-1000x1000.jpg 1000w, https:\/\/icematic.eu\/app\/uploads\/2024\/03\/Host-7-square-1100x1100.jpg 1100w, https:\/\/icematic.eu\/app\/uploads\/2024\/03\/Host-7-square-1200x1200.jpg 1200w, https:\/\/icematic.eu\/app\/uploads\/2024\/03\/Host-7-square-100x100.jpg 100w, https:\/\/icematic.eu\/app\/uploads\/2024\/03\/Host-7-square.jpg 1321w\" sizes=\"auto, (max-width: 1024px) 100vw, 1024px\" \/><\/figure>\n<\/div>\n\n\n\n<div class=\"wp-block-column is-vertically-aligned-bottom is-layout-flow wp-block-column-is-layout-flow\">\n<figure class=\"wp-block-image aligncenter size-large has-border-radius-img\"><img loading=\"lazy\" decoding=\"async\" width=\"683\" height=\"1024\" src=\"https:\/\/icematic.eu\/app\/uploads\/2024\/03\/Host_Icematic-32-683x1024.jpg\" alt=\"\" class=\"wp-image-12661\" srcset=\"https:\/\/icematic.eu\/app\/uploads\/2024\/03\/Host_Icematic-32-683x1024.jpg 683w, https:\/\/icematic.eu\/app\/uploads\/2024\/03\/Host_Icematic-32-200x300.jpg 200w, https:\/\/icematic.eu\/app\/uploads\/2024\/03\/Host_Icematic-32-768x1151.jpg 768w, https:\/\/icematic.eu\/app\/uploads\/2024\/03\/Host_Icematic-32-90x135.jpg 90w, https:\/\/icematic.eu\/app\/uploads\/2024\/03\/Host_Icematic-32-110x165.jpg 110w, https:\/\/icematic.eu\/app\/uploads\/2024\/03\/Host_Icematic-32-220x330.jpg 220w, https:\/\/icematic.eu\/app\/uploads\/2024\/03\/Host_Icematic-32-400x600.jpg 400w, https:\/\/icematic.eu\/app\/uploads\/2024\/03\/Host_Icematic-32-600x899.jpg 600w, https:\/\/icematic.eu\/app\/uploads\/2024\/03\/Host_Icematic-32-800x1199.jpg 800w, https:\/\/icematic.eu\/app\/uploads\/2024\/03\/Host_Icematic-32.jpg 1000w\" sizes=\"auto, (max-width: 683px) 100vw, 683px\" \/><\/figure>\n<\/div>\n<\/div>\n<\/section>\n\n\n\n<div class=\"inherit-container-width wp-block-group alignwide has-margin-bottom-l has-border-radius is-layout-constrained wp-block-group-is-layout-constrained\">\n<div class=\"wp-block-cover alignwide is-light\"><span aria-hidden=\"true\" class=\"wp-block-cover__background has-background-dim-10 has-background-dim\"><\/span><img loading=\"lazy\" decoding=\"async\" width=\"1980\" height=\"804\" class=\"wp-block-cover__image-background wp-image-12641\" alt=\"\" src=\"https:\/\/icematic.eu\/app\/uploads\/2024\/03\/Host_Icematic-36-copia.jpg\" data-object-fit=\"cover\" srcset=\"https:\/\/icematic.eu\/app\/uploads\/2024\/03\/Host_Icematic-36-copia.jpg 1980w, https:\/\/icematic.eu\/app\/uploads\/2024\/03\/Host_Icematic-36-copia-300x122.jpg 300w, https:\/\/icematic.eu\/app\/uploads\/2024\/03\/Host_Icematic-36-copia-1024x416.jpg 1024w, https:\/\/icematic.eu\/app\/uploads\/2024\/03\/Host_Icematic-36-copia-768x312.jpg 768w, https:\/\/icematic.eu\/app\/uploads\/2024\/03\/Host_Icematic-36-copia-1536x624.jpg 1536w, https:\/\/icematic.eu\/app\/uploads\/2024\/03\/Host_Icematic-36-copia-90x37.jpg 90w, https:\/\/icematic.eu\/app\/uploads\/2024\/03\/Host_Icematic-36-copia-110x45.jpg 110w, https:\/\/icematic.eu\/app\/uploads\/2024\/03\/Host_Icematic-36-copia-220x89.jpg 220w, https:\/\/icematic.eu\/app\/uploads\/2024\/03\/Host_Icematic-36-copia-400x162.jpg 400w, https:\/\/icematic.eu\/app\/uploads\/2024\/03\/Host_Icematic-36-copia-600x244.jpg 600w, https:\/\/icematic.eu\/app\/uploads\/2024\/03\/Host_Icematic-36-copia-800x325.jpg 800w, https:\/\/icematic.eu\/app\/uploads\/2024\/03\/Host_Icematic-36-copia-1000x406.jpg 1000w, https:\/\/icematic.eu\/app\/uploads\/2024\/03\/Host_Icematic-36-copia-1100x447.jpg 1100w, https:\/\/icematic.eu\/app\/uploads\/2024\/03\/Host_Icematic-36-copia-1200x487.jpg 1200w, https:\/\/icematic.eu\/app\/uploads\/2024\/03\/Host_Icematic-36-copia-1400x568.jpg 1400w, https:\/\/icematic.eu\/app\/uploads\/2024\/03\/Host_Icematic-36-copia-1600x650.jpg 1600w, https:\/\/icematic.eu\/app\/uploads\/2024\/03\/Host_Icematic-36-copia-1800x731.jpg 1800w\" sizes=\"auto, (max-width: 1980px) 100vw, 1980px\" \/><div class=\"wp-block-cover__inner-container is-layout-flow wp-block-cover-is-layout-flow\">\n<div class=\"wp-block-columns is-layout-flex wp-container-core-columns-is-layout-28f84493 wp-block-columns-is-layout-flex\">\n<div class=\"wp-block-column is-layout-flow wp-block-column-is-layout-flow\">\n<h2 class=\"wp-block-heading has-light-color has-text-color has-large-font-size\"><strong>Ice FLAVOUR est\u00e1 disponible para la l\u00ednea Cherry<\/strong><\/h2>\n\n\n\n<div class=\"wp-block-buttons remove-border is-layout-flex wp-block-buttons-is-layout-flex\">\n<div class=\"wp-block-button is-style-fill\"><a class=\"wp-block-button__link has-light-color has-cherry-background-color has-text-color has-background wp-element-button\" href=\"\/es\/productos\/cherry\/\">Descubre la l\u00ednea Cherry<\/a><\/div>\n<\/div>\n<\/div>\n\n\n\n<div class=\"wp-block-column is-layout-flow wp-block-column-is-layout-flow\"><\/div>\n<\/div>\n<\/div><\/div>\n<\/div>\n","protected":false},"excerpt":{"rendered":"<p>Ice FLAVOUR ICE FLAVOR es la nueva patente presentada por Icematic en la que se basa la creaci\u00f3n de m\u00e1quinas de hielo que pueden producir [&hellip;]<\/p>\n","protected":false},"author":6,"featured_media":0,"parent":0,"menu_order":0,"comment_status":"closed","ping_status":"closed","template":"","meta":{"_acf_changed":false,"inline_featured_image":false,"site-sidebar-layout":"default","site-content-layout":"","ast-site-content-layout":"default","site-content-style":"default","site-sidebar-style":"default","ast-global-header-display":"","ast-banner-title-visibility":"","ast-main-header-display":"","ast-hfb-above-header-display":"","ast-hfb-below-header-display":"","ast-hfb-mobile-header-display":"","site-post-title":"disabled","ast-breadcrumbs-content":"","ast-featured-img":"","footer-sml-layout":"","ast-disable-related-posts":"","theme-transparent-header-meta":"","adv-header-id-meta":"","stick-header-meta":"","header-above-stick-meta":"","header-main-stick-meta":"","header-below-stick-meta":"","astra-migrate-meta-layouts":"default","ast-page-background-enabled":"default","ast-page-background-meta":{"desktop":{"background-color":"var(--ast-global-color-4)","background-image":"","background-repeat":"repeat","background-position":"center center","background-size":"auto","background-attachment":"scroll","background-type":"","background-media":"","overlay-type":"","overlay-color":"","overlay-opacity":"","overlay-gradient":""},"tablet":{"background-color":"","background-image":"","background-repeat":"repeat","background-position":"center center","background-size":"auto","background-attachment":"scroll","background-type":"","background-media":"","overlay-type":"","overlay-color":"","overlay-opacity":"","overlay-gradient":""},"mobile":{"background-color":"","background-image":"","background-repeat":"repeat","background-position":"center center","background-size":"auto","background-attachment":"scroll","background-type":"","background-media":"","overlay-type":"","overlay-color":"","overlay-opacity":"","overlay-gradient":""}},"ast-content-background-meta":{"desktop":{"background-color":"var(--ast-global-color-5)","background-image":"","background-repeat":"repeat","background-position":"center center","background-size":"auto","background-attachment":"scroll","background-type":"","background-media":"","overlay-type":"","overlay-color":"","overlay-opacity":"","overlay-gradient":""},"tablet":{"background-color":"var(--ast-global-color-5)","background-image":"","background-repeat":"repeat","background-position":"center center","background-size":"auto","background-attachment":"scroll","background-type":"","background-media":"","overlay-type":"","overlay-color":"","overlay-opacity":"","overlay-gradient":""},"mobile":{"background-color":"var(--ast-global-color-5)","background-image":"","background-repeat":"repeat","background-position":"center center","background-size":"auto","background-attachment":"scroll","background-type":"","background-media":"","overlay-type":"","overlay-color":"","overlay-opacity":"","overlay-gradient":""}},"footnotes":""},"class_list":["post-12907","page","type-page","status-publish","hentry"],"acf":[],"_links":{"self":[{"href":"https:\/\/icematic.eu\/es\/wp-json\/wp\/v2\/pages\/12907","targetHints":{"allow":["GET"]}}],"collection":[{"href":"https:\/\/icematic.eu\/es\/wp-json\/wp\/v2\/pages"}],"about":[{"href":"https:\/\/icematic.eu\/es\/wp-json\/wp\/v2\/types\/page"}],"author":[{"embeddable":true,"href":"https:\/\/icematic.eu\/es\/wp-json\/wp\/v2\/users\/6"}],"replies":[{"embeddable":true,"href":"https:\/\/icematic.eu\/es\/wp-json\/wp\/v2\/comments?post=12907"}],"version-history":[{"count":5,"href":"https:\/\/icematic.eu\/es\/wp-json\/wp\/v2\/pages\/12907\/revisions"}],"predecessor-version":[{"id":12912,"href":"https:\/\/icematic.eu\/es\/wp-json\/wp\/v2\/pages\/12907\/revisions\/12912"}],"wp:attachment":[{"href":"https:\/\/icematic.eu\/es\/wp-json\/wp\/v2\/media?parent=12907"}],"curies":[{"name":"wp","href":"https:\/\/api.w.org\/{rel}","templated":true}]}}